{"id":585,"date":"2023-01-13T19:20:02","date_gmt":"2023-01-13T16:20:02","guid":{"rendered":"http:\/\/local.sadovod.ru\/?p=585"},"modified":"2024-04-07T20:46:00","modified_gmt":"2024-04-07T17:46:00","slug":"8-marta","status":"publish","type":"page","link":"https:\/\/sadovodtk.ru\/vi\/assortiment\/8-marta\/","title":{"rendered":"08 Th\u00e1ng 3"},"content":{"rendered":"<div data-elementor-type=\"wp-page\" data-elementor-id=\"585\" class=\"elementor elementor-585\">\n\t\t\t\t\t\t\t\t\t<section class=\"has_eae_slider elementor-section elementor-top-section elementor-element elementor-element-1fc65da5 elementor-section-full_width elementor-section-height-default elementor-section-height-default wpr-particle-no wpr-jarallax-no wpr-parallax-no wpr-sticky-section-no\" data-id=\"1fc65da5\" data-element_type=\"section\">\n\t\t\t\t\t\t<div class=\"elementor-container elementor-column-gap-default\">\n\t\t\t\t\t<div class=\"has_eae_slider elementor-column elementor-col-100 elementor-top-column elementor-element elementor-element-54f3c6af\" data-id=\"54f3c6af\" data-element_type=\"column\">\n\t\t\t<div class=\"elementor-widget-wrap elementor-element-populated\">\n\t\t\t\t\t\t\t\t<div class=\"elementor-element elementor-element-21ff0787 elementor-widget elementor-widget-html\" data-id=\"21ff0787\" data-element_type=\"widget\" data-widget_type=\"html.default\">\n\t\t\t\t<div class=\"elementor-widget-container\">\n\t\t\t\t\t\t<!-- Flexy Breadcrumb -->\r\n\t\t\t<div class=\"fbc fbc-page\">\r\n\r\n\t\t\t\t<!-- Breadcrumb wrapper -->\r\n\t\t\t\t<div class=\"fbc-wrap\">\r\n\r\n\t\t\t\t\t<!-- Ordered list-->\r\n\t\t\t\t\t<ol class=\"fbc-items\" itemscope itemtype=\"https:\/\/schema.org\/BreadcrumbList\">\r\n\t\t\t\t\t\t            <li itemprop=\"itemListElement\" itemscope itemtype=\"https:\/\/schema.org\/ListItem\">\r\n                <span itemprop=\"name\">\r\n                    <!-- Home Link -->\r\n                    <a itemprop=\"item\" href=\"https:\/\/sadovodtk.ru\">\r\n                    \r\n                        trang ch\u1ee7                    <\/a>\r\n                <\/span>\r\n                <meta itemprop=\"position\" content=\"1\" \/><!-- Meta Position-->\r\n             <\/li><li><span class=\"fbc-separator\">\/<\/span><\/li><li class=\"active\" itemprop=\"itemListElement\" itemscope itemtype=\"https:\/\/schema.org\/ListItem\"><span itemprop=\"name\" title=\"08 Th\u00e1ng 3\">08 Th\u00e1ng 3<\/span><meta itemprop=\"position\" content=\"2\" \/><\/li>\t\t\t\t\t<\/ol>\r\n\t\t\t\t\t<div class=\"clearfix\"><\/div>\r\n\t\t\t\t<\/div>\r\n\t\t\t<\/div>\r\n\t\t\t\t\t<\/div>\n\t\t\t\t<\/div>\n\t\t\t\t\t<\/div>\n\t\t<\/div>\n\t\t\t\t\t\t\t<\/div>\n\t\t<\/section>\n\t\t\t\t<section class=\"has_eae_slider elementor-section elementor-top-section elementor-element elementor-element-7f9a2646 elementor-section-full_width elementor-section-height-default elementor-section-height-default wpr-particle-no wpr-jarallax-no wpr-parallax-no wpr-sticky-section-no\" data-id=\"7f9a2646\" data-element_type=\"section\">\n\t\t\t\t\t\t<div class=\"elementor-container elementor-column-gap-default\">\n\t\t\t\t\t<div class=\"has_eae_slider elementor-column elementor-col-50 elementor-top-column elementor-element elementor-element-6f6d1646\" data-id=\"6f6d1646\" data-element_type=\"column\">\n\t\t\t<div class=\"elementor-widget-wrap elementor-element-populated\">\n\t\t\t\t\t\t\t\t<div class=\"elementor-element elementor-element-63e416ac elementor-widget elementor-widget-image\" data-id=\"63e416ac\" data-element_type=\"widget\" data-widget_type=\"image.default\">\n\t\t\t\t<div class=\"elementor-widget-container\">\n\t\t\t<style>\/*! elementor - v3.15.0 - 20-08-2023 *\/\n.elementor-widget-image{text-align:center}.elementor-widget-image a{display:inline-block}.elementor-widget-image a img[src$=\".svg\"]{width:48px}.elementor-widget-image img{vertical-align:middle;display:inline-block}<\/style>\t\t\t\t\t\t\t\t\t\t\t\t<img decoding=\"async\" src=\"https:\/\/sadovodtk.ru\/wp-content\/uploads\/2023\/01\/88veshevie_ryadi_sadovodtk.jpg\" title=\"88veshevie Ryadi Sadovodtk\" alt=\"88veshevie Ryadi Sadovodtk\" loading=\"lazy\" \/>\t\t\t\t\t\t\t\t\t\t\t\t\t\t\t<\/div>\n\t\t\t\t<\/div>\n\t\t\t\t\t<\/div>\n\t\t<\/div>\n\t\t\t\t<div class=\"has_eae_slider elementor-column elementor-col-50 elementor-top-column elementor-element elementor-element-24328b68\" data-id=\"24328b68\" data-element_type=\"column\">\n\t\t\t<div class=\"elementor-widget-wrap elementor-element-populated\">\n\t\t\t\t\t\t\t\t<div class=\"elementor-element elementor-element-95c6710 elementor-widget elementor-widget-heading\" data-id=\"95c6710\" data-element_type=\"widget\" data-widget_type=\"heading.default\">\n\t\t\t\t<div class=\"elementor-widget-container\">\n\t\t\t<style>\/*! elementor - v3.15.0 - 20-08-2023 *\/\n.elementor-heading-title{padding:0;margin:0;line-height:1}.elementor-widget-heading .elementor-heading-title[class*=elementor-size-]>a{color:inherit;font-size:inherit;line-height:inherit}.elementor-widget-heading .elementor-heading-title.elementor-size-small{font-size:15px}.elementor-widget-heading .elementor-heading-title.elementor-size-medium{font-size:19px}.elementor-widget-heading .elementor-heading-title.elementor-size-large{font-size:29px}.elementor-widget-heading .elementor-heading-title.elementor-size-xl{font-size:39px}.elementor-widget-heading .elementor-heading-title.elementor-size-xxl{font-size:59px}<\/style><h2 class=\"elementor-heading-title elementor-size-default\">08 Th\u00e1ng 3<\/h2>\t\t<\/div>\n\t\t\t\t<\/div>\n\t\t\t\t<div class=\"elementor-element elementor-element-5fdb6064 elementor-widget elementor-widget-text-editor\" data-id=\"5fdb6064\" data-element_type=\"widget\" data-widget_type=\"text-editor.default\">\n\t\t\t\t<div class=\"elementor-widget-container\">\n\t\t\t<style>\/*! elementor - v3.15.0 - 20-08-2023 *\/\n.elementor-widget-text-editor.elementor-drop-cap-view-stacked .elementor-drop-cap{background-color:#69727d;color:#fff}.elementor-widget-text-editor.elementor-drop-cap-view-framed .elementor-drop-cap{color:#69727d;border:3px solid;background-color:transparent}.elementor-widget-text-editor:not(.elementor-drop-cap-view-default) .elementor-drop-cap{margin-top:8px}.elementor-widget-text-editor:not(.elementor-drop-cap-view-default) .elementor-drop-cap-letter{width:1em;height:1em}.elementor-widget-text-editor .elementor-drop-cap{float:left;text-align:center;line-height:1;font-size:50px}.elementor-widget-text-editor .elementor-drop-cap-letter{display:inline-block}<\/style>\t\t\t\t<p>H\u00e0ng h\u00f3a cho ng\u00e0y l\u1ec5 \u201c8\/3\u201d n\u1eb1m \u1edf H\u00e0ng Qu\u1ea7n \u00e1o (trang 4), trong m\u1ee5c \u201c1000 \u0110i\u1ec1u Nh\u1ecf B\u00e9\u201d, c\u00e1c d\u00f2ng: 6,7,8,9 v\u00e0 13<\/p>\t\t\t\t\t\t<\/div>\n\t\t\t\t<\/div>\n\t\t\t\t<div class=\"elementor-element elementor-element-16289810 elementor-icon-list--layout-traditional elementor-list-item-link-full_width elementor-widget elementor-widget-icon-list\" data-id=\"16289810\" data-element_type=\"widget\" data-widget_type=\"icon-list.default\">\n\t\t\t\t<div class=\"elementor-widget-container\">\n\t\t\t<link rel=\"stylesheet\" href=\"https:\/\/sadovodtk.ru\/wp-content\/plugins\/elementor\/assets\/css\/widget-icon-list.min.css\">\t\t<ul class=\"elementor-icon-list-items\">\n\t\t\t\t\t\t\t<li class=\"elementor-icon-list-item\">\n\t\t\t\t\t\t\t\t\t\t\t<span class=\"elementor-icon-list-icon\">\n\t\t\t\t\t\t\t<i aria-hidden=\"true\" class=\"fas fa-check\"><\/i>\t\t\t\t\t\t<\/span>\n\t\t\t\t\t\t\t\t\t\t<span class=\"elementor-icon-list-text\">Bi\u1ec3u ng\u1eef v\u00f2ng hoa (\u201c8 th\u00e1ng 3\u201d, \u201cNg\u00e0y Qu\u1ed1c t\u1ebf Ph\u1ee5 n\u1eef\u201d)<\/span>\n\t\t\t\t\t\t\t\t\t<\/li>\n\t\t\t\t\t\t\t\t<li class=\"elementor-icon-list-item\">\n\t\t\t\t\t\t\t\t\t\t\t<span class=\"elementor-icon-list-icon\">\n\t\t\t\t\t\t\t<i aria-hidden=\"true\" class=\"fas fa-check\"><\/i>\t\t\t\t\t\t<\/span>\n\t\t\t\t\t\t\t\t\t\t<span class=\"elementor-icon-list-text\">\u00c1p ph\u00edch (\u201c8 th\u00e1ng 3\u201d, \u201cNg\u00e0y Qu\u1ed1c t\u1ebf Ph\u1ee5 n\u1eef\u201d, \u201cNg\u00e0y l\u1ec5 vui v\u1ebb\u201d)<\/span>\n\t\t\t\t\t\t\t\t\t<\/li>\n\t\t\t\t\t\t\t\t<li class=\"elementor-icon-list-item\">\n\t\t\t\t\t\t\t\t\t\t\t<span class=\"elementor-icon-list-icon\">\n\t\t\t\t\t\t\t<i aria-hidden=\"true\" class=\"fas fa-check\"><\/i>\t\t\t\t\t\t<\/span>\n\t\t\t\t\t\t\t\t\t\t<span class=\"elementor-icon-list-text\">B\u00f3ng bay (\u201cNg\u00e0y Qu\u1ed1c t\u1ebf Ph\u1ee5 n\u1eef\u201d, m\u00e0u s\u1eafc, ng\u00e0y l\u1ec5 vui v\u1ebb)<\/span>\n\t\t\t\t\t\t\t\t\t<\/li>\n\t\t\t\t\t\t\t\t<li class=\"elementor-icon-list-item\">\n\t\t\t\t\t\t\t\t\t\t\t<span class=\"elementor-icon-list-icon\">\n\t\t\t\t\t\t\t<i aria-hidden=\"true\" class=\"fas fa-check\"><\/i>\t\t\t\t\t\t<\/span>\n\t\t\t\t\t\t\t\t\t\t<span class=\"elementor-icon-list-text\">Gi\u1ea5y g\u00f3i<\/span>\n\t\t\t\t\t\t\t\t\t<\/li>\n\t\t\t\t\t\t\t\t<li class=\"elementor-icon-list-item\">\n\t\t\t\t\t\t\t\t\t\t\t<span class=\"elementor-icon-list-icon\">\n\t\t\t\t\t\t\t<i aria-hidden=\"true\" class=\"fas fa-check\"><\/i>\t\t\t\t\t\t<\/span>\n\t\t\t\t\t\t\t\t\t\t<span class=\"elementor-icon-list-text\">H\u1ed9p qu\u00e0 t\u1eb7ng<\/span>\n\t\t\t\t\t\t\t\t\t<\/li>\n\t\t\t\t\t\t\t\t<li class=\"elementor-icon-list-item\">\n\t\t\t\t\t\t\t\t\t\t\t<span class=\"elementor-icon-list-icon\">\n\t\t\t\t\t\t\t<i aria-hidden=\"true\" class=\"fas fa-check\"><\/i>\t\t\t\t\t\t<\/span>\n\t\t\t\t\t\t\t\t\t\t<span class=\"elementor-icon-list-text\">T\u00fai qu\u00e0<\/span>\n\t\t\t\t\t\t\t\t\t<\/li>\n\t\t\t\t\t\t\t\t<li class=\"elementor-icon-list-item\">\n\t\t\t\t\t\t\t\t\t\t\t<span class=\"elementor-icon-list-icon\">\n\t\t\t\t\t\t\t<i aria-hidden=\"true\" class=\"fas fa-check\"><\/i>\t\t\t\t\t\t<\/span>\n\t\t\t\t\t\t\t\t\t\t<span class=\"elementor-icon-list-text\">Nh\u1eefng m\u00f3n qu\u00e0 l\u01b0u ni\u1ec7m<\/span>\n\t\t\t\t\t\t\t\t\t<\/li>\n\t\t\t\t\t\t<\/ul>\n\t\t\t\t<\/div>\n\t\t\t\t<\/div>\n\t\t\t\t\t<\/div>\n\t\t<\/div>\n\t\t\t\t\t\t\t<\/div>\n\t\t<\/section>\n\t\t\t\t\t\t\t<\/div>","protected":false},"excerpt":{"rendered":"<p>S\u1ea3n ph\u1ea9m ng\u00e0y 8 th\u00e1ng 3 d\u00e0nh cho ng\u00e0y l\u1ec5 8 th\u00e1ng 3 n\u1eb1m tr\u00ean D\u00e3y qu\u1ea7n \u00e1o (trang 4), trong khu v\u1ef1c \u201c1000 \u0111i\u1ec1u nh\u1ecf nh\u1eb7t\u201d, c\u00e1c d\u00f2ng: 6,7,8,9 v\u00e0 13 V\u00f2ng hoa gi\u1ea5y (\u201cNg\u00e0y 8 th\u00e1ng 3\u201d, \u201cNg\u00e0y Qu\u1ed1c t\u1ebf Ph\u1ee5 n\u1eef\u201d) \u00c1p ph\u00edch (\u201cNg\u00e0y 8 th\u00e1ng 3\u201d, \u201cNg\u00e0y Qu\u1ed1c t\u1ebf Ph\u1ee5 n\u1eef\u201d, \u201cNg\u00e0y l\u1ec5 vui v\u1ebb\u201d) B\u00f3ng bay (\u201cNg\u00e0y Qu\u1ed1c t\u1ebf Ph\u1ee5 n\u1eef\u201d, m\u00e0u, ng\u00e0y l\u1ec5 vui v\u1ebb) Gi\u1ea5y g\u00f3i qu\u00e0 H\u1ed9p qu\u00e0 T\u00fai qu\u00e0 \u0110\u1ed3 l\u01b0u ni\u1ec7m<\/p>","protected":false},"author":1,"featured_media":0,"parent":3605,"menu_order":0,"comment_status":"closed","ping_status":"closed","template":"page-elementor.php","meta":[],"yoast_head":"<!-- This site is optimized with the Yoast SEO plugin v19.11 - https:\/\/yoast.com\/wordpress\/plugins\/seo\/ -->\n<title>8 \u043c\u0430\u0440\u0442\u0430 - \u0421\u0430\u0434\u043e\u0432\u043e\u0434<\/title>\n<meta name=\"description\" content=\"\u0422\u043e\u0440\u0433\u043e\u0432\u044b\u0439 \u043a\u043e\u043c\u043f\u043b\u0435\u043a\u0441 \u00ab\u0421\u0430\u0434\u043e\u0432\u043e\u0434\u00bb (\u0433. \u041c\u043e\u0441\u043a\u0432\u0430) \u2013 \u0443\u0436\u0435 \u0431\u043e\u043b\u0435\u0435 10-\u0442\u0438 \u043b\u0435\u0442 \u044f\u0432\u043b\u044f\u0435\u0442\u0441\u044f \u043a\u0440\u0443\u043f\u043d\u0435\u0439\u0448\u0438\u043c \u0432 \u0420\u043e\u0441\u0441\u0438\u0438 \u0446\u0435\u043d\u0442\u0440\u043e\u043c \u043e\u043f\u0442\u043e\u0432\u043e-\u0440\u043e\u0437\u043d\u0438\u0447\u043d\u043e\u0439 \u0442\u043e\u0440\u0433\u043e\u0432\u043b\u0438. \u041e\u0431\u0449\u0430\u044f \u043f\u043b\u043e\u0449\u0430\u0434\u044c \u0442\u0435\u0440\u0440\u0438\u0442\u043e\u0440\u0438\u0438 \u00ab\u0421\u0430\u0434\u043e\u0432\u043e\u0434\u0430\u00bb \u0441\u043e\u0441\u0442\u0430\u0432\u043b\u044f\u0435\u0442 \u0431\u043e\u043b\u0435\u0435 60 \u0413\u0430.\" \/>\n<meta name=\"robots\" content=\"index, follow, max-snippet:-1, max-image-preview:large, max-video-preview:-1\" \/>\n<link rel=\"canonical\" href=\"https:\/\/sadovodtk.ru\/vi\/news\/novosti\/8-marta\/\" \/>\n<meta property=\"og:locale\" content=\"vi_VN\" \/>\n<meta property=\"og:type\" content=\"article\" \/>\n<meta property=\"og:title\" content=\"8 \u043c\u0430\u0440\u0442\u0430 - \u0421\u0430\u0434\u043e\u0432\u043e\u0434\" \/>\n<meta property=\"og:description\" content=\"\u0422\u043e\u0440\u0433\u043e\u0432\u044b\u0439 \u043a\u043e\u043c\u043f\u043b\u0435\u043a\u0441 \u00ab\u0421\u0430\u0434\u043e\u0432\u043e\u0434\u00bb (\u0433. \u041c\u043e\u0441\u043a\u0432\u0430) \u2013 \u0443\u0436\u0435 \u0431\u043e\u043b\u0435\u0435 10-\u0442\u0438 \u043b\u0435\u0442 \u044f\u0432\u043b\u044f\u0435\u0442\u0441\u044f \u043a\u0440\u0443\u043f\u043d\u0435\u0439\u0448\u0438\u043c \u0432 \u0420\u043e\u0441\u0441\u0438\u0438 \u0446\u0435\u043d\u0442\u0440\u043e\u043c \u043e\u043f\u0442\u043e\u0432\u043e-\u0440\u043e\u0437\u043d\u0438\u0447\u043d\u043e\u0439 \u0442\u043e\u0440\u0433\u043e\u0432\u043b\u0438. \u041e\u0431\u0449\u0430\u044f \u043f\u043b\u043e\u0449\u0430\u0434\u044c \u0442\u0435\u0440\u0440\u0438\u0442\u043e\u0440\u0438\u0438 \u00ab\u0421\u0430\u0434\u043e\u0432\u043e\u0434\u0430\u00bb \u0441\u043e\u0441\u0442\u0430\u0432\u043b\u044f\u0435\u0442 \u0431\u043e\u043b\u0435\u0435 60 \u0413\u0430.\" \/>\n<meta property=\"og:url\" content=\"https:\/\/sadovodtk.ru\/vi\/news\/novosti\/8-marta\/\" \/>\n<meta property=\"og:site_name\" content=\"\u0421\u0430\u0434\u043e\u0432\u043e\u0434\" \/>\n<meta property=\"article:modified_time\" content=\"2024-04-07T17:46:00+00:00\" \/>\n<meta property=\"og:image\" content=\"https:\/\/sadovodtk.ru\/wp-content\/uploads\/2023\/01\/88veshevie_ryadi_sadovodtk.jpg\" \/>\n<meta name=\"twitter:card\" content=\"summary_large_image\" \/>\n<meta name=\"twitter:label1\" content=\"Est. reading time\" \/>\n\t<meta name=\"twitter:data1\" content=\"1 ph\u00fat\" \/>\n<script type=\"application\/ld+json\" class=\"yoast-schema-graph\">{\"@context\":\"https:\/\/schema.org\",\"@graph\":[{\"@type\":\"WebPage\",\"@id\":\"https:\/\/sadovodtk.ru\/assortiment\/8-marta\/\",\"url\":\"https:\/\/sadovodtk.ru\/assortiment\/8-marta\/\",\"name\":\"8 \u043c\u0430\u0440\u0442\u0430 - \u0421\u0430\u0434\u043e\u0432\u043e\u0434\",\"isPartOf\":{\"@id\":\"https:\/\/sadovodtk.ru\/#website\"},\"datePublished\":\"2023-01-13T16:20:02+00:00\",\"dateModified\":\"2024-04-07T17:46:00+00:00\",\"description\":\"\u0422\u043e\u0440\u0433\u043e\u0432\u044b\u0439 \u043a\u043e\u043c\u043f\u043b\u0435\u043a\u0441 \u00ab\u0421\u0430\u0434\u043e\u0432\u043e\u0434\u00bb (\u0433. \u041c\u043e\u0441\u043a\u0432\u0430) \u2013 \u0443\u0436\u0435 \u0431\u043e\u043b\u0435\u0435 10-\u0442\u0438 \u043b\u0435\u0442 \u044f\u0432\u043b\u044f\u0435\u0442\u0441\u044f \u043a\u0440\u0443\u043f\u043d\u0435\u0439\u0448\u0438\u043c \u0432 \u0420\u043e\u0441\u0441\u0438\u0438 \u0446\u0435\u043d\u0442\u0440\u043e\u043c \u043e\u043f\u0442\u043e\u0432\u043e-\u0440\u043e\u0437\u043d\u0438\u0447\u043d\u043e\u0439 \u0442\u043e\u0440\u0433\u043e\u0432\u043b\u0438. \u041e\u0431\u0449\u0430\u044f \u043f\u043b\u043e\u0449\u0430\u0434\u044c \u0442\u0435\u0440\u0440\u0438\u0442\u043e\u0440\u0438\u0438 \u00ab\u0421\u0430\u0434\u043e\u0432\u043e\u0434\u0430\u00bb \u0441\u043e\u0441\u0442\u0430\u0432\u043b\u044f\u0435\u0442 \u0431\u043e\u043b\u0435\u0435 60 \u0413\u0430.\",\"breadcrumb\":{\"@id\":\"https:\/\/sadovodtk.ru\/assortiment\/8-marta\/#breadcrumb\"},\"inLanguage\":\"vi\",\"potentialAction\":[{\"@type\":\"ReadAction\",\"target\":[\"https:\/\/sadovodtk.ru\/assortiment\/8-marta\/\"]}]},{\"@type\":\"BreadcrumbList\",\"@id\":\"https:\/\/sadovodtk.ru\/assortiment\/8-marta\/#breadcrumb\",\"itemListElement\":[{\"@type\":\"ListItem\",\"position\":1,\"name\":\"\u0413\u043b\u0430\u0432\u043d\u0430\u044f \u0441\u0442\u0440\u0430\u043d\u0438\u0446\u0430\",\"item\":\"https:\/\/sadovodtk.ru\/\"},{\"@type\":\"ListItem\",\"position\":2,\"name\":\"\u0410\u0441\u0441\u043e\u0440\u0442\u0438\u043c\u0435\u043d\u0442\",\"item\":\"https:\/\/sadovodtk.ru\/assortiment\/\"},{\"@type\":\"ListItem\",\"position\":3,\"name\":\"8 \u043c\u0430\u0440\u0442\u0430\"}]},{\"@type\":\"WebSite\",\"@id\":\"https:\/\/sadovodtk.ru\/#website\",\"url\":\"https:\/\/sadovodtk.ru\/\",\"name\":\"\u0422\u041a \u0421\u0430\u0434\u043e\u0432\u043e\u0434\",\"description\":\"\",\"potentialAction\":[{\"@type\":\"SearchAction\",\"target\":{\"@type\":\"EntryPoint\",\"urlTemplate\":\"https:\/\/sadovodtk.ru\/?s={search_term_string}\"},\"query-input\":\"required name=search_term_string\"}],\"inLanguage\":\"vi\"}]}<\/script>\n<!-- \/ Yoast SEO plugin. -->","yoast_head_json":{"title":"8 \u043c\u0430\u0440\u0442\u0430 - \u0421\u0430\u0434\u043e\u0432\u043e\u0434","description":"\u0422\u043e\u0440\u0433\u043e\u0432\u044b\u0439 \u043a\u043e\u043c\u043f\u043b\u0435\u043a\u0441 \u00ab\u0421\u0430\u0434\u043e\u0432\u043e\u0434\u00bb (\u0433. \u041c\u043e\u0441\u043a\u0432\u0430) \u2013 \u0443\u0436\u0435 \u0431\u043e\u043b\u0435\u0435 10-\u0442\u0438 \u043b\u0435\u0442 \u044f\u0432\u043b\u044f\u0435\u0442\u0441\u044f \u043a\u0440\u0443\u043f\u043d\u0435\u0439\u0448\u0438\u043c \u0432 \u0420\u043e\u0441\u0441\u0438\u0438 \u0446\u0435\u043d\u0442\u0440\u043e\u043c \u043e\u043f\u0442\u043e\u0432\u043e-\u0440\u043e\u0437\u043d\u0438\u0447\u043d\u043e\u0439 \u0442\u043e\u0440\u0433\u043e\u0432\u043b\u0438. \u041e\u0431\u0449\u0430\u044f \u043f\u043b\u043e\u0449\u0430\u0434\u044c \u0442\u0435\u0440\u0440\u0438\u0442\u043e\u0440\u0438\u0438 \u00ab\u0421\u0430\u0434\u043e\u0432\u043e\u0434\u0430\u00bb \u0441\u043e\u0441\u0442\u0430\u0432\u043b\u044f\u0435\u0442 \u0431\u043e\u043b\u0435\u0435 60 \u0413\u0430.","robots":{"index":"index","follow":"follow","max-snippet":"max-snippet:-1","max-image-preview":"max-image-preview:large","max-video-preview":"max-video-preview:-1"},"canonical":"https:\/\/sadovodtk.ru\/vi\/news\/novosti\/8-marta\/","og_locale":"vi_VN","og_type":"article","og_title":"8 \u043c\u0430\u0440\u0442\u0430 - \u0421\u0430\u0434\u043e\u0432\u043e\u0434","og_description":"\u0422\u043e\u0440\u0433\u043e\u0432\u044b\u0439 \u043a\u043e\u043c\u043f\u043b\u0435\u043a\u0441 \u00ab\u0421\u0430\u0434\u043e\u0432\u043e\u0434\u00bb (\u0433. \u041c\u043e\u0441\u043a\u0432\u0430) \u2013 \u0443\u0436\u0435 \u0431\u043e\u043b\u0435\u0435 10-\u0442\u0438 \u043b\u0435\u0442 \u044f\u0432\u043b\u044f\u0435\u0442\u0441\u044f \u043a\u0440\u0443\u043f\u043d\u0435\u0439\u0448\u0438\u043c \u0432 \u0420\u043e\u0441\u0441\u0438\u0438 \u0446\u0435\u043d\u0442\u0440\u043e\u043c \u043e\u043f\u0442\u043e\u0432\u043e-\u0440\u043e\u0437\u043d\u0438\u0447\u043d\u043e\u0439 \u0442\u043e\u0440\u0433\u043e\u0432\u043b\u0438. \u041e\u0431\u0449\u0430\u044f \u043f\u043b\u043e\u0449\u0430\u0434\u044c \u0442\u0435\u0440\u0440\u0438\u0442\u043e\u0440\u0438\u0438 \u00ab\u0421\u0430\u0434\u043e\u0432\u043e\u0434\u0430\u00bb \u0441\u043e\u0441\u0442\u0430\u0432\u043b\u044f\u0435\u0442 \u0431\u043e\u043b\u0435\u0435 60 \u0413\u0430.","og_url":"https:\/\/sadovodtk.ru\/vi\/news\/novosti\/8-marta\/","og_site_name":"\u0421\u0430\u0434\u043e\u0432\u043e\u0434","article_modified_time":"2024-04-07T17:46:00+00:00","og_image":[{"url":"https:\/\/sadovodtk.ru\/wp-content\/uploads\/2023\/01\/88veshevie_ryadi_sadovodtk.jpg"}],"twitter_card":"summary_large_image","twitter_misc":{"Est. reading time":"1 ph\u00fat"},"schema":{"@context":"https:\/\/schema.org","@graph":[{"@type":"WebPage","@id":"https:\/\/sadovodtk.ru\/assortiment\/8-marta\/","url":"https:\/\/sadovodtk.ru\/assortiment\/8-marta\/","name":"8 \u043c\u0430\u0440\u0442\u0430 - \u0421\u0430\u0434\u043e\u0432\u043e\u0434","isPartOf":{"@id":"https:\/\/sadovodtk.ru\/#website"},"datePublished":"2023-01-13T16:20:02+00:00","dateModified":"2024-04-07T17:46:00+00:00","description":"\u0422\u043e\u0440\u0433\u043e\u0432\u044b\u0439 \u043a\u043e\u043c\u043f\u043b\u0435\u043a\u0441 \u00ab\u0421\u0430\u0434\u043e\u0432\u043e\u0434\u00bb (\u0433. \u041c\u043e\u0441\u043a\u0432\u0430) \u2013 \u0443\u0436\u0435 \u0431\u043e\u043b\u0435\u0435 10-\u0442\u0438 \u043b\u0435\u0442 \u044f\u0432\u043b\u044f\u0435\u0442\u0441\u044f \u043a\u0440\u0443\u043f\u043d\u0435\u0439\u0448\u0438\u043c \u0432 \u0420\u043e\u0441\u0441\u0438\u0438 \u0446\u0435\u043d\u0442\u0440\u043e\u043c \u043e\u043f\u0442\u043e\u0432\u043e-\u0440\u043e\u0437\u043d\u0438\u0447\u043d\u043e\u0439 \u0442\u043e\u0440\u0433\u043e\u0432\u043b\u0438. \u041e\u0431\u0449\u0430\u044f \u043f\u043b\u043e\u0449\u0430\u0434\u044c \u0442\u0435\u0440\u0440\u0438\u0442\u043e\u0440\u0438\u0438 \u00ab\u0421\u0430\u0434\u043e\u0432\u043e\u0434\u0430\u00bb \u0441\u043e\u0441\u0442\u0430\u0432\u043b\u044f\u0435\u0442 \u0431\u043e\u043b\u0435\u0435 60 \u0413\u0430.","breadcrumb":{"@id":"https:\/\/sadovodtk.ru\/assortiment\/8-marta\/#breadcrumb"},"inLanguage":"vi","potentialAction":[{"@type":"ReadAction","target":["https:\/\/sadovodtk.ru\/assortiment\/8-marta\/"]}]},{"@type":"BreadcrumbList","@id":"https:\/\/sadovodtk.ru\/assortiment\/8-marta\/#breadcrumb","itemListElement":[{"@type":"ListItem","position":1,"name":"\u0413\u043b\u0430\u0432\u043d\u0430\u044f \u0441\u0442\u0440\u0430\u043d\u0438\u0446\u0430","item":"https:\/\/sadovodtk.ru\/"},{"@type":"ListItem","position":2,"name":"\u0410\u0441\u0441\u043e\u0440\u0442\u0438\u043c\u0435\u043d\u0442","item":"https:\/\/sadovodtk.ru\/assortiment\/"},{"@type":"ListItem","position":3,"name":"8 \u043c\u0430\u0440\u0442\u0430"}]},{"@type":"WebSite","@id":"https:\/\/sadovodtk.ru\/#website","url":"https:\/\/sadovodtk.ru\/","name":"\u0422\u041a \u0421\u0430\u0434\u043e\u0432\u043e\u0434","description":"","potentialAction":[{"@type":"SearchAction","target":{"@type":"EntryPoint","urlTemplate":"https:\/\/sadovodtk.ru\/?s={search_term_string}"},"query-input":"required name=search_term_string"}],"inLanguage":"vi"}]}},"_links":{"self":[{"href":"https:\/\/sadovodtk.ru\/vi\/wp-json\/wp\/v2\/pages\/585"}],"collection":[{"href":"https:\/\/sadovodtk.ru\/vi\/wp-json\/wp\/v2\/pages"}],"about":[{"href":"https:\/\/sadovodtk.ru\/vi\/wp-json\/wp\/v2\/types\/page"}],"author":[{"embeddable":true,"href":"https:\/\/sadovodtk.ru\/vi\/wp-json\/wp\/v2\/users\/1"}],"replies":[{"embeddable":true,"href":"https:\/\/sadovodtk.ru\/vi\/wp-json\/wp\/v2\/comments?post=585"}],"version-history":[{"count":5,"href":"https:\/\/sadovodtk.ru\/vi\/wp-json\/wp\/v2\/pages\/585\/revisions"}],"predecessor-version":[{"id":4065,"href":"https:\/\/sadovodtk.ru\/vi\/wp-json\/wp\/v2\/pages\/585\/revisions\/4065"}],"up":[{"embeddable":true,"href":"https:\/\/sadovodtk.ru\/vi\/wp-json\/wp\/v2\/pages\/3605"}],"wp:attachment":[{"href":"https:\/\/sadovodtk.ru\/vi\/wp-json\/wp\/v2\/media?parent=585"}],"curies":[{"name":"wp","href":"https:\/\/api.w.org\/{rel}","templated":true}]}}