{"id":54,"date":"2022-12-16T04:03:41","date_gmt":"2022-12-16T01:03:41","guid":{"rendered":"http:\/\/local.sadovod.ru\/?page_id=54"},"modified":"2024-09-26T15:54:43","modified_gmt":"2024-09-26T12:54:43","slug":"vacancies","status":"publish","type":"page","link":"https:\/\/sadovodtk.ru\/vi\/vacancies\/","title":{"rendered":"C\u00e1c v\u1ecb tr\u00ed tuy\u1ec3n d\u1ee5ng trong TC &quot;NG\u01af\u1edcI L\u00c0M V\u01af\u1edcN&quot;"},"content":{"rendered":"<div data-elementor-type=\"wp-page\" data-elementor-id=\"54\" class=\"elementor elementor-54\">\n\t\t\t\t\t\t\t\t\t<section class=\"has_eae_slider elementor-section elementor-top-section elementor-element elementor-element-6be1c23a elementor-section-full_width elementor-hidden-mobile elementor-section-height-default elementor-section-height-default wpr-particle-no wpr-jarallax-no wpr-parallax-no wpr-sticky-section-no\" data-id=\"6be1c23a\" data-element_type=\"section\">\n\t\t\t\t\t\t<div class=\"elementor-container elementor-column-gap-default\">\n\t\t\t\t\t<div class=\"has_eae_slider elementor-column elementor-col-100 elementor-top-column elementor-element elementor-element-71a86d33\" data-id=\"71a86d33\" data-element_type=\"column\">\n\t\t\t<div class=\"elementor-widget-wrap elementor-element-populated\">\n\t\t\t\t\t\t\t\t<div class=\"elementor-element elementor-element-3f5bfb45 elementor-widget elementor-widget-html\" data-id=\"3f5bfb45\" data-element_type=\"widget\" data-widget_type=\"html.default\">\n\t\t\t\t<div class=\"elementor-widget-container\">\n\t\t\t\t\t\t<!-- Flexy Breadcrumb -->\r\n\t\t\t<div class=\"fbc fbc-page\">\r\n\r\n\t\t\t\t<!-- Breadcrumb wrapper -->\r\n\t\t\t\t<div class=\"fbc-wrap\">\r\n\r\n\t\t\t\t\t<!-- Ordered list-->\r\n\t\t\t\t\t<ol class=\"fbc-items\" itemscope itemtype=\"https:\/\/schema.org\/BreadcrumbList\">\r\n\t\t\t\t\t\t            <li itemprop=\"itemListElement\" itemscope itemtype=\"https:\/\/schema.org\/ListItem\">\r\n                <span itemprop=\"name\">\r\n                    <!-- Home Link -->\r\n                    <a itemprop=\"item\" href=\"https:\/\/sadovodtk.ru\">\r\n                    \r\n                        trang ch\u1ee7                    <\/a>\r\n                <\/span>\r\n                <meta itemprop=\"position\" content=\"1\" \/><!-- Meta Position-->\r\n             <\/li><li><span class=\"fbc-separator\">\/<\/span><\/li><li class=\"active\" itemprop=\"itemListElement\" itemscope itemtype=\"https:\/\/schema.org\/ListItem\"><span itemprop=\"name\" title=\"C\u00e1c v\u1ecb tr\u00ed tuy\u1ec3n d\u1ee5ng trong TC &quot;NG\u01af\u1edcI L\u00c0M V\u01af\u1edcN&quot;\">C\u00e1c v\u1ecb tr\u00ed tuy\u1ec3n d\u1ee5ng trong TC &quot;NG\u01af\u1edcI L\u00c0M V\u01af\u1edcN&quot;<\/span><meta itemprop=\"position\" content=\"2\" \/><\/li>\t\t\t\t\t<\/ol>\r\n\t\t\t\t\t<div class=\"clearfix\"><\/div>\r\n\t\t\t\t<\/div>\r\n\t\t\t<\/div>\r\n\t\t\t\t\t<\/div>\n\t\t\t\t<\/div>\n\t\t\t\t\t<\/div>\n\t\t<\/div>\n\t\t\t\t\t\t\t<\/div>\n\t\t<\/section>\n\t\t\t\t<section class=\"has_eae_slider elementor-section elementor-top-section elementor-element elementor-element-410bdf61 elementor-section-full_width elementor-section-height-default elementor-section-height-default wpr-particle-no wpr-jarallax-no wpr-parallax-no wpr-sticky-section-no\" data-id=\"410bdf61\" data-element_type=\"section\">\n\t\t\t\t\t\t<div class=\"elementor-container elementor-column-gap-default\">\n\t\t\t\t\t<div class=\"has_eae_slider elementor-column elementor-col-33 elementor-top-column elementor-element elementor-element-37e09679\" data-id=\"37e09679\" data-element_type=\"column\">\n\t\t\t<div class=\"elementor-widget-wrap elementor-element-populated\">\n\t\t\t\t\t\t\t\t<div class=\"elementor-element elementor-element-676e31c1 elementor-widget elementor-widget-heading\" data-id=\"676e31c1\" data-element_type=\"widget\" data-widget_type=\"heading.default\">\n\t\t\t\t<div class=\"elementor-widget-container\">\n\t\t\t<style>\/*! elementor - v3.15.0 - 20-08-2023 *\/\n.elementor-heading-title{padding:0;margin:0;line-height:1}.elementor-widget-heading .elementor-heading-title[class*=elementor-size-]>a{color:inherit;font-size:inherit;line-height:inherit}.elementor-widget-heading .elementor-heading-title.elementor-size-small{font-size:15px}.elementor-widget-heading .elementor-heading-title.elementor-size-medium{font-size:19px}.elementor-widget-heading .elementor-heading-title.elementor-size-large{font-size:29px}.elementor-widget-heading .elementor-heading-title.elementor-size-xl{font-size:39px}.elementor-widget-heading .elementor-heading-title.elementor-size-xxl{font-size:59px}<\/style><h2 class=\"elementor-heading-title elementor-size-default\">C\u00e1c v\u1ecb tr\u00ed tuy\u1ec3n d\u1ee5ng trong TC &quot;NG\u01af\u1edcI L\u00c0M V\u01af\u1edcN&quot;<\/h2>\t\t<\/div>\n\t\t\t\t<\/div>\n\t\t\t\t<div class=\"elementor-element elementor-element-1fc51442 elementor-drop-cap-yes elementor-drop-cap-view-default elementor-widget elementor-widget-text-editor\" data-id=\"1fc51442\" data-element_type=\"widget\" data-settings=\"{&quot;drop_cap&quot;:&quot;yes&quot;}\" data-widget_type=\"text-editor.default\">\n\t\t\t\t<div class=\"elementor-widget-container\">\n\t\t\t<style>\/*! elementor - v3.15.0 - 20-08-2023 *\/\n.elementor-widget-text-editor.elementor-drop-cap-view-stacked .elementor-drop-cap{background-color:#69727d;color:#fff}.elementor-widget-text-editor.elementor-drop-cap-view-framed .elementor-drop-cap{color:#69727d;border:3px solid;background-color:transparent}.elementor-widget-text-editor:not(.elementor-drop-cap-view-default) .elementor-drop-cap{margin-top:8px}.elementor-widget-text-editor:not(.elementor-drop-cap-view-default) .elementor-drop-cap-letter{width:1em;height:1em}.elementor-widget-text-editor .elementor-drop-cap{float:left;text-align:center;line-height:1;font-size:50px}.elementor-widget-text-editor .elementor-drop-cap-letter{display:inline-block}<\/style>\t\t\t\t<p><br><\/p><p>Khu ph\u1ee9c h\u1ee3p mua s\u1eafm Sadovod l\u00e0 trung t\u00e2m th\u01b0\u01a1ng m\u1ea1i b\u00e1n bu\u00f4n v\u00e0 b\u00e1n l\u1ebb l\u1edbn nh\u1ea5t \u1edf Nga trong g\u1ea7n 30 n\u0103m.<\/p><p><br><\/p>\n<p>B\u1ea1n c\u00f3 th\u1ec3 g\u1eedi s\u01a1 y\u1ebfu l\u00fd l\u1ecbch c\u1ee7a m\u00ecnh b\u1eb1ng c\u00e1ch \u0111i\u1ec1n v\u00e0o bi\u1ec3u m\u1eabu ho\u1eb7c n\u1ed9p \u0111\u01a1n xin vi\u1ec7c tr\u00ean c\u1ed5ng th\u00f4ng tin hh.ru<\/p>\t\t\t\t\t\t<\/div>\n\t\t\t\t<\/div>\n\t\t\t\t\t<\/div>\n\t\t<\/div>\n\t\t\t\t<div class=\"has_eae_slider elementor-column elementor-col-33 elementor-top-column elementor-element elementor-element-91d2807\" data-id=\"91d2807\" data-element_type=\"column\">\n\t\t\t<div class=\"elementor-widget-wrap elementor-element-populated\">\n\t\t\t\t\t\t\t\t<div class=\"elementor-element elementor-element-500295d elementor-widget elementor-widget-html\" data-id=\"500295d\" data-element_type=\"widget\" data-widget_type=\"html.default\">\n\t\t\t\t<div class=\"elementor-widget-container\">\n\t\t\t<script class=\"hh-script\" src=\"https:\/\/api.hh.ru\/widgets\/vacancies\/employer?employer_id=3440029&locale=RU&links_color=1560b2&border_color=1560b2\"><\/script>\t\t<\/div>\n\t\t\t\t<\/div>\n\t\t\t\t\t<\/div>\n\t\t<\/div>\n\t\t\t\t<div class=\"has_eae_slider elementor-column elementor-col-33 elementor-top-column elementor-element elementor-element-34b47c\" data-id=\"34b47c\" data-element_type=\"column\">\n\t\t\t<div class=\"elementor-widget-wrap elementor-element-populated\">\n\t\t\t\t\t\t\t\t<section class=\"has_eae_slider elementor-section elementor-inner-section elementor-element elementor-element-971e43e elementor-section-boxed elementor-section-height-default elementor-section-height-default wpr-particle-no wpr-jarallax-no wpr-parallax-no wpr-sticky-section-no\" data-id=\"971e43e\" data-element_type=\"section\">\n\t\t\t\t\t\t<div class=\"elementor-container elementor-column-gap-default\">\n\t\t\t\t\t<div class=\"has_eae_slider elementor-column elementor-col-100 elementor-inner-column elementor-element elementor-element-56df776\" data-id=\"56df776\" data-element_type=\"column\">\n\t\t\t<div class=\"elementor-widget-wrap elementor-element-populated\">\n\t\t\t\t\t\t\t\t<div class=\"elementor-element elementor-element-ea78d1b elementor-widget elementor-widget-html\" data-id=\"ea78d1b\" data-element_type=\"widget\" data-widget_type=\"html.default\">\n\t\t\t\t<div class=\"elementor-widget-container\">\n\t\t\t<!--noindex-->\n<form action=\"\" class=\"form form_callback\" data-trp-original-action=\"\">\n            <div class=\"form__title\">Xin vi\u1ec7c<\/div>\n    \n    <div class=\"form__grid\">\n        <input name=\"form_mailto\" type=\"hidden\" value=\"polkovnikov@sadovodtk.ru\">\n        <input name=\"form_page\" type=\"hidden\" value=\"sadovodtk.ru\/vi\/wp-json\/wp\/v2\/pages\/54\">\n\n        <input class=\"form__input\" name=\"form_name\" type=\"text\" placeholder=\"H\u1ecd v\u00e0 t\u00ean\" required maxlength=\"100\" pattern=\"[^0-9]*\">\n        <input class=\"form__input\" name=\"form_email\" type=\"email\" placeholder=\"E-mail\" required>\n        <input class=\"form__input input-phone-mask\" name=\"form_phone\" type=\"tel\" placeholder=\"+7 (___) ___ __ __\" pattern=\"[+]7 [(][0-9]{3}[)] [0-9]{3} [0-9]{2} [0-9]{2}\" required>\n        <textarea class=\"form__input form__input_textarea\" name=\"form_message\" cols=\"30\" rows=\"10\" placeholder=\"Tin nh\u1eafn\" required minlength=\"15\"><\/textarea>\n\n        <div class=\"form__input_file input-file\">\n                        <!-- eng version: data-multiple-caption=\"{count} files selected\" -->\n            <input type=\"file\" name=\"form_file[]\" id=\"file69dbc7af6e8f4\" class=\"input-file__file\" data-multiple-caption=\"\u041a\u043e\u043b\u0438\u0447\u0435\u0441\u0442\u0432\u043e \u0444\u0430\u0439\u043b\u043e\u0432: {count}\" multiple \/>\n            <label class=\"input-file__label\" for=\"file69dbc7af6e8f4\">\n                <span class=\"input-file__label-content\">\n                    <span class=\"input-file__plus\">\n                        <svg xmlns=\"http:\/\/www.w3.org\/2000\/svg\" width=\"24\" height=\"24\" viewbox=\"0 0 24 24\" fill=\"none\">\n                            <path d=\"M19 11H13V5C13 4.73478 12.8946 4.48043 12.7071 4.29289C12.5196 4.10536 12.2652 4 12 4C11.7348 4 11.4804 4.10536 11.2929 4.29289C11.1054 4.48043 11 4.73478 11 5V11H5C4.73478 11 4.48043 11.1054 4.29289 11.2929C4.10536 11.4804 4 11.7348 4 12C4 12.2652 4.10536 12.5196 4.29289 12.7071C4.48043 12.8946 4.73478 13 5 13H11V19C11 19.2652 11.1054 19.5196 11.2929 19.7071C11.4804 19.8946 11.7348 20 12 20C12.2652 20 12.5196 19.8946 12.7071 19.7071C12.8946 19.5196 13 19.2652 13 19V13H19C19.2652 13 19.5196 12.8946 19.7071 12.7071C19.8946 12.5196 20 12.2652 20 12C20 11.7348 19.8946 11.4804 19.7071 11.2929C19.5196 11.1054 19.2652 11 19 11Z\" fill=\"#2E1115\"\/>\n                        <\/svg>\n                    <\/span>\n                    <span>K\u00e9o ho\u1eb7c nh\u1ea5p \u0111\u1ec3 th\u00eam t\u1ec7p<\/span>\n                <\/span>\n            <\/label>\n        <\/div>\n    <\/div>\n    \n<div class=\"form-policy\">\n    <input type=\"checkbox\" id=\"form-policy69dbc7af6e938\" class=\"form-policy__checkbox\" checked>\n    <label for=\"form-policy69dbc7af6e938\" class=\"form-policy__label\">\n        B\u1eb1ng c\u00e1ch nh\u1ea5p v\u00e0o n\u00fat &quot;G\u1eedi tin nh\u1eafn&quot;, b\u1ea1n \u0111\u1ed3ng \u00fd v\u1edbi <a href=\"https:\/\/sadovodtk.ru\/vi\/privacy-policy\/\" style=\"text-decoration: underline\">Ch\u00ednh s\u00e1ch b\u1ea3o m\u1eadt<\/a>.\n    <\/label>\n<\/div>    <div class=\"form__error\">Ch\u1ecdn m\u1ed9t ch\u1ee7 \u0111\u1ec1<\/div>\n    <div class=\"form__bottom form__bottom_reverse\">\n                    <img class=\"form__logo\" src=\"https:\/\/sadovodtk.ru\/wp-content\/uploads\/2022\/12\/logo.svg\" alt=\"logo\" loading=\"lazy\">\n        \n        <input class=\"form__submit button\" type=\"submit\" value=\"G\u1eedi tin nh\u1eafn\">\n    <\/div>\n<input type=\"hidden\" name=\"trp-form-language\" value=\"vi\"\/><\/form>\n<!--\/noindex--> \t\t<\/div>\n\t\t\t\t<\/div>\n\t\t\t\t\t<\/div>\n\t\t<\/div>\n\t\t\t\t\t\t\t<\/div>\n\t\t<\/section>\n\t\t\t\t\t<\/div>\n\t\t<\/div>\n\t\t\t\t\t\t\t<\/div>\n\t\t<\/section>\n\t\t\t\t\t\t\t<\/div>","protected":false},"excerpt":{"rendered":"<p>Tuy\u1ec3n d\u1ee5ng t\u1ea1i TC &quot;SADOVOD&quot; Khu ph\u1ee9c h\u1ee3p mua s\u1eafm &quot;Sadovod&quot; l\u00e0 trung t\u00e2m th\u01b0\u01a1ng m\u1ea1i b\u00e1n bu\u00f4n v\u00e0 b\u00e1n l\u1ebb l\u1edbn nh\u1ea5t n\u01b0\u1edbc Nga trong g\u1ea7n 30 n\u0103m qua. B\u1ea1n c\u00f3 th\u1ec3 g\u1eedi h\u1ed3 s\u01a1 b\u1eb1ng c\u00e1ch \u0111i\u1ec1n v\u00e0o m\u1eabu \u0111\u01a1n ho\u1eb7c ph\u1ea3n h\u1ed3i th\u00f4ng tin tuy\u1ec3n d\u1ee5ng tr\u00ean c\u1ed5ng th\u00f4ng tin hh.ru<\/p>","protected":false},"author":1,"featured_media":0,"parent":0,"menu_order":0,"comment_status":"closed","ping_status":"closed","template":"page-elementor.php","meta":[],"yoast_head":"<!-- This site is optimized with the Yoast SEO plugin v19.11 - https:\/\/yoast.com\/wordpress\/plugins\/seo\/ -->\n<title>\u0412\u0430\u043a\u0430\u043d\u0441\u0438\u0438 \u0432 \u0422\u041a \u00ab\u0421\u0410\u0414\u041e\u0412\u041e\u0414\u00bb - \u0421\u0430\u0434\u043e\u0432\u043e\u0434<\/title>\n<meta name=\"description\" content=\"\u0422\u043e\u0440\u0433\u043e\u0432\u044b\u0439 \u043a\u043e\u043c\u043f\u043b\u0435\u043a\u0441 \u00ab\u0421\u0430\u0434\u043e\u0432\u043e\u0434\u00bb (\u0433. \u041c\u043e\u0441\u043a\u0432\u0430) \u2013 \u0443\u0436\u0435 \u043f\u043e\u0447\u0442\u0438 30 \u043b\u0435\u0442 \u044f\u0432\u043b\u044f\u0435\u0442\u0441\u044f \u043a\u0440\u0443\u043f\u043d\u0435\u0439\u0448\u0438\u043c \u0432 \u0420\u043e\u0441\u0441\u0438\u0438 \u0446\u0435\u043d\u0442\u0440\u043e\u043c \u043e\u043f\u0442\u043e\u0432\u043e-\u0440\u043e\u0437\u043d\u0438\u0447\u043d\u043e\u0439 \u0442\u043e\u0440\u0433\u043e\u0432\u043b\u0438. \u041e\u0431\u0449\u0430\u044f \u043f\u043b\u043e\u0449\u0430\u0434\u044c \u0442\u0435\u0440\u0440\u0438\u0442\u043e\u0440\u0438\u0438 \u00ab\u0421\u0430\u0434\u043e\u0432\u043e\u0434\u0430\u00bb \u0441\u043e\u0441\u0442\u0430\u0432\u043b\u044f\u0435\u0442 \u0431\u043e\u043b\u0435\u0435 60 \u0433\u0430.\" \/>\n<meta name=\"robots\" content=\"index, follow, max-snippet:-1, max-image-preview:large, max-video-preview:-1\" \/>\n<link rel=\"canonical\" href=\"https:\/\/sadovodtk.ru\/vi\/vacancies\/\" \/>\n<meta property=\"og:locale\" content=\"vi_VN\" \/>\n<meta property=\"og:type\" content=\"article\" \/>\n<meta property=\"og:title\" content=\"\u0412\u0430\u043a\u0430\u043d\u0441\u0438\u0438 \u0432 \u0422\u041a \u00ab\u0421\u0410\u0414\u041e\u0412\u041e\u0414\u00bb - \u0421\u0430\u0434\u043e\u0432\u043e\u0434\" \/>\n<meta property=\"og:description\" content=\"\u0422\u043e\u0440\u0433\u043e\u0432\u044b\u0439 \u043a\u043e\u043c\u043f\u043b\u0435\u043a\u0441 \u00ab\u0421\u0430\u0434\u043e\u0432\u043e\u0434\u00bb (\u0433. \u041c\u043e\u0441\u043a\u0432\u0430) \u2013 \u0443\u0436\u0435 \u043f\u043e\u0447\u0442\u0438 30 \u043b\u0435\u0442 \u044f\u0432\u043b\u044f\u0435\u0442\u0441\u044f \u043a\u0440\u0443\u043f\u043d\u0435\u0439\u0448\u0438\u043c \u0432 \u0420\u043e\u0441\u0441\u0438\u0438 \u0446\u0435\u043d\u0442\u0440\u043e\u043c \u043e\u043f\u0442\u043e\u0432\u043e-\u0440\u043e\u0437\u043d\u0438\u0447\u043d\u043e\u0439 \u0442\u043e\u0440\u0433\u043e\u0432\u043b\u0438. \u041e\u0431\u0449\u0430\u044f \u043f\u043b\u043e\u0449\u0430\u0434\u044c \u0442\u0435\u0440\u0440\u0438\u0442\u043e\u0440\u0438\u0438 \u00ab\u0421\u0430\u0434\u043e\u0432\u043e\u0434\u0430\u00bb \u0441\u043e\u0441\u0442\u0430\u0432\u043b\u044f\u0435\u0442 \u0431\u043e\u043b\u0435\u0435 60 \u0433\u0430.\" \/>\n<meta property=\"og:url\" content=\"https:\/\/sadovodtk.ru\/vi\/vacancies\/\" \/>\n<meta property=\"og:site_name\" content=\"\u0421\u0430\u0434\u043e\u0432\u043e\u0434\" \/>\n<meta property=\"article:modified_time\" content=\"2024-09-26T12:54:43+00:00\" \/>\n<meta name=\"twitter:card\" content=\"summary_large_image\" \/>\n<meta name=\"twitter:label1\" content=\"Est. reading time\" \/>\n\t<meta name=\"twitter:data1\" content=\"1 ph\u00fat\" \/>\n<script type=\"application\/ld+json\" class=\"yoast-schema-graph\">{\"@context\":\"https:\/\/schema.org\",\"@graph\":[{\"@type\":\"WebPage\",\"@id\":\"https:\/\/sadovodtk.ru\/vacancies\/\",\"url\":\"https:\/\/sadovodtk.ru\/vacancies\/\",\"name\":\"\u0412\u0430\u043a\u0430\u043d\u0441\u0438\u0438 \u0432 \u0422\u041a \u00ab\u0421\u0410\u0414\u041e\u0412\u041e\u0414\u00bb - \u0421\u0430\u0434\u043e\u0432\u043e\u0434\",\"isPartOf\":{\"@id\":\"https:\/\/sadovodtk.ru\/#website\"},\"datePublished\":\"2022-12-16T01:03:41+00:00\",\"dateModified\":\"2024-09-26T12:54:43+00:00\",\"description\":\"\u0422\u043e\u0440\u0433\u043e\u0432\u044b\u0439 \u043a\u043e\u043c\u043f\u043b\u0435\u043a\u0441 \u00ab\u0421\u0430\u0434\u043e\u0432\u043e\u0434\u00bb (\u0433. \u041c\u043e\u0441\u043a\u0432\u0430) \u2013 \u0443\u0436\u0435 \u043f\u043e\u0447\u0442\u0438 30 \u043b\u0435\u0442 \u044f\u0432\u043b\u044f\u0435\u0442\u0441\u044f \u043a\u0440\u0443\u043f\u043d\u0435\u0439\u0448\u0438\u043c \u0432 \u0420\u043e\u0441\u0441\u0438\u0438 \u0446\u0435\u043d\u0442\u0440\u043e\u043c \u043e\u043f\u0442\u043e\u0432\u043e-\u0440\u043e\u0437\u043d\u0438\u0447\u043d\u043e\u0439 \u0442\u043e\u0440\u0433\u043e\u0432\u043b\u0438. \u041e\u0431\u0449\u0430\u044f \u043f\u043b\u043e\u0449\u0430\u0434\u044c \u0442\u0435\u0440\u0440\u0438\u0442\u043e\u0440\u0438\u0438 \u00ab\u0421\u0430\u0434\u043e\u0432\u043e\u0434\u0430\u00bb \u0441\u043e\u0441\u0442\u0430\u0432\u043b\u044f\u0435\u0442 \u0431\u043e\u043b\u0435\u0435 60 \u0433\u0430.\",\"breadcrumb\":{\"@id\":\"https:\/\/sadovodtk.ru\/vacancies\/#breadcrumb\"},\"inLanguage\":\"vi\",\"potentialAction\":[{\"@type\":\"ReadAction\",\"target\":[\"https:\/\/sadovodtk.ru\/vacancies\/\"]}]},{\"@type\":\"BreadcrumbList\",\"@id\":\"https:\/\/sadovodtk.ru\/vacancies\/#breadcrumb\",\"itemListElement\":[{\"@type\":\"ListItem\",\"position\":1,\"name\":\"\u0413\u043b\u0430\u0432\u043d\u0430\u044f \u0441\u0442\u0440\u0430\u043d\u0438\u0446\u0430\",\"item\":\"https:\/\/sadovodtk.ru\/\"},{\"@type\":\"ListItem\",\"position\":2,\"name\":\"\u0412\u0430\u043a\u0430\u043d\u0441\u0438\u0438 \u0432 \u0422\u041a \u00ab\u0421\u0410\u0414\u041e\u0412\u041e\u0414\u00bb\"}]},{\"@type\":\"WebSite\",\"@id\":\"https:\/\/sadovodtk.ru\/#website\",\"url\":\"https:\/\/sadovodtk.ru\/\",\"name\":\"\u0422\u041a \u0421\u0430\u0434\u043e\u0432\u043e\u0434\",\"description\":\"\",\"potentialAction\":[{\"@type\":\"SearchAction\",\"target\":{\"@type\":\"EntryPoint\",\"urlTemplate\":\"https:\/\/sadovodtk.ru\/?s={search_term_string}\"},\"query-input\":\"required name=search_term_string\"}],\"inLanguage\":\"vi\"}]}<\/script>\n<!-- \/ Yoast SEO plugin. -->","yoast_head_json":{"title":"\u0412\u0430\u043a\u0430\u043d\u0441\u0438\u0438 \u0432 \u0422\u041a \u00ab\u0421\u0410\u0414\u041e\u0412\u041e\u0414\u00bb - \u0421\u0430\u0434\u043e\u0432\u043e\u0434","description":"\u0422\u043e\u0440\u0433\u043e\u0432\u044b\u0439 \u043a\u043e\u043c\u043f\u043b\u0435\u043a\u0441 \u00ab\u0421\u0430\u0434\u043e\u0432\u043e\u0434\u00bb (\u0433. \u041c\u043e\u0441\u043a\u0432\u0430) \u2013 \u0443\u0436\u0435 \u043f\u043e\u0447\u0442\u0438 30 \u043b\u0435\u0442 \u044f\u0432\u043b\u044f\u0435\u0442\u0441\u044f \u043a\u0440\u0443\u043f\u043d\u0435\u0439\u0448\u0438\u043c \u0432 \u0420\u043e\u0441\u0441\u0438\u0438 \u0446\u0435\u043d\u0442\u0440\u043e\u043c \u043e\u043f\u0442\u043e\u0432\u043e-\u0440\u043e\u0437\u043d\u0438\u0447\u043d\u043e\u0439 \u0442\u043e\u0440\u0433\u043e\u0432\u043b\u0438. \u041e\u0431\u0449\u0430\u044f \u043f\u043b\u043e\u0449\u0430\u0434\u044c \u0442\u0435\u0440\u0440\u0438\u0442\u043e\u0440\u0438\u0438 \u00ab\u0421\u0430\u0434\u043e\u0432\u043e\u0434\u0430\u00bb \u0441\u043e\u0441\u0442\u0430\u0432\u043b\u044f\u0435\u0442 \u0431\u043e\u043b\u0435\u0435 60 \u0433\u0430.","robots":{"index":"index","follow":"follow","max-snippet":"max-snippet:-1","max-image-preview":"max-image-preview:large","max-video-preview":"max-video-preview:-1"},"canonical":"https:\/\/sadovodtk.ru\/vi\/vacancies\/","og_locale":"vi_VN","og_type":"article","og_title":"\u0412\u0430\u043a\u0430\u043d\u0441\u0438\u0438 \u0432 \u0422\u041a \u00ab\u0421\u0410\u0414\u041e\u0412\u041e\u0414\u00bb - \u0421\u0430\u0434\u043e\u0432\u043e\u0434","og_description":"\u0422\u043e\u0440\u0433\u043e\u0432\u044b\u0439 \u043a\u043e\u043c\u043f\u043b\u0435\u043a\u0441 \u00ab\u0421\u0430\u0434\u043e\u0432\u043e\u0434\u00bb (\u0433. \u041c\u043e\u0441\u043a\u0432\u0430) \u2013 \u0443\u0436\u0435 \u043f\u043e\u0447\u0442\u0438 30 \u043b\u0435\u0442 \u044f\u0432\u043b\u044f\u0435\u0442\u0441\u044f \u043a\u0440\u0443\u043f\u043d\u0435\u0439\u0448\u0438\u043c \u0432 \u0420\u043e\u0441\u0441\u0438\u0438 \u0446\u0435\u043d\u0442\u0440\u043e\u043c \u043e\u043f\u0442\u043e\u0432\u043e-\u0440\u043e\u0437\u043d\u0438\u0447\u043d\u043e\u0439 \u0442\u043e\u0440\u0433\u043e\u0432\u043b\u0438. \u041e\u0431\u0449\u0430\u044f \u043f\u043b\u043e\u0449\u0430\u0434\u044c \u0442\u0435\u0440\u0440\u0438\u0442\u043e\u0440\u0438\u0438 \u00ab\u0421\u0430\u0434\u043e\u0432\u043e\u0434\u0430\u00bb \u0441\u043e\u0441\u0442\u0430\u0432\u043b\u044f\u0435\u0442 \u0431\u043e\u043b\u0435\u0435 60 \u0433\u0430.","og_url":"https:\/\/sadovodtk.ru\/vi\/vacancies\/","og_site_name":"\u0421\u0430\u0434\u043e\u0432\u043e\u0434","article_modified_time":"2024-09-26T12:54:43+00:00","twitter_card":"summary_large_image","twitter_misc":{"Est. reading time":"1 ph\u00fat"},"schema":{"@context":"https:\/\/schema.org","@graph":[{"@type":"WebPage","@id":"https:\/\/sadovodtk.ru\/vacancies\/","url":"https:\/\/sadovodtk.ru\/vacancies\/","name":"\u0412\u0430\u043a\u0430\u043d\u0441\u0438\u0438 \u0432 \u0422\u041a \u00ab\u0421\u0410\u0414\u041e\u0412\u041e\u0414\u00bb - \u0421\u0430\u0434\u043e\u0432\u043e\u0434","isPartOf":{"@id":"https:\/\/sadovodtk.ru\/#website"},"datePublished":"2022-12-16T01:03:41+00:00","dateModified":"2024-09-26T12:54:43+00:00","description":"\u0422\u043e\u0440\u0433\u043e\u0432\u044b\u0439 \u043a\u043e\u043c\u043f\u043b\u0435\u043a\u0441 \u00ab\u0421\u0430\u0434\u043e\u0432\u043e\u0434\u00bb (\u0433. \u041c\u043e\u0441\u043a\u0432\u0430) \u2013 \u0443\u0436\u0435 \u043f\u043e\u0447\u0442\u0438 30 \u043b\u0435\u0442 \u044f\u0432\u043b\u044f\u0435\u0442\u0441\u044f \u043a\u0440\u0443\u043f\u043d\u0435\u0439\u0448\u0438\u043c \u0432 \u0420\u043e\u0441\u0441\u0438\u0438 \u0446\u0435\u043d\u0442\u0440\u043e\u043c \u043e\u043f\u0442\u043e\u0432\u043e-\u0440\u043e\u0437\u043d\u0438\u0447\u043d\u043e\u0439 \u0442\u043e\u0440\u0433\u043e\u0432\u043b\u0438. \u041e\u0431\u0449\u0430\u044f \u043f\u043b\u043e\u0449\u0430\u0434\u044c \u0442\u0435\u0440\u0440\u0438\u0442\u043e\u0440\u0438\u0438 \u00ab\u0421\u0430\u0434\u043e\u0432\u043e\u0434\u0430\u00bb \u0441\u043e\u0441\u0442\u0430\u0432\u043b\u044f\u0435\u0442 \u0431\u043e\u043b\u0435\u0435 60 \u0433\u0430.","breadcrumb":{"@id":"https:\/\/sadovodtk.ru\/vacancies\/#breadcrumb"},"inLanguage":"vi","potentialAction":[{"@type":"ReadAction","target":["https:\/\/sadovodtk.ru\/vacancies\/"]}]},{"@type":"BreadcrumbList","@id":"https:\/\/sadovodtk.ru\/vacancies\/#breadcrumb","itemListElement":[{"@type":"ListItem","position":1,"name":"\u0413\u043b\u0430\u0432\u043d\u0430\u044f \u0441\u0442\u0440\u0430\u043d\u0438\u0446\u0430","item":"https:\/\/sadovodtk.ru\/"},{"@type":"ListItem","position":2,"name":"\u0412\u0430\u043a\u0430\u043d\u0441\u0438\u0438 \u0432 \u0422\u041a \u00ab\u0421\u0410\u0414\u041e\u0412\u041e\u0414\u00bb"}]},{"@type":"WebSite","@id":"https:\/\/sadovodtk.ru\/#website","url":"https:\/\/sadovodtk.ru\/","name":"\u0422\u041a \u0421\u0430\u0434\u043e\u0432\u043e\u0434","description":"","potentialAction":[{"@type":"SearchAction","target":{"@type":"EntryPoint","urlTemplate":"https:\/\/sadovodtk.ru\/?s={search_term_string}"},"query-input":"required name=search_term_string"}],"inLanguage":"vi"}]}},"_links":{"self":[{"href":"https:\/\/sadovodtk.ru\/vi\/wp-json\/wp\/v2\/pages\/54"}],"collection":[{"href":"https:\/\/sadovodtk.ru\/vi\/wp-json\/wp\/v2\/pages"}],"about":[{"href":"https:\/\/sadovodtk.ru\/vi\/wp-json\/wp\/v2\/types\/page"}],"author":[{"embeddable":true,"href":"https:\/\/sadovodtk.ru\/vi\/wp-json\/wp\/v2\/users\/1"}],"replies":[{"embeddable":true,"href":"https:\/\/sadovodtk.ru\/vi\/wp-json\/wp\/v2\/comments?post=54"}],"version-history":[{"count":133,"href":"https:\/\/sadovodtk.ru\/vi\/wp-json\/wp\/v2\/pages\/54\/revisions"}],"predecessor-version":[{"id":10324,"href":"https:\/\/sadovodtk.ru\/vi\/wp-json\/wp\/v2\/pages\/54\/revisions\/10324"}],"wp:attachment":[{"href":"https:\/\/sadovodtk.ru\/vi\/wp-json\/wp\/v2\/media?parent=54"}],"curies":[{"name":"wp","href":"https:\/\/api.w.org\/{rel}","templated":true}]}}