{"id":447,"date":"2023-01-13T10:22:45","date_gmt":"2023-01-13T07:22:45","guid":{"rendered":"http:\/\/local.sadovod.ru\/?p=447"},"modified":"2024-06-24T15:39:09","modified_gmt":"2024-06-24T12:39:09","slug":"obuv","status":"publish","type":"page","link":"https:\/\/sadovodtk.ru\/vi\/assortiment\/obuv\/","title":{"rendered":"\u0110\u00f4i gi\u00e0y"},"content":{"rendered":"<div data-elementor-type=\"wp-page\" data-elementor-id=\"447\" class=\"elementor elementor-447\">\n\t\t\t\t\t\t\t\t\t<section class=\"has_eae_slider elementor-section elementor-top-section elementor-element elementor-element-568a0c7e elementor-section-full_width elementor-section-height-default elementor-section-height-default wpr-particle-no wpr-jarallax-no wpr-parallax-no wpr-sticky-section-no\" data-id=\"568a0c7e\" data-element_type=\"section\">\n\t\t\t\t\t\t<div class=\"elementor-container elementor-column-gap-default\">\n\t\t\t\t\t<div class=\"has_eae_slider elementor-column elementor-col-100 elementor-top-column elementor-element elementor-element-1805998f\" data-id=\"1805998f\" data-element_type=\"column\">\n\t\t\t<div class=\"elementor-widget-wrap elementor-element-populated\">\n\t\t\t\t\t\t\t\t<div class=\"elementor-element elementor-element-a18bc65 elementor-widget elementor-widget-html\" data-id=\"a18bc65\" data-element_type=\"widget\" data-widget_type=\"html.default\">\n\t\t\t\t<div class=\"elementor-widget-container\">\n\t\t\t\t\t\t<!-- Flexy Breadcrumb -->\r\n\t\t\t<div class=\"fbc fbc-page\">\r\n\r\n\t\t\t\t<!-- Breadcrumb wrapper -->\r\n\t\t\t\t<div class=\"fbc-wrap\">\r\n\r\n\t\t\t\t\t<!-- Ordered list-->\r\n\t\t\t\t\t<ol class=\"fbc-items\" itemscope itemtype=\"https:\/\/schema.org\/BreadcrumbList\">\r\n\t\t\t\t\t\t            <li itemprop=\"itemListElement\" itemscope itemtype=\"https:\/\/schema.org\/ListItem\">\r\n                <span itemprop=\"name\">\r\n                    <!-- Home Link -->\r\n                    <a itemprop=\"item\" href=\"https:\/\/sadovodtk.ru\">\r\n                    \r\n                        trang ch\u1ee7                    <\/a>\r\n                <\/span>\r\n                <meta itemprop=\"position\" content=\"1\" \/><!-- Meta Position-->\r\n             <\/li><li><span class=\"fbc-separator\">\/<\/span><\/li><li class=\"active\" itemprop=\"itemListElement\" itemscope itemtype=\"https:\/\/schema.org\/ListItem\"><span itemprop=\"name\" title=\"\u0110\u00f4i gi\u00e0y\">\u0110\u00f4i gi\u00e0y<\/span><meta itemprop=\"position\" content=\"2\" \/><\/li>\t\t\t\t\t<\/ol>\r\n\t\t\t\t\t<div class=\"clearfix\"><\/div>\r\n\t\t\t\t<\/div>\r\n\t\t\t<\/div>\r\n\t\t\t\t\t<\/div>\n\t\t\t\t<\/div>\n\t\t\t\t\t<\/div>\n\t\t<\/div>\n\t\t\t\t\t\t\t<\/div>\n\t\t<\/section>\n\t\t\t\t<section class=\"has_eae_slider elementor-section elementor-top-section elementor-element elementor-element-1041b22b elementor-section-full_width elementor-section-height-default elementor-section-height-default wpr-particle-no wpr-jarallax-no wpr-parallax-no wpr-sticky-section-no\" data-id=\"1041b22b\" data-element_type=\"section\">\n\t\t\t\t\t\t<div class=\"elementor-container elementor-column-gap-default\">\n\t\t\t\t\t<div class=\"has_eae_slider elementor-column elementor-col-50 elementor-top-column elementor-element elementor-element-5ac7ab0e\" data-id=\"5ac7ab0e\" data-element_type=\"column\">\n\t\t\t<div class=\"elementor-widget-wrap elementor-element-populated\">\n\t\t\t\t\t\t\t\t<div class=\"elementor-element elementor-element-294e92e elementor-widget elementor-widget-image\" data-id=\"294e92e\" data-element_type=\"widget\" data-widget_type=\"image.default\">\n\t\t\t\t<div class=\"elementor-widget-container\">\n\t\t\t<style>\/*! elementor - v3.15.0 - 20-08-2023 *\/\n.elementor-widget-image{text-align:center}.elementor-widget-image a{display:inline-block}.elementor-widget-image a img[src$=\".svg\"]{width:48px}.elementor-widget-image img{vertical-align:middle;display:inline-block}<\/style>\t\t\t\t\t\t\t\t\t\t\t\t<img decoding=\"async\" width=\"1920\" height=\"1280\" src=\"https:\/\/sadovodtk.ru\/wp-content\/uploads\/2023\/03\/75korpusb_sadovodtk.jpg\" class=\"attachment-full size-full wp-image-1090\" alt=\"\" loading=\"lazy\" srcset=\"https:\/\/sadovodtk.ru\/wp-content\/uploads\/2023\/03\/75korpusb_sadovodtk.jpg 1920w, https:\/\/sadovodtk.ru\/wp-content\/uploads\/2023\/03\/75korpusb_sadovodtk-150x100.jpg 150w, https:\/\/sadovodtk.ru\/wp-content\/uploads\/2023\/03\/75korpusb_sadovodtk-1536x1024.jpg 1536w, https:\/\/sadovodtk.ru\/wp-content\/uploads\/2023\/03\/75korpusb_sadovodtk-300x200.jpg 300w, https:\/\/sadovodtk.ru\/wp-content\/uploads\/2023\/03\/75korpusb_sadovodtk-500x333.jpg 500w, https:\/\/sadovodtk.ru\/wp-content\/uploads\/2023\/03\/75korpusb_sadovodtk-769x513.jpg 769w, https:\/\/sadovodtk.ru\/wp-content\/uploads\/2023\/03\/75korpusb_sadovodtk-1024x683.jpg 1024w\" sizes=\"(max-width: 1920px) 100vw, 1920px\" \/>\t\t\t\t\t\t\t\t\t\t\t\t\t\t\t<\/div>\n\t\t\t\t<\/div>\n\t\t\t\t\t<\/div>\n\t\t<\/div>\n\t\t\t\t<div class=\"has_eae_slider elementor-column elementor-col-50 elementor-top-column elementor-element elementor-element-33b8a28d\" data-id=\"33b8a28d\" data-element_type=\"column\">\n\t\t\t<div class=\"elementor-widget-wrap elementor-element-populated\">\n\t\t\t\t\t\t\t\t<div class=\"elementor-element elementor-element-79db4fa7 elementor-widget elementor-widget-heading\" data-id=\"79db4fa7\" data-element_type=\"widget\" data-widget_type=\"heading.default\">\n\t\t\t\t<div class=\"elementor-widget-container\">\n\t\t\t<style>\/*! elementor - v3.15.0 - 20-08-2023 *\/\n.elementor-heading-title{padding:0;margin:0;line-height:1}.elementor-widget-heading .elementor-heading-title[class*=elementor-size-]>a{color:inherit;font-size:inherit;line-height:inherit}.elementor-widget-heading .elementor-heading-title.elementor-size-small{font-size:15px}.elementor-widget-heading .elementor-heading-title.elementor-size-medium{font-size:19px}.elementor-widget-heading .elementor-heading-title.elementor-size-large{font-size:29px}.elementor-widget-heading .elementor-heading-title.elementor-size-xl{font-size:39px}.elementor-widget-heading .elementor-heading-title.elementor-size-xxl{font-size:59px}<\/style><h2 class=\"elementor-heading-title elementor-size-default\">\u0110\u00f4i gi\u00e0y<\/h2>\t\t<\/div>\n\t\t\t\t<\/div>\n\t\t\t\t<div class=\"elementor-element elementor-element-7303f02d elementor-widget elementor-widget-text-editor\" data-id=\"7303f02d\" data-element_type=\"widget\" data-widget_type=\"text-editor.default\">\n\t\t\t\t<div class=\"elementor-widget-container\">\n\t\t\t<style>\/*! elementor - v3.15.0 - 20-08-2023 *\/\n.elementor-widget-text-editor.elementor-drop-cap-view-stacked .elementor-drop-cap{background-color:#69727d;color:#fff}.elementor-widget-text-editor.elementor-drop-cap-view-framed .elementor-drop-cap{color:#69727d;border:3px solid;background-color:transparent}.elementor-widget-text-editor:not(.elementor-drop-cap-view-default) .elementor-drop-cap{margin-top:8px}.elementor-widget-text-editor:not(.elementor-drop-cap-view-default) .elementor-drop-cap-letter{width:1em;height:1em}.elementor-widget-text-editor .elementor-drop-cap{float:left;text-align:center;line-height:1;font-size:50px}.elementor-widget-text-editor .elementor-drop-cap-letter{display:inline-block}<\/style>\t\t\t\t<p>Gi\u00e0y n\u1eef, nam v\u00e0 tr\u1ebb em \u0111\u01b0\u1ee3c gi\u1edbi thi\u1ec7u <b><a href=\"https:\/\/sadovodtk.ru\/shopping_malls\/veshchevye-ryady\/\">tr\u00ean d\u00f2ng 5, 11, 12 h\u00e0ng qu\u1ea7n \u00e1o<\/a><\/b> V\u00e0 <b><a href=\"https:\/\/sadovodtk.ru\/shopping_malls\/korpus-b\/\">t\u1ea1i t\u1ea7ng 1 t\u00f2a nh\u00e0 B d\u00e3y A<\/a><\/b>.<\/p>\n<p><br><\/p>\n<p>V\u00e0o m\u00f9a h\u00e8, ph\u1ee5 n\u1eef kh\u00f4ng th\u1ec3 thi\u1ebfu d\u00e9p t\u00f4ng, d\u00e9p x\u0103ng \u0111an, gi\u00e0y ba l\u00ea, d\u00e9p x\u0103ng \u0111an, gu\u1ed1c, gi\u00e0y mule.&nbsp;<\/p>\n<p>M\u00e1y b\u01a1m c\u1ed5 \u0111i\u1ec3n l\u00e0 m\u1ed9t l\u1ef1a ch\u1ecdn l\u00fd t\u01b0\u1edfng cho cu\u1ed9c s\u1ed1ng v\u0103n ph\u00f2ng h\u00e0ng ng\u00e0y v\u00e0 nh\u1eefng d\u1ecbp \u0111\u1eb7c bi\u1ec7t.&nbsp;<\/p>\n<p>\u0110\u1ed1i v\u1edbi m\u00f9a thu v\u00e0 m\u00f9a xu\u00e2n, ch\u00fang t\u00f4i ch\u1ecdn gi\u00e0y k\u00edn, gi\u00e0y \u0111\u1ebf b\u1ec7t, gi\u00e0y da \u0111anh. Trong giai \u0111o\u1ea1n chuy\u1ec3n ti\u1ebfp, b\u1ed1t v\u00e0 b\u1ed1t \u0111\u1ebfn m\u1eaft c\u00e1 ch\u00e2n c\u0169ng ph\u00f9 h\u1ee3p. \u0110\u1ed1i v\u1edbi nh\u1eefng m\u00f9a \u0111\u00f4ng l\u1ea1nh gi\u00e1 nh\u1ea5t, b\u1ed1t cao v\u00e0 b\u1ed1t cao qu\u00e1 \u0111\u1ea7u g\u1ed1i ph\u00f9 h\u1ee3p v\u1edbi v\u00e1y, c\u00f2n b\u1ed1t Chelsea, dutik v\u00e0 UGG ph\u00f9 h\u1ee3p v\u1edbi qu\u1ea7n d\u00e0i v\u00e0 qu\u1ea7n jean.<\/p>\n<p><br><\/p>\n<p>Gi\u00e0y nam c\u1ed5 \u0111i\u1ec3n bao g\u1ed3m gi\u00e0y brogues, gi\u00e0y derby, gi\u00e0y oxfords v\u00e0 gi\u00e0y tu s\u0129. V\u00e0o m\u00f9a h\u00e8, nhi\u1ec1u ng\u01b0\u1eddi l\u1ef1a ch\u1ecdn Birkenstocks. \u0110\u00e1 phi\u1ebfn hi\u1ec7n \u0111\u1ea1i \u0111\u01b0\u1ee3c l\u00e0m t\u1eeb nhi\u1ec1u lo\u1ea1i v\u1eadt li\u1ec7u, bao g\u1ed3m c\u1ea3 da ch\u1ea5t l\u01b0\u1ee3ng cao. Ch\u00fang c\u00f3 th\u1ec3 \u0111\u01b0\u1ee3c m\u1eb7c kh\u00f4ng ch\u1ec9 khi \u0111i bi\u1ec3n m\u00e0 c\u00f2n c\u00f3 th\u1ec3 \u0111i d\u1ea1o quanh th\u00e0nh ph\u1ed1.<\/p>\n<p><br><\/p>\n<p>\u0110\u00e1ng \u0111\u01b0\u1ee3c quan t\u00e2m \u0111\u1eb7c bi\u1ec7t <b>gi\u00e0y tr\u1ebb em<\/b>. M\u00f9a h\u00e8 l\u00e0 nh\u1eefng \u0111\u00f4i sandal, sandal, v\u00e0o m\u00f9a \u0111\u00f4ng nhi\u1ec1u ng\u01b0\u1eddi l\u1ef1a ch\u1ecdn nh\u1eefng \u0111\u00f4i b\u1ed1t n\u1ec9 nhi\u1ec1u m\u00e0u c\u00f3 galoshes. T\u1ed1t h\u01a1n l\u00e0 n\u00ean mang gi\u00e0y th\u1ec3 thao c\u00f3 kh\u00f3a d\u00e1n.&nbsp;<\/p>\n<p><br><\/p>\n<p>C\u1ea3 ng\u01b0\u1eddi l\u1edbn v\u00e0 tr\u1ebb em \u0111\u1ec1u kh\u00f4ng th\u1ec3 thi\u1ebfu \u1ee7ng v\u00e0 d\u00e9p cao su.<\/p>\n<p><br><\/p>\n<p>B\u1ea1n s\u1ebd t\u00ecm th\u1ea5y t\u1ea5t c\u1ea3 c\u00e1c lo\u1ea1i gi\u00e0y n\u1eef, nam v\u00e0 tr\u1ebb em trong khu ph\u1ee9c h\u1ee3p mua s\u1eafm Sadovod.<\/p>\t\t\t\t\t\t<\/div>\n\t\t\t\t<\/div>\n\t\t\t\t<div class=\"elementor-element elementor-element-392f52c7 elementor-icon-list--layout-traditional elementor-list-item-link-full_width elementor-widget elementor-widget-icon-list\" data-id=\"392f52c7\" data-element_type=\"widget\" data-widget_type=\"icon-list.default\">\n\t\t\t\t<div class=\"elementor-widget-container\">\n\t\t\t<link rel=\"stylesheet\" href=\"https:\/\/sadovodtk.ru\/wp-content\/plugins\/elementor\/assets\/css\/widget-icon-list.min.css\">\t\t<ul class=\"elementor-icon-list-items\">\n\t\t\t\t\t\t\t<li class=\"elementor-icon-list-item\">\n\t\t\t\t\t\t\t\t\t\t\t<span class=\"elementor-icon-list-icon\">\n\t\t\t\t\t\t\t<i aria-hidden=\"true\" class=\"fas fa-check\"><\/i>\t\t\t\t\t\t<\/span>\n\t\t\t\t\t\t\t\t\t\t<span class=\"elementor-icon-list-text\">gi\u00e0y n\u1eef<\/span>\n\t\t\t\t\t\t\t\t\t<\/li>\n\t\t\t\t\t\t\t\t<li class=\"elementor-icon-list-item\">\n\t\t\t\t\t\t\t\t\t\t\t<span class=\"elementor-icon-list-icon\">\n\t\t\t\t\t\t\t<i aria-hidden=\"true\" class=\"fas fa-check\"><\/i>\t\t\t\t\t\t<\/span>\n\t\t\t\t\t\t\t\t\t\t<span class=\"elementor-icon-list-text\">gi\u00e0y d\u00e9p nam<\/span>\n\t\t\t\t\t\t\t\t\t<\/li>\n\t\t\t\t\t\t\t\t<li class=\"elementor-icon-list-item\">\n\t\t\t\t\t\t\t\t\t\t\t<span class=\"elementor-icon-list-icon\">\n\t\t\t\t\t\t\t<i aria-hidden=\"true\" class=\"fas fa-check\"><\/i>\t\t\t\t\t\t<\/span>\n\t\t\t\t\t\t\t\t\t\t<span class=\"elementor-icon-list-text\">gi\u00e0y tr\u1ebb em<\/span>\n\t\t\t\t\t\t\t\t\t<\/li>\n\t\t\t\t\t\t<\/ul>\n\t\t\t\t<\/div>\n\t\t\t\t<\/div>\n\t\t\t\t\t<\/div>\n\t\t<\/div>\n\t\t\t\t\t\t\t<\/div>\n\t\t<\/section>\n\t\t\t\t<section class=\"has_eae_slider elementor-section elementor-top-section elementor-element elementor-element-70c73ebb elementor-section-full_width elementor-section-height-default elementor-section-height-default wpr-particle-no wpr-jarallax-no wpr-parallax-no wpr-sticky-section-no\" data-id=\"70c73ebb\" data-element_type=\"section\">\n\t\t\t\t\t\t<div class=\"elementor-container elementor-column-gap-default\">\n\t\t\t\t\t<div class=\"has_eae_slider elementor-column elementor-col-100 elementor-top-column elementor-element elementor-element-de4057a\" data-id=\"de4057a\" data-element_type=\"column\">\n\t\t\t<div class=\"elementor-widget-wrap elementor-element-populated\">\n\t\t\t\t\t\t\t\t<div class=\"elementor-element elementor-element-3df48afe elementor-widget elementor-widget-html\" data-id=\"3df48afe\" data-element_type=\"widget\" data-widget_type=\"html.default\">\n\t\t\t\t<div class=\"elementor-widget-container\">\n\t\t\t<div><div id=\"image-map-pro-3e44c064-3ced-4c4d-a0ce-99b4b50a6375\"><\/div><\/div>\t\t<\/div>\n\t\t\t\t<\/div>\n\t\t\t\t\t<\/div>\n\t\t<\/div>\n\t\t\t\t\t\t\t<\/div>\n\t\t<\/section>\n\t\t\t\t\t\t\t<\/div>","protected":false},"excerpt":{"rendered":"<p>Gi\u00e0y d\u00e9p nam, n\u1eef v\u00e0 tr\u1ebb em c\u00f3 s\u1eb5n t\u1ea1i c\u00e1c qu\u1ea7y 5, 11 v\u00e0 12 \u1edf l\u1ed1i \u0111i v\u00e0 t\u1ea1i t\u1ea7ng 1 c\u1ee7a T\u00f2a nh\u00e0 B, H\u00e0ng A. V\u00e0o m\u00f9a h\u00e8, ph\u1ee5 n\u1eef kh\u00f4ng th\u1ec3 thi\u1ebfu d\u00e9p x\u1ecf ng\u00f3n, d\u00e9p x\u0103ng \u0111an, gi\u00e0y ba l\u00ea, d\u00e9p x\u0103ng \u0111an, gu\u1ed1c v\u00e0 gi\u00e0y mules. Gi\u00e0y cao g\u00f3t c\u1ed5 \u0111i\u1ec3n l\u00fd t\u01b0\u1edfng cho trang ph\u1ee5c c\u00f4ng s\u1edf h\u00e0ng ng\u00e0y v\u00e0 c\u00e1c d\u1ecbp trang tr\u1ecdng. V\u00e0o m\u00f9a thu v\u00e0 m\u00f9a xu\u00e2n, h\u00e3y ch\u1ecdn gi\u00e0y m\u0169i k\u00edn, gi\u00e0y l\u01b0\u1eddi v\u00e0 gi\u00e0y moccasin. Trong th\u1eddi gian chuy\u1ec3n m\u00f9a [\u2026]<\/p>","protected":false},"author":1,"featured_media":0,"parent":3605,"menu_order":0,"comment_status":"closed","ping_status":"closed","template":"page-elementor.php","meta":[],"yoast_head":"<!-- This site is optimized with the Yoast SEO plugin v19.11 - https:\/\/yoast.com\/wordpress\/plugins\/seo\/ -->\n<title>\u041e\u0431\u0443\u0432\u044c - \u0421\u0430\u0434\u043e\u0432\u043e\u0434<\/title>\n<meta name=\"description\" content=\"\u0416\u0435\u043d\u0441\u043a\u0430\u044f, \u043c\u0443\u0436\u0441\u043a\u0430\u044f \u0438 \u0434\u0435\u0442\u0441\u043a\u0430\u044f \u043e\u0431\u0443\u0432\u044c \u043f\u0440\u0435\u0434\u0441\u0442\u0430\u0432\u043b\u0435\u043d\u0430 \u043d\u0430 \u043b\u0438\u043d\u0438\u044f\u0445 5, 11, 12 \u0432\u0435\u0449\u0435\u0432\u044b\u0445 \u0440\u044f\u0434\u043e\u0432 \u0438 \u043d\u0430 \u043f\u0435\u0440\u0432\u043e\u043c \u044d\u0442\u0430\u0436\u0435 \u043a\u043e\u0440\u043f\u0443\u0441\u0430 \u0411, \u0440\u044f\u0434 \u0410.\" \/>\n<meta name=\"robots\" content=\"index, follow, max-snippet:-1, max-image-preview:large, max-video-preview:-1\" \/>\n<link rel=\"canonical\" href=\"https:\/\/sadovodtk.ru\/vi\/assortiment\/obuv\/\" \/>\n<meta property=\"og:locale\" content=\"vi_VN\" \/>\n<meta property=\"og:type\" content=\"article\" \/>\n<meta property=\"og:title\" content=\"\u041e\u0431\u0443\u0432\u044c - \u0421\u0430\u0434\u043e\u0432\u043e\u0434\" \/>\n<meta property=\"og:description\" content=\"\u0416\u0435\u043d\u0441\u043a\u0430\u044f, \u043c\u0443\u0436\u0441\u043a\u0430\u044f \u0438 \u0434\u0435\u0442\u0441\u043a\u0430\u044f \u043e\u0431\u0443\u0432\u044c \u043f\u0440\u0435\u0434\u0441\u0442\u0430\u0432\u043b\u0435\u043d\u0430 \u043d\u0430 \u043b\u0438\u043d\u0438\u044f\u0445 5, 11, 12 \u0432\u0435\u0449\u0435\u0432\u044b\u0445 \u0440\u044f\u0434\u043e\u0432 \u0438 \u043d\u0430 \u043f\u0435\u0440\u0432\u043e\u043c \u044d\u0442\u0430\u0436\u0435 \u043a\u043e\u0440\u043f\u0443\u0441\u0430 \u0411, \u0440\u044f\u0434 \u0410.\" \/>\n<meta property=\"og:url\" content=\"https:\/\/sadovodtk.ru\/vi\/assortiment\/obuv\/\" \/>\n<meta property=\"og:site_name\" content=\"\u0421\u0430\u0434\u043e\u0432\u043e\u0434\" \/>\n<meta property=\"article:modified_time\" content=\"2024-06-24T12:39:09+00:00\" \/>\n<meta property=\"og:image\" content=\"https:\/\/sadovodtk.ru\/wp-content\/uploads\/2023\/03\/75korpusb_sadovodtk.jpg\" \/>\n<meta name=\"twitter:card\" content=\"summary_large_image\" \/>\n<meta name=\"twitter:label1\" content=\"Est. reading time\" \/>\n\t<meta name=\"twitter:data1\" content=\"2 ph\u00fat\" \/>\n<script type=\"application\/ld+json\" class=\"yoast-schema-graph\">{\"@context\":\"https:\/\/schema.org\",\"@graph\":[{\"@type\":\"WebPage\",\"@id\":\"https:\/\/sadovodtk.ru\/assortiment\/obuv\/\",\"url\":\"https:\/\/sadovodtk.ru\/assortiment\/obuv\/\",\"name\":\"\u041e\u0431\u0443\u0432\u044c - \u0421\u0430\u0434\u043e\u0432\u043e\u0434\",\"isPartOf\":{\"@id\":\"https:\/\/sadovodtk.ru\/#website\"},\"datePublished\":\"2023-01-13T07:22:45+00:00\",\"dateModified\":\"2024-06-24T12:39:09+00:00\",\"description\":\"\u0416\u0435\u043d\u0441\u043a\u0430\u044f, \u043c\u0443\u0436\u0441\u043a\u0430\u044f \u0438 \u0434\u0435\u0442\u0441\u043a\u0430\u044f \u043e\u0431\u0443\u0432\u044c \u043f\u0440\u0435\u0434\u0441\u0442\u0430\u0432\u043b\u0435\u043d\u0430 \u043d\u0430 \u043b\u0438\u043d\u0438\u044f\u0445 5, 11, 12 \u0432\u0435\u0449\u0435\u0432\u044b\u0445 \u0440\u044f\u0434\u043e\u0432 \u0438 \u043d\u0430 \u043f\u0435\u0440\u0432\u043e\u043c \u044d\u0442\u0430\u0436\u0435 \u043a\u043e\u0440\u043f\u0443\u0441\u0430 \u0411, \u0440\u044f\u0434 \u0410.\",\"breadcrumb\":{\"@id\":\"https:\/\/sadovodtk.ru\/assortiment\/obuv\/#breadcrumb\"},\"inLanguage\":\"vi\",\"potentialAction\":[{\"@type\":\"ReadAction\",\"target\":[\"https:\/\/sadovodtk.ru\/assortiment\/obuv\/\"]}]},{\"@type\":\"BreadcrumbList\",\"@id\":\"https:\/\/sadovodtk.ru\/assortiment\/obuv\/#breadcrumb\",\"itemListElement\":[{\"@type\":\"ListItem\",\"position\":1,\"name\":\"\u0413\u043b\u0430\u0432\u043d\u0430\u044f \u0441\u0442\u0440\u0430\u043d\u0438\u0446\u0430\",\"item\":\"https:\/\/sadovodtk.ru\/\"},{\"@type\":\"ListItem\",\"position\":2,\"name\":\"\u0410\u0441\u0441\u043e\u0440\u0442\u0438\u043c\u0435\u043d\u0442\",\"item\":\"https:\/\/sadovodtk.ru\/assortiment\/\"},{\"@type\":\"ListItem\",\"position\":3,\"name\":\"\u041e\u0431\u0443\u0432\u044c\"}]},{\"@type\":\"WebSite\",\"@id\":\"https:\/\/sadovodtk.ru\/#website\",\"url\":\"https:\/\/sadovodtk.ru\/\",\"name\":\"\u0422\u041a \u0421\u0430\u0434\u043e\u0432\u043e\u0434\",\"description\":\"\",\"potentialAction\":[{\"@type\":\"SearchAction\",\"target\":{\"@type\":\"EntryPoint\",\"urlTemplate\":\"https:\/\/sadovodtk.ru\/?s={search_term_string}\"},\"query-input\":\"required name=search_term_string\"}],\"inLanguage\":\"vi\"}]}<\/script>\n<!-- \/ Yoast SEO plugin. -->","yoast_head_json":{"title":"\u041e\u0431\u0443\u0432\u044c - \u0421\u0430\u0434\u043e\u0432\u043e\u0434","description":"\u0416\u0435\u043d\u0441\u043a\u0430\u044f, \u043c\u0443\u0436\u0441\u043a\u0430\u044f \u0438 \u0434\u0435\u0442\u0441\u043a\u0430\u044f \u043e\u0431\u0443\u0432\u044c \u043f\u0440\u0435\u0434\u0441\u0442\u0430\u0432\u043b\u0435\u043d\u0430 \u043d\u0430 \u043b\u0438\u043d\u0438\u044f\u0445 5, 11, 12 \u0432\u0435\u0449\u0435\u0432\u044b\u0445 \u0440\u044f\u0434\u043e\u0432 \u0438 \u043d\u0430 \u043f\u0435\u0440\u0432\u043e\u043c \u044d\u0442\u0430\u0436\u0435 \u043a\u043e\u0440\u043f\u0443\u0441\u0430 \u0411, \u0440\u044f\u0434 \u0410.","robots":{"index":"index","follow":"follow","max-snippet":"max-snippet:-1","max-image-preview":"max-image-preview:large","max-video-preview":"max-video-preview:-1"},"canonical":"https:\/\/sadovodtk.ru\/vi\/assortiment\/obuv\/","og_locale":"vi_VN","og_type":"article","og_title":"\u041e\u0431\u0443\u0432\u044c - \u0421\u0430\u0434\u043e\u0432\u043e\u0434","og_description":"\u0416\u0435\u043d\u0441\u043a\u0430\u044f, \u043c\u0443\u0436\u0441\u043a\u0430\u044f \u0438 \u0434\u0435\u0442\u0441\u043a\u0430\u044f \u043e\u0431\u0443\u0432\u044c \u043f\u0440\u0435\u0434\u0441\u0442\u0430\u0432\u043b\u0435\u043d\u0430 \u043d\u0430 \u043b\u0438\u043d\u0438\u044f\u0445 5, 11, 12 \u0432\u0435\u0449\u0435\u0432\u044b\u0445 \u0440\u044f\u0434\u043e\u0432 \u0438 \u043d\u0430 \u043f\u0435\u0440\u0432\u043e\u043c \u044d\u0442\u0430\u0436\u0435 \u043a\u043e\u0440\u043f\u0443\u0441\u0430 \u0411, \u0440\u044f\u0434 \u0410.","og_url":"https:\/\/sadovodtk.ru\/vi\/assortiment\/obuv\/","og_site_name":"\u0421\u0430\u0434\u043e\u0432\u043e\u0434","article_modified_time":"2024-06-24T12:39:09+00:00","og_image":[{"url":"https:\/\/sadovodtk.ru\/wp-content\/uploads\/2023\/03\/75korpusb_sadovodtk.jpg"}],"twitter_card":"summary_large_image","twitter_misc":{"Est. reading time":"2 ph\u00fat"},"schema":{"@context":"https:\/\/schema.org","@graph":[{"@type":"WebPage","@id":"https:\/\/sadovodtk.ru\/assortiment\/obuv\/","url":"https:\/\/sadovodtk.ru\/assortiment\/obuv\/","name":"\u041e\u0431\u0443\u0432\u044c - \u0421\u0430\u0434\u043e\u0432\u043e\u0434","isPartOf":{"@id":"https:\/\/sadovodtk.ru\/#website"},"datePublished":"2023-01-13T07:22:45+00:00","dateModified":"2024-06-24T12:39:09+00:00","description":"\u0416\u0435\u043d\u0441\u043a\u0430\u044f, \u043c\u0443\u0436\u0441\u043a\u0430\u044f \u0438 \u0434\u0435\u0442\u0441\u043a\u0430\u044f \u043e\u0431\u0443\u0432\u044c \u043f\u0440\u0435\u0434\u0441\u0442\u0430\u0432\u043b\u0435\u043d\u0430 \u043d\u0430 \u043b\u0438\u043d\u0438\u044f\u0445 5, 11, 12 \u0432\u0435\u0449\u0435\u0432\u044b\u0445 \u0440\u044f\u0434\u043e\u0432 \u0438 \u043d\u0430 \u043f\u0435\u0440\u0432\u043e\u043c \u044d\u0442\u0430\u0436\u0435 \u043a\u043e\u0440\u043f\u0443\u0441\u0430 \u0411, \u0440\u044f\u0434 \u0410.","breadcrumb":{"@id":"https:\/\/sadovodtk.ru\/assortiment\/obuv\/#breadcrumb"},"inLanguage":"vi","potentialAction":[{"@type":"ReadAction","target":["https:\/\/sadovodtk.ru\/assortiment\/obuv\/"]}]},{"@type":"BreadcrumbList","@id":"https:\/\/sadovodtk.ru\/assortiment\/obuv\/#breadcrumb","itemListElement":[{"@type":"ListItem","position":1,"name":"\u0413\u043b\u0430\u0432\u043d\u0430\u044f \u0441\u0442\u0440\u0430\u043d\u0438\u0446\u0430","item":"https:\/\/sadovodtk.ru\/"},{"@type":"ListItem","position":2,"name":"\u0410\u0441\u0441\u043e\u0440\u0442\u0438\u043c\u0435\u043d\u0442","item":"https:\/\/sadovodtk.ru\/assortiment\/"},{"@type":"ListItem","position":3,"name":"\u041e\u0431\u0443\u0432\u044c"}]},{"@type":"WebSite","@id":"https:\/\/sadovodtk.ru\/#website","url":"https:\/\/sadovodtk.ru\/","name":"\u0422\u041a \u0421\u0430\u0434\u043e\u0432\u043e\u0434","description":"","potentialAction":[{"@type":"SearchAction","target":{"@type":"EntryPoint","urlTemplate":"https:\/\/sadovodtk.ru\/?s={search_term_string}"},"query-input":"required name=search_term_string"}],"inLanguage":"vi"}]}},"_links":{"self":[{"href":"https:\/\/sadovodtk.ru\/vi\/wp-json\/wp\/v2\/pages\/447"}],"collection":[{"href":"https:\/\/sadovodtk.ru\/vi\/wp-json\/wp\/v2\/pages"}],"about":[{"href":"https:\/\/sadovodtk.ru\/vi\/wp-json\/wp\/v2\/types\/page"}],"author":[{"embeddable":true,"href":"https:\/\/sadovodtk.ru\/vi\/wp-json\/wp\/v2\/users\/1"}],"replies":[{"embeddable":true,"href":"https:\/\/sadovodtk.ru\/vi\/wp-json\/wp\/v2\/comments?post=447"}],"version-history":[{"count":13,"href":"https:\/\/sadovodtk.ru\/vi\/wp-json\/wp\/v2\/pages\/447\/revisions"}],"predecessor-version":[{"id":9970,"href":"https:\/\/sadovodtk.ru\/vi\/wp-json\/wp\/v2\/pages\/447\/revisions\/9970"}],"up":[{"embeddable":true,"href":"https:\/\/sadovodtk.ru\/vi\/wp-json\/wp\/v2\/pages\/3605"}],"wp:attachment":[{"href":"https:\/\/sadovodtk.ru\/vi\/wp-json\/wp\/v2\/media?parent=447"}],"curies":[{"name":"wp","href":"https:\/\/api.w.org\/{rel}","templated":true}]}}