{"id":443,"date":"2023-01-13T10:21:57","date_gmt":"2023-01-13T07:21:57","guid":{"rendered":"http:\/\/local.sadovod.ru\/?p=443"},"modified":"2024-06-18T14:19:33","modified_gmt":"2024-06-18T11:19:33","slug":"muzhskaya-odezhda","status":"publish","type":"page","link":"https:\/\/sadovodtk.ru\/vi\/assortiment\/muzhskaya-odezhda\/","title":{"rendered":"Qu\u1ea7n \u00e1o nam"},"content":{"rendered":"<div data-elementor-type=\"wp-page\" data-elementor-id=\"443\" class=\"elementor elementor-443\">\n\t\t\t\t\t\t\t\t\t<section class=\"has_eae_slider elementor-section elementor-top-section elementor-element elementor-element-6a4f1532 elementor-section-full_width elementor-section-height-default elementor-section-height-default wpr-particle-no wpr-jarallax-no wpr-parallax-no wpr-sticky-section-no\" data-id=\"6a4f1532\" data-element_type=\"section\">\n\t\t\t\t\t\t<div class=\"elementor-container elementor-column-gap-default\">\n\t\t\t\t\t<div class=\"has_eae_slider elementor-column elementor-col-100 elementor-top-column elementor-element elementor-element-72136afd\" data-id=\"72136afd\" data-element_type=\"column\">\n\t\t\t<div class=\"elementor-widget-wrap elementor-element-populated\">\n\t\t\t\t\t\t\t\t<div class=\"elementor-element elementor-element-3a2e66b elementor-widget elementor-widget-html\" data-id=\"3a2e66b\" data-element_type=\"widget\" data-widget_type=\"html.default\">\n\t\t\t\t<div class=\"elementor-widget-container\">\n\t\t\t\t\t\t<!-- Flexy Breadcrumb -->\r\n\t\t\t<div class=\"fbc fbc-page\">\r\n\r\n\t\t\t\t<!-- Breadcrumb wrapper -->\r\n\t\t\t\t<div class=\"fbc-wrap\">\r\n\r\n\t\t\t\t\t<!-- Ordered list-->\r\n\t\t\t\t\t<ol class=\"fbc-items\" itemscope itemtype=\"https:\/\/schema.org\/BreadcrumbList\">\r\n\t\t\t\t\t\t            <li itemprop=\"itemListElement\" itemscope itemtype=\"https:\/\/schema.org\/ListItem\">\r\n                <span itemprop=\"name\">\r\n                    <!-- Home Link -->\r\n                    <a itemprop=\"item\" href=\"https:\/\/sadovodtk.ru\">\r\n                    \r\n                        trang ch\u1ee7                    <\/a>\r\n                <\/span>\r\n                <meta itemprop=\"position\" content=\"1\" \/><!-- Meta Position-->\r\n             <\/li><li><span class=\"fbc-separator\">\/<\/span><\/li><li class=\"active\" itemprop=\"itemListElement\" itemscope itemtype=\"https:\/\/schema.org\/ListItem\"><span itemprop=\"name\" title=\"Qu\u1ea7n \u00e1o nam\">Qu\u1ea7n \u00e1o nam<\/span><meta itemprop=\"position\" content=\"2\" \/><\/li>\t\t\t\t\t<\/ol>\r\n\t\t\t\t\t<div class=\"clearfix\"><\/div>\r\n\t\t\t\t<\/div>\r\n\t\t\t<\/div>\r\n\t\t\t\t\t<\/div>\n\t\t\t\t<\/div>\n\t\t\t\t\t<\/div>\n\t\t<\/div>\n\t\t\t\t\t\t\t<\/div>\n\t\t<\/section>\n\t\t\t\t<section class=\"has_eae_slider elementor-section elementor-top-section elementor-element elementor-element-29b15350 elementor-section-full_width elementor-section-height-default elementor-section-height-default wpr-particle-no wpr-jarallax-no wpr-parallax-no wpr-sticky-section-no\" data-id=\"29b15350\" data-element_type=\"section\">\n\t\t\t\t\t\t<div class=\"elementor-container elementor-column-gap-default\">\n\t\t\t\t\t<div class=\"has_eae_slider elementor-column elementor-col-50 elementor-top-column elementor-element elementor-element-1aae1e04\" data-id=\"1aae1e04\" data-element_type=\"column\">\n\t\t\t<div class=\"elementor-widget-wrap elementor-element-populated\">\n\t\t\t\t\t\t\t\t<div class=\"elementor-element elementor-element-1bb7c1c0 elementor-widget elementor-widget-image\" data-id=\"1bb7c1c0\" data-element_type=\"widget\" data-widget_type=\"image.default\">\n\t\t\t\t<div class=\"elementor-widget-container\">\n\t\t\t<style>\/*! elementor - v3.15.0 - 20-08-2023 *\/\n.elementor-widget-image{text-align:center}.elementor-widget-image a{display:inline-block}.elementor-widget-image a img[src$=\".svg\"]{width:48px}.elementor-widget-image img{vertical-align:middle;display:inline-block}<\/style>\t\t\t\t\t\t\t\t\t\t\t\t<img decoding=\"async\" width=\"1920\" height=\"1280\" src=\"https:\/\/sadovodtk.ru\/wp-content\/uploads\/2023\/03\/46korpusb_sadovodtk.jpg\" class=\"attachment-full size-full wp-image-1061\" alt=\"\" loading=\"lazy\" srcset=\"https:\/\/sadovodtk.ru\/wp-content\/uploads\/2023\/03\/46korpusb_sadovodtk.jpg 1920w, https:\/\/sadovodtk.ru\/wp-content\/uploads\/2023\/03\/46korpusb_sadovodtk-150x100.jpg 150w, https:\/\/sadovodtk.ru\/wp-content\/uploads\/2023\/03\/46korpusb_sadovodtk-1536x1024.jpg 1536w, https:\/\/sadovodtk.ru\/wp-content\/uploads\/2023\/03\/46korpusb_sadovodtk-300x200.jpg 300w, https:\/\/sadovodtk.ru\/wp-content\/uploads\/2023\/03\/46korpusb_sadovodtk-500x333.jpg 500w, https:\/\/sadovodtk.ru\/wp-content\/uploads\/2023\/03\/46korpusb_sadovodtk-769x513.jpg 769w, https:\/\/sadovodtk.ru\/wp-content\/uploads\/2023\/03\/46korpusb_sadovodtk-1024x683.jpg 1024w\" sizes=\"(max-width: 1920px) 100vw, 1920px\" \/>\t\t\t\t\t\t\t\t\t\t\t\t\t\t\t<\/div>\n\t\t\t\t<\/div>\n\t\t\t\t\t<\/div>\n\t\t<\/div>\n\t\t\t\t<div class=\"has_eae_slider elementor-column elementor-col-50 elementor-top-column elementor-element elementor-element-4c7db109\" data-id=\"4c7db109\" data-element_type=\"column\">\n\t\t\t<div class=\"elementor-widget-wrap elementor-element-populated\">\n\t\t\t\t\t\t\t\t<div class=\"elementor-element elementor-element-aa59062 elementor-widget elementor-widget-heading\" data-id=\"aa59062\" data-element_type=\"widget\" data-widget_type=\"heading.default\">\n\t\t\t\t<div class=\"elementor-widget-container\">\n\t\t\t<style>\/*! elementor - v3.15.0 - 20-08-2023 *\/\n.elementor-heading-title{padding:0;margin:0;line-height:1}.elementor-widget-heading .elementor-heading-title[class*=elementor-size-]>a{color:inherit;font-size:inherit;line-height:inherit}.elementor-widget-heading .elementor-heading-title.elementor-size-small{font-size:15px}.elementor-widget-heading .elementor-heading-title.elementor-size-medium{font-size:19px}.elementor-widget-heading .elementor-heading-title.elementor-size-large{font-size:29px}.elementor-widget-heading .elementor-heading-title.elementor-size-xl{font-size:39px}.elementor-widget-heading .elementor-heading-title.elementor-size-xxl{font-size:59px}<\/style><h2 class=\"elementor-heading-title elementor-size-default\">Qu\u1ea7n \u00e1o nam<\/h2>\t\t<\/div>\n\t\t\t\t<\/div>\n\t\t\t\t<div class=\"elementor-element elementor-element-697eb893 elementor-widget elementor-widget-text-editor\" data-id=\"697eb893\" data-element_type=\"widget\" data-widget_type=\"text-editor.default\">\n\t\t\t\t<div class=\"elementor-widget-container\">\n\t\t\t<style>\/*! elementor - v3.15.0 - 20-08-2023 *\/\n.elementor-widget-text-editor.elementor-drop-cap-view-stacked .elementor-drop-cap{background-color:#69727d;color:#fff}.elementor-widget-text-editor.elementor-drop-cap-view-framed .elementor-drop-cap{color:#69727d;border:3px solid;background-color:transparent}.elementor-widget-text-editor:not(.elementor-drop-cap-view-default) .elementor-drop-cap{margin-top:8px}.elementor-widget-text-editor:not(.elementor-drop-cap-view-default) .elementor-drop-cap-letter{width:1em;height:1em}.elementor-widget-text-editor .elementor-drop-cap{float:left;text-align:center;line-height:1;font-size:50px}.elementor-widget-text-editor .elementor-drop-cap-letter{display:inline-block}<\/style>\t\t\t\t<p>B\u00e1n qu\u1ea7n \u00e1o nam <b>tr\u00ean c\u00e1c h\u00e0ng 5, 10, 14-22 h\u00e0ng qu\u1ea7n \u00e1o, \u1edf t\u00f2a nh\u00e0 A v\u00e0 B<\/b>. \u00c1o kho\u00e1c ngo\u00e0i cho m\u00f9a l\u1ea1nh c\u0169ng \u0111\u01b0\u1ee3c tr\u01b0ng b\u00e0y trong gian h\u00e0ng chuy\u00ean d\u1ee5ng \u201c\u00c1o kho\u00e1c, L\u00f4ng th\u00fa v\u00e0 Da\u201d.<br \/><br \/><\/p><p>C\u01a1 s\u1edf t\u1ee7 qu\u1ea7n \u00e1o c\u1ee7a m\u1ed9t ng\u01b0\u1eddi \u0111\u00e0n \u00f4ng bao g\u1ed3m b\u1ed9 \u0111\u1ed3 c\u00f4ng s\u1edf v\u00e0 th\u1ec3 thao, qu\u1ea7n jean v\u00e0 qu\u1ea7n d\u00e0i, \u00e1o ph\u00f4ng v\u00e0 \u00e1o s\u01a1 mi, \u00e1o kho\u00e1c v\u00e0 \u00e1o cao c\u1ed5.<\/p><p><br \/>M\u00e0u s\u1eafc truy\u1ec1n th\u1ed1ng c\u1ee7a qu\u1ea7n \u00e1o nam l\u00e0 \u0111en, tr\u1eafng, x\u00e1m, xanh, n\u00e2u v\u00e0 kaki, v\u00e0 c\u00e1c h\u1ecda ti\u1ebft c\u01a1 b\u1ea3n l\u00e0 s\u1ecdc v\u00e0 ca-r\u00f4. Tuy nhi\u00ean, ng\u00e0nh th\u1eddi trang hi\u1ec7n \u0111\u1ea1i cung c\u1ea5p nhi\u1ec1u l\u1ef1a ch\u1ecdn cho b\u1ea5t k\u1ef3 d\u1ecbp n\u00e0o v\u00e0 b\u1ea5t k\u1ef3 th\u1eddi \u0111i\u1ec3m n\u00e0o trong n\u0103m.<\/p><p><br \/>\u0110\u00e0n \u00f4ng ti\u1ebfp t\u1ee5c coi tr\u1ecdng s\u1ef1 tho\u1ea3i m\u00e1i v\u00e0 ti\u1ec7n l\u1ee3i, nh\u01b0ng kh\u00f4ng c\u00f2n ng\u1ea1i m\u00e0u s\u1eafc t\u01b0\u01a1i s\u00e1ng v\u00e0 nh\u1eefng \u0111\u01b0\u1eddng c\u1eaft kh\u00e1c th\u01b0\u1eddng. C\u00e1c c\u1eeda h\u00e0ng qu\u1ea7n \u00e1o nam \u1edf trung t\u00e2m mua s\u1eafm Sadovod ch\u1ee9ng minh r\u1eb1ng thi\u1ebft th\u1ef1c c\u00f3 th\u1ec3 r\u1ea5t phong c\u00e1ch. V\u1edbi s\u1ef1 l\u1ef1a ch\u1ecdn kh\u1ed5ng l\u1ed3 nh\u01b0 v\u1eady, m\u1ecdi ng\u01b0\u1eddi \u0111\u1ec1u c\u00f3 th\u1ec3 t\u00ecm v\u00e0 ch\u1ecdn nh\u1eefng b\u1ed9 qu\u1ea7n \u00e1o \u0111\u00e1p \u1ee9ng m\u1ecdi y\u00eau c\u1ea7u v\u00e0 mong mu\u1ed1n c\u1ee7a m\u00ecnh: t\u1eeb m\u1ed9t b\u1ed9 vest c\u1ed5 \u0111i\u1ec3n cho m\u1ed9t s\u1ef1 ki\u1ec7n trang tr\u1ecdng ho\u1eb7c \u0111i l\u00e0m cho \u0111\u1ebfn qu\u1ea7n short \u0111i bi\u1ec3n \u0111\u1ec3 \u0111i d\u1ea1o b\u00ean b\u1edd bi\u1ec3n.<\/p><p><br \/>Ngo\u00e0i ra, trong khu ph\u1ee9c h\u1ee3p mua s\u1eafm Sadovod c\u00f2n c\u00f3 nhi\u1ec1u lo\u1ea1i \u0111\u1ed3 l\u00f3t nam, thi\u1ebft b\u1ecb s\u0103n b\u1eafn v\u00e0 c\u00e2u c\u00e1, \u00e1o cho\u00e0ng t\u1eafm, ph\u1ee5 ki\u1ec7n: c\u00e0 v\u1ea1t, th\u1eaft l\u01b0ng, \u0111\u1ed3ng h\u1ed3, k\u00ednh, kh\u0103n qu\u00e0ng c\u1ed5, m\u0169, g\u0103ng tay.<\/p><p><br \/>T\u1ea5t c\u1ea3 c\u00e1c s\u1ea3n ph\u1ea9m \u0111\u01b0\u1ee3c b\u00e1n s\u1ec9 v\u00e0 l\u1ebb.<\/p>\t\t\t\t\t\t<\/div>\n\t\t\t\t<\/div>\n\t\t\t\t<div class=\"elementor-element elementor-element-7c0f2041 elementor-icon-list--layout-traditional elementor-list-item-link-full_width elementor-widget elementor-widget-icon-list\" data-id=\"7c0f2041\" data-element_type=\"widget\" data-widget_type=\"icon-list.default\">\n\t\t\t\t<div class=\"elementor-widget-container\">\n\t\t\t<link rel=\"stylesheet\" href=\"https:\/\/sadovodtk.ru\/wp-content\/plugins\/elementor\/assets\/css\/widget-icon-list.min.css\">\t\t<ul class=\"elementor-icon-list-items\">\n\t\t\t\t\t\t\t<li class=\"elementor-icon-list-item\">\n\t\t\t\t\t\t\t\t\t\t\t<span class=\"elementor-icon-list-icon\">\n\t\t\t\t\t\t\t<i aria-hidden=\"true\" class=\"fas fa-check\"><\/i>\t\t\t\t\t\t<\/span>\n\t\t\t\t\t\t\t\t\t\t<span class=\"elementor-icon-list-text\">b\u1ed9 vest c\u00f4ng s\u1edf<\/span>\n\t\t\t\t\t\t\t\t\t<\/li>\n\t\t\t\t\t\t\t\t<li class=\"elementor-icon-list-item\">\n\t\t\t\t\t\t\t\t\t\t\t<span class=\"elementor-icon-list-icon\">\n\t\t\t\t\t\t\t<i aria-hidden=\"true\" class=\"fas fa-check\"><\/i>\t\t\t\t\t\t<\/span>\n\t\t\t\t\t\t\t\t\t\t<span class=\"elementor-icon-list-text\">qu\u1ea7n t\u00e2y v\u00e0 qu\u1ea7n jean<\/span>\n\t\t\t\t\t\t\t\t\t<\/li>\n\t\t\t\t\t\t\t\t<li class=\"elementor-icon-list-item\">\n\t\t\t\t\t\t\t\t\t\t\t<span class=\"elementor-icon-list-icon\">\n\t\t\t\t\t\t\t<i aria-hidden=\"true\" class=\"fas fa-check\"><\/i>\t\t\t\t\t\t<\/span>\n\t\t\t\t\t\t\t\t\t\t<span class=\"elementor-icon-list-text\">\u00e1o s\u01a1 mi, \u00e1o ph\u00f4ng, polo<\/span>\n\t\t\t\t\t\t\t\t\t<\/li>\n\t\t\t\t\t\t\t\t<li class=\"elementor-icon-list-item\">\n\t\t\t\t\t\t\t\t\t\t\t<span class=\"elementor-icon-list-icon\">\n\t\t\t\t\t\t\t<i aria-hidden=\"true\" class=\"fas fa-check\"><\/i>\t\t\t\t\t\t<\/span>\n\t\t\t\t\t\t\t\t\t\t<span class=\"elementor-icon-list-text\">\u00e1o kho\u00e1c, \u00e1o cao c\u1ed5, \u00e1o chui \u0111\u1ea7u<\/span>\n\t\t\t\t\t\t\t\t\t<\/li>\n\t\t\t\t\t\t\t\t<li class=\"elementor-icon-list-item\">\n\t\t\t\t\t\t\t\t\t\t\t<span class=\"elementor-icon-list-icon\">\n\t\t\t\t\t\t\t<i aria-hidden=\"true\" class=\"fas fa-check\"><\/i>\t\t\t\t\t\t<\/span>\n\t\t\t\t\t\t\t\t\t\t<span class=\"elementor-icon-list-text\">b\u1ed9 \u0111\u1ed3 th\u1ec3 thao<\/span>\n\t\t\t\t\t\t\t\t\t<\/li>\n\t\t\t\t\t\t<\/ul>\n\t\t\t\t<\/div>\n\t\t\t\t<\/div>\n\t\t\t\t\t<\/div>\n\t\t<\/div>\n\t\t\t\t\t\t\t<\/div>\n\t\t<\/section>\n\t\t\t\t<section class=\"has_eae_slider elementor-section elementor-top-section elementor-element elementor-element-39c2bcaf elementor-section-full_width elementor-section-height-default elementor-section-height-default wpr-particle-no wpr-jarallax-no wpr-parallax-no wpr-sticky-section-no\" data-id=\"39c2bcaf\" data-element_type=\"section\">\n\t\t\t\t\t\t<div class=\"elementor-container elementor-column-gap-default\">\n\t\t\t\t\t<div class=\"has_eae_slider elementor-column elementor-col-100 elementor-top-column elementor-element elementor-element-12826a49\" data-id=\"12826a49\" data-element_type=\"column\">\n\t\t\t<div class=\"elementor-widget-wrap elementor-element-populated\">\n\t\t\t\t\t\t\t\t<div class=\"elementor-element elementor-element-7fa8394 elementor-widget elementor-widget-html\" data-id=\"7fa8394\" data-element_type=\"widget\" data-widget_type=\"html.default\">\n\t\t\t\t<div class=\"elementor-widget-container\">\n\t\t\t<div><div id=\"image-map-pro-3e44c064-3ced-4c4d-a0ce-99b4b50a6375\"><\/div><\/div>\t\t<\/div>\n\t\t\t\t<\/div>\n\t\t\t\t\t<\/div>\n\t\t<\/div>\n\t\t\t\t\t\t\t<\/div>\n\t\t<\/section>\n\t\t\t\t\t\t\t<\/div>","protected":false},"excerpt":{"rendered":"<p>Qu\u1ea7n \u00e1o nam \u0111\u01b0\u1ee3c b\u00e1n t\u1ea1i c\u00e1c qu\u1ea7y 5, 10 v\u00e0 14-22 c\u1ee7a c\u00e1c gian h\u00e0ng qu\u1ea7n \u00e1o trong t\u00f2a nh\u00e0 A v\u00e0 B. \u00c1o kho\u00e1c ngo\u00e0i cho m\u00f9a l\u1ea1nh c\u0169ng c\u00f3 s\u1eb5n t\u1ea1i gian h\u00e0ng chuy\u00ean bi\u1ec7t &quot;\u00c1o kho\u00e1c, L\u00f4ng th\u00fa v\u00e0 Da&quot;. T\u1ee7 qu\u1ea7n \u00e1o nam ch\u1ee7 y\u1ebfu bao g\u1ed3m vest c\u00f4ng s\u1edf v\u00e0 \u0111\u1ed3 th\u1ec3 thao, qu\u1ea7n jean v\u00e0 qu\u1ea7n t\u00e2y, \u00e1o ph\u00f4ng v\u00e0 \u00e1o s\u01a1 mi, \u00e1o kho\u00e1c v\u00e0 \u00e1o c\u1ed5 l\u1ecd. M\u00e0u s\u1eafc truy\u1ec1n th\u1ed1ng c\u1ee7a trang ph\u1ee5c nam l\u00e0 [\u2026]<\/p>","protected":false},"author":1,"featured_media":1060,"parent":3605,"menu_order":0,"comment_status":"closed","ping_status":"closed","template":"page-elementor.php","meta":[],"yoast_head":"<!-- This site is optimized with the Yoast SEO plugin v19.11 - https:\/\/yoast.com\/wordpress\/plugins\/seo\/ -->\n<title>\u041c\u0443\u0436\u0441\u043a\u0430\u044f \u043e\u0434\u0435\u0436\u0434\u0430 - \u0421\u0430\u0434\u043e\u0432\u043e\u0434<\/title>\n<meta name=\"description\" content=\"\u041c\u0443\u0436\u0441\u043a\u0430\u044f \u043e\u0434\u0435\u0436\u0434\u0430 \u043f\u0440\u043e\u0434\u0430\u0451\u0442\u0441\u044f \u043d\u0430 \u043b\u0438\u043d\u0438\u044f\u0445 5, 10, 14-22 \u0432\u0435\u0449\u0435\u0432\u044b\u0445 \u0440\u044f\u0434\u043e\u0432, \u0432 \u043a\u043e\u0440\u043f\u0443\u0441\u0430\u0445 \u0410 \u0438 \u0411. \u0412\u0435\u0440\u0445\u043d\u044f\u044f \u043e\u0434\u0435\u0436\u0434\u0430 \u0434\u043b\u044f \u0445\u043e\u043b\u043e\u0434\u043d\u043e\u0433\u043e \u0432\u0440\u0435\u043c\u0435\u043d\u0438 \u0433\u043e\u0434\u0430 \u043f\u0440\u0435\u0434\u0441\u0442\u0430\u0432\u043b\u0435\u043d\u0430 \u0442\u0430\u043a\u0436\u0435 \u0432 \u0441\u043f\u0435\u0446\u0438\u0430\u043b\u0438\u0437\u0438\u0440\u043e\u0432\u0430\u043d\u043d\u043e\u043c \u043f\u0430\u0432\u0438\u043b\u044c\u043e\u043d\u0435 \u00ab\u041f\u0430\u043b\u044c\u0442\u043e, \u043c\u0435\u0445\u0430 \u0438 \u043a\u043e\u0436\u0430\u00bb.\" \/>\n<meta name=\"robots\" content=\"index, follow, max-snippet:-1, max-image-preview:large, max-video-preview:-1\" \/>\n<link rel=\"canonical\" href=\"https:\/\/sadovodtk.ru\/vi\/assortiment\/muzhskaya-odezhda\/\" \/>\n<meta property=\"og:locale\" content=\"vi_VN\" \/>\n<meta property=\"og:type\" content=\"article\" \/>\n<meta property=\"og:title\" content=\"\u041c\u0443\u0436\u0441\u043a\u0430\u044f \u043e\u0434\u0435\u0436\u0434\u0430 - \u0421\u0430\u0434\u043e\u0432\u043e\u0434\" \/>\n<meta property=\"og:description\" content=\"\u041c\u0443\u0436\u0441\u043a\u0430\u044f \u043e\u0434\u0435\u0436\u0434\u0430 \u043f\u0440\u043e\u0434\u0430\u0451\u0442\u0441\u044f \u043d\u0430 \u043b\u0438\u043d\u0438\u044f\u0445 5, 10, 14-22 \u0432\u0435\u0449\u0435\u0432\u044b\u0445 \u0440\u044f\u0434\u043e\u0432, \u0432 \u043a\u043e\u0440\u043f\u0443\u0441\u0430\u0445 \u0410 \u0438 \u0411. \u0412\u0435\u0440\u0445\u043d\u044f\u044f \u043e\u0434\u0435\u0436\u0434\u0430 \u0434\u043b\u044f \u0445\u043e\u043b\u043e\u0434\u043d\u043e\u0433\u043e \u0432\u0440\u0435\u043c\u0435\u043d\u0438 \u0433\u043e\u0434\u0430 \u043f\u0440\u0435\u0434\u0441\u0442\u0430\u0432\u043b\u0435\u043d\u0430 \u0442\u0430\u043a\u0436\u0435 \u0432 \u0441\u043f\u0435\u0446\u0438\u0430\u043b\u0438\u0437\u0438\u0440\u043e\u0432\u0430\u043d\u043d\u043e\u043c \u043f\u0430\u0432\u0438\u043b\u044c\u043e\u043d\u0435 \u00ab\u041f\u0430\u043b\u044c\u0442\u043e, \u043c\u0435\u0445\u0430 \u0438 \u043a\u043e\u0436\u0430\u00bb.\" \/>\n<meta property=\"og:url\" content=\"https:\/\/sadovodtk.ru\/vi\/assortiment\/muzhskaya-odezhda\/\" \/>\n<meta property=\"og:site_name\" content=\"\u0421\u0430\u0434\u043e\u0432\u043e\u0434\" \/>\n<meta property=\"article:modified_time\" content=\"2024-06-18T11:19:33+00:00\" \/>\n<meta property=\"og:image\" content=\"https:\/\/sadovodtk.ru\/wp-content\/uploads\/2023\/03\/45korpusb_sadovodtk.jpg\" \/>\n\t<meta property=\"og:image:width\" content=\"1920\" \/>\n\t<meta property=\"og:image:height\" content=\"1080\" \/>\n\t<meta property=\"og:image:type\" content=\"image\/jpeg\" \/>\n<meta name=\"twitter:card\" content=\"summary_large_image\" \/>\n<meta name=\"twitter:label1\" content=\"Est. reading time\" \/>\n\t<meta name=\"twitter:data1\" content=\"2 ph\u00fat\" \/>\n<script type=\"application\/ld+json\" class=\"yoast-schema-graph\">{\"@context\":\"https:\/\/schema.org\",\"@graph\":[{\"@type\":\"WebPage\",\"@id\":\"https:\/\/sadovodtk.ru\/assortiment\/muzhskaya-odezhda\/\",\"url\":\"https:\/\/sadovodtk.ru\/assortiment\/muzhskaya-odezhda\/\",\"name\":\"\u041c\u0443\u0436\u0441\u043a\u0430\u044f \u043e\u0434\u0435\u0436\u0434\u0430 - \u0421\u0430\u0434\u043e\u0432\u043e\u0434\",\"isPartOf\":{\"@id\":\"https:\/\/sadovodtk.ru\/#website\"},\"datePublished\":\"2023-01-13T07:21:57+00:00\",\"dateModified\":\"2024-06-18T11:19:33+00:00\",\"description\":\"\u041c\u0443\u0436\u0441\u043a\u0430\u044f \u043e\u0434\u0435\u0436\u0434\u0430 \u043f\u0440\u043e\u0434\u0430\u0451\u0442\u0441\u044f \u043d\u0430 \u043b\u0438\u043d\u0438\u044f\u0445 5, 10, 14-22 \u0432\u0435\u0449\u0435\u0432\u044b\u0445 \u0440\u044f\u0434\u043e\u0432, \u0432 \u043a\u043e\u0440\u043f\u0443\u0441\u0430\u0445 \u0410 \u0438 \u0411. \u0412\u0435\u0440\u0445\u043d\u044f\u044f \u043e\u0434\u0435\u0436\u0434\u0430 \u0434\u043b\u044f \u0445\u043e\u043b\u043e\u0434\u043d\u043e\u0433\u043e \u0432\u0440\u0435\u043c\u0435\u043d\u0438 \u0433\u043e\u0434\u0430 \u043f\u0440\u0435\u0434\u0441\u0442\u0430\u0432\u043b\u0435\u043d\u0430 \u0442\u0430\u043a\u0436\u0435 \u0432 \u0441\u043f\u0435\u0446\u0438\u0430\u043b\u0438\u0437\u0438\u0440\u043e\u0432\u0430\u043d\u043d\u043e\u043c \u043f\u0430\u0432\u0438\u043b\u044c\u043e\u043d\u0435 \u00ab\u041f\u0430\u043b\u044c\u0442\u043e, \u043c\u0435\u0445\u0430 \u0438 \u043a\u043e\u0436\u0430\u00bb.\",\"breadcrumb\":{\"@id\":\"https:\/\/sadovodtk.ru\/assortiment\/muzhskaya-odezhda\/#breadcrumb\"},\"inLanguage\":\"vi\",\"potentialAction\":[{\"@type\":\"ReadAction\",\"target\":[\"https:\/\/sadovodtk.ru\/assortiment\/muzhskaya-odezhda\/\"]}]},{\"@type\":\"BreadcrumbList\",\"@id\":\"https:\/\/sadovodtk.ru\/assortiment\/muzhskaya-odezhda\/#breadcrumb\",\"itemListElement\":[{\"@type\":\"ListItem\",\"position\":1,\"name\":\"\u0413\u043b\u0430\u0432\u043d\u0430\u044f \u0441\u0442\u0440\u0430\u043d\u0438\u0446\u0430\",\"item\":\"https:\/\/sadovodtk.ru\/\"},{\"@type\":\"ListItem\",\"position\":2,\"name\":\"\u0410\u0441\u0441\u043e\u0440\u0442\u0438\u043c\u0435\u043d\u0442\",\"item\":\"https:\/\/sadovodtk.ru\/assortiment\/\"},{\"@type\":\"ListItem\",\"position\":3,\"name\":\"\u041c\u0443\u0436\u0441\u043a\u0430\u044f \u043e\u0434\u0435\u0436\u0434\u0430\"}]},{\"@type\":\"WebSite\",\"@id\":\"https:\/\/sadovodtk.ru\/#website\",\"url\":\"https:\/\/sadovodtk.ru\/\",\"name\":\"\u0422\u041a \u0421\u0430\u0434\u043e\u0432\u043e\u0434\",\"description\":\"\",\"potentialAction\":[{\"@type\":\"SearchAction\",\"target\":{\"@type\":\"EntryPoint\",\"urlTemplate\":\"https:\/\/sadovodtk.ru\/?s={search_term_string}\"},\"query-input\":\"required name=search_term_string\"}],\"inLanguage\":\"vi\"}]}<\/script>\n<!-- \/ Yoast SEO plugin. -->","yoast_head_json":{"title":"\u041c\u0443\u0436\u0441\u043a\u0430\u044f \u043e\u0434\u0435\u0436\u0434\u0430 - \u0421\u0430\u0434\u043e\u0432\u043e\u0434","description":"\u041c\u0443\u0436\u0441\u043a\u0430\u044f \u043e\u0434\u0435\u0436\u0434\u0430 \u043f\u0440\u043e\u0434\u0430\u0451\u0442\u0441\u044f \u043d\u0430 \u043b\u0438\u043d\u0438\u044f\u0445 5, 10, 14-22 \u0432\u0435\u0449\u0435\u0432\u044b\u0445 \u0440\u044f\u0434\u043e\u0432, \u0432 \u043a\u043e\u0440\u043f\u0443\u0441\u0430\u0445 \u0410 \u0438 \u0411. \u0412\u0435\u0440\u0445\u043d\u044f\u044f \u043e\u0434\u0435\u0436\u0434\u0430 \u0434\u043b\u044f \u0445\u043e\u043b\u043e\u0434\u043d\u043e\u0433\u043e \u0432\u0440\u0435\u043c\u0435\u043d\u0438 \u0433\u043e\u0434\u0430 \u043f\u0440\u0435\u0434\u0441\u0442\u0430\u0432\u043b\u0435\u043d\u0430 \u0442\u0430\u043a\u0436\u0435 \u0432 \u0441\u043f\u0435\u0446\u0438\u0430\u043b\u0438\u0437\u0438\u0440\u043e\u0432\u0430\u043d\u043d\u043e\u043c \u043f\u0430\u0432\u0438\u043b\u044c\u043e\u043d\u0435 \u00ab\u041f\u0430\u043b\u044c\u0442\u043e, \u043c\u0435\u0445\u0430 \u0438 \u043a\u043e\u0436\u0430\u00bb.","robots":{"index":"index","follow":"follow","max-snippet":"max-snippet:-1","max-image-preview":"max-image-preview:large","max-video-preview":"max-video-preview:-1"},"canonical":"https:\/\/sadovodtk.ru\/vi\/assortiment\/muzhskaya-odezhda\/","og_locale":"vi_VN","og_type":"article","og_title":"\u041c\u0443\u0436\u0441\u043a\u0430\u044f \u043e\u0434\u0435\u0436\u0434\u0430 - \u0421\u0430\u0434\u043e\u0432\u043e\u0434","og_description":"\u041c\u0443\u0436\u0441\u043a\u0430\u044f \u043e\u0434\u0435\u0436\u0434\u0430 \u043f\u0440\u043e\u0434\u0430\u0451\u0442\u0441\u044f \u043d\u0430 \u043b\u0438\u043d\u0438\u044f\u0445 5, 10, 14-22 \u0432\u0435\u0449\u0435\u0432\u044b\u0445 \u0440\u044f\u0434\u043e\u0432, \u0432 \u043a\u043e\u0440\u043f\u0443\u0441\u0430\u0445 \u0410 \u0438 \u0411. \u0412\u0435\u0440\u0445\u043d\u044f\u044f \u043e\u0434\u0435\u0436\u0434\u0430 \u0434\u043b\u044f \u0445\u043e\u043b\u043e\u0434\u043d\u043e\u0433\u043e \u0432\u0440\u0435\u043c\u0435\u043d\u0438 \u0433\u043e\u0434\u0430 \u043f\u0440\u0435\u0434\u0441\u0442\u0430\u0432\u043b\u0435\u043d\u0430 \u0442\u0430\u043a\u0436\u0435 \u0432 \u0441\u043f\u0435\u0446\u0438\u0430\u043b\u0438\u0437\u0438\u0440\u043e\u0432\u0430\u043d\u043d\u043e\u043c \u043f\u0430\u0432\u0438\u043b\u044c\u043e\u043d\u0435 \u00ab\u041f\u0430\u043b\u044c\u0442\u043e, \u043c\u0435\u0445\u0430 \u0438 \u043a\u043e\u0436\u0430\u00bb.","og_url":"https:\/\/sadovodtk.ru\/vi\/assortiment\/muzhskaya-odezhda\/","og_site_name":"\u0421\u0430\u0434\u043e\u0432\u043e\u0434","article_modified_time":"2024-06-18T11:19:33+00:00","og_image":[{"width":1920,"height":1080,"url":"https:\/\/sadovodtk.ru\/wp-content\/uploads\/2023\/03\/45korpusb_sadovodtk.jpg","type":"image\/jpeg"}],"twitter_card":"summary_large_image","twitter_misc":{"Est. reading time":"2 ph\u00fat"},"schema":{"@context":"https:\/\/schema.org","@graph":[{"@type":"WebPage","@id":"https:\/\/sadovodtk.ru\/assortiment\/muzhskaya-odezhda\/","url":"https:\/\/sadovodtk.ru\/assortiment\/muzhskaya-odezhda\/","name":"\u041c\u0443\u0436\u0441\u043a\u0430\u044f \u043e\u0434\u0435\u0436\u0434\u0430 - \u0421\u0430\u0434\u043e\u0432\u043e\u0434","isPartOf":{"@id":"https:\/\/sadovodtk.ru\/#website"},"datePublished":"2023-01-13T07:21:57+00:00","dateModified":"2024-06-18T11:19:33+00:00","description":"\u041c\u0443\u0436\u0441\u043a\u0430\u044f \u043e\u0434\u0435\u0436\u0434\u0430 \u043f\u0440\u043e\u0434\u0430\u0451\u0442\u0441\u044f \u043d\u0430 \u043b\u0438\u043d\u0438\u044f\u0445 5, 10, 14-22 \u0432\u0435\u0449\u0435\u0432\u044b\u0445 \u0440\u044f\u0434\u043e\u0432, \u0432 \u043a\u043e\u0440\u043f\u0443\u0441\u0430\u0445 \u0410 \u0438 \u0411. \u0412\u0435\u0440\u0445\u043d\u044f\u044f \u043e\u0434\u0435\u0436\u0434\u0430 \u0434\u043b\u044f \u0445\u043e\u043b\u043e\u0434\u043d\u043e\u0433\u043e \u0432\u0440\u0435\u043c\u0435\u043d\u0438 \u0433\u043e\u0434\u0430 \u043f\u0440\u0435\u0434\u0441\u0442\u0430\u0432\u043b\u0435\u043d\u0430 \u0442\u0430\u043a\u0436\u0435 \u0432 \u0441\u043f\u0435\u0446\u0438\u0430\u043b\u0438\u0437\u0438\u0440\u043e\u0432\u0430\u043d\u043d\u043e\u043c \u043f\u0430\u0432\u0438\u043b\u044c\u043e\u043d\u0435 \u00ab\u041f\u0430\u043b\u044c\u0442\u043e, \u043c\u0435\u0445\u0430 \u0438 \u043a\u043e\u0436\u0430\u00bb.","breadcrumb":{"@id":"https:\/\/sadovodtk.ru\/assortiment\/muzhskaya-odezhda\/#breadcrumb"},"inLanguage":"vi","potentialAction":[{"@type":"ReadAction","target":["https:\/\/sadovodtk.ru\/assortiment\/muzhskaya-odezhda\/"]}]},{"@type":"BreadcrumbList","@id":"https:\/\/sadovodtk.ru\/assortiment\/muzhskaya-odezhda\/#breadcrumb","itemListElement":[{"@type":"ListItem","position":1,"name":"\u0413\u043b\u0430\u0432\u043d\u0430\u044f \u0441\u0442\u0440\u0430\u043d\u0438\u0446\u0430","item":"https:\/\/sadovodtk.ru\/"},{"@type":"ListItem","position":2,"name":"\u0410\u0441\u0441\u043e\u0440\u0442\u0438\u043c\u0435\u043d\u0442","item":"https:\/\/sadovodtk.ru\/assortiment\/"},{"@type":"ListItem","position":3,"name":"\u041c\u0443\u0436\u0441\u043a\u0430\u044f \u043e\u0434\u0435\u0436\u0434\u0430"}]},{"@type":"WebSite","@id":"https:\/\/sadovodtk.ru\/#website","url":"https:\/\/sadovodtk.ru\/","name":"\u0422\u041a \u0421\u0430\u0434\u043e\u0432\u043e\u0434","description":"","potentialAction":[{"@type":"SearchAction","target":{"@type":"EntryPoint","urlTemplate":"https:\/\/sadovodtk.ru\/?s={search_term_string}"},"query-input":"required name=search_term_string"}],"inLanguage":"vi"}]}},"_links":{"self":[{"href":"https:\/\/sadovodtk.ru\/vi\/wp-json\/wp\/v2\/pages\/443"}],"collection":[{"href":"https:\/\/sadovodtk.ru\/vi\/wp-json\/wp\/v2\/pages"}],"about":[{"href":"https:\/\/sadovodtk.ru\/vi\/wp-json\/wp\/v2\/types\/page"}],"author":[{"embeddable":true,"href":"https:\/\/sadovodtk.ru\/vi\/wp-json\/wp\/v2\/users\/1"}],"replies":[{"embeddable":true,"href":"https:\/\/sadovodtk.ru\/vi\/wp-json\/wp\/v2\/comments?post=443"}],"version-history":[{"count":10,"href":"https:\/\/sadovodtk.ru\/vi\/wp-json\/wp\/v2\/pages\/443\/revisions"}],"predecessor-version":[{"id":9864,"href":"https:\/\/sadovodtk.ru\/vi\/wp-json\/wp\/v2\/pages\/443\/revisions\/9864"}],"up":[{"embeddable":true,"href":"https:\/\/sadovodtk.ru\/vi\/wp-json\/wp\/v2\/pages\/3605"}],"wp:featuredmedia":[{"embeddable":true,"href":"https:\/\/sadovodtk.ru\/vi\/wp-json\/wp\/v2\/media\/1060"}],"wp:attachment":[{"href":"https:\/\/sadovodtk.ru\/vi\/wp-json\/wp\/v2\/media?parent=443"}],"curies":[{"name":"wp","href":"https:\/\/api.w.org\/{rel}","templated":true}]}}