{"id":3,"date":"2022-11-29T14:04:46","date_gmt":"2022-11-29T11:04:46","guid":{"rendered":"http:\/\/local.sadovod.ru\/?page_id=3"},"modified":"2024-03-19T18:28:32","modified_gmt":"2024-03-19T15:28:32","slug":"privacy-policy","status":"publish","type":"page","link":"https:\/\/sadovodtk.ru\/vi\/privacy-policy\/","title":{"rendered":"Ch\u00ednh s\u00e1ch b\u1ea3o m\u1eadt"},"content":{"rendered":"<h2>Ch\u00fang ta l\u00e0 ai<\/h2>\r\n\r\n\r\n\r\n<p><strong class=\"privacy-policy-tutorial\">V\u0103n b\u1ea3n \u0111\u1ec1 xu\u1ea5t: <\/strong>\u0110\u1ecba ch\u1ec9 trang web c\u1ee7a ch\u00fang t\u00f4i: http:\/\/local.sadovod.ru.<\/p>\r\n\r\n\r\n\r\n<h2>B\u00ecnh lu\u1eadn<\/h2>\r\n\r\n\r\n\r\n<p><strong class=\"privacy-policy-tutorial\">V\u0103n b\u1ea3n \u0111\u1ec1 xu\u1ea5t: <\/strong>N\u1ebfu kh\u00e1ch truy c\u1eadp \u0111\u1ec3 l\u1ea1i nh\u1eadn x\u00e9t tr\u00ean trang web, ch\u00fang t\u00f4i s\u1ebd thu th\u1eadp d\u1eef li\u1ec7u \u0111\u01b0\u1ee3c ch\u1ec9 \u0111\u1ecbnh trong bi\u1ec3u m\u1eabu nh\u1eadn x\u00e9t c\u0169ng nh\u01b0 \u0111\u1ecba ch\u1ec9 IP c\u1ee7a kh\u00e1ch truy c\u1eadp v\u00e0 d\u1eef li\u1ec7u t\u00e1c nh\u00e2n ng\u01b0\u1eddi d\u00f9ng tr\u00ecnh duy\u1ec7t \u0111\u1ec3 gi\u00fap x\u00e1c \u0111\u1ecbnh th\u01b0 r\u00e1c.<\/p>\r\n\r\n\r\n\r\n<p>M\u1ed9t chu\u1ed7i \u1ea9n danh \u0111\u01b0\u1ee3c t\u1ea1o t\u1eeb \u0111\u1ecba ch\u1ec9 email c\u1ee7a b\u1ea1n (&quot;b\u0103m&quot;) c\u00f3 th\u1ec3 \u0111\u01b0\u1ee3c cung c\u1ea5p cho d\u1ecbch v\u1ee5 Gravatar \u0111\u1ec3 x\u00e1c \u0111\u1ecbnh xem b\u1ea1n c\u00f3 \u0111ang s\u1eed d\u1ee5ng n\u00f3 hay kh\u00f4ng. Ch\u00ednh s\u00e1ch quy\u1ec1n ri\u00eang t\u01b0 c\u1ee7a Gravatar c\u00f3 t\u1ea1i \u0111\u00e2y: https:\/\/automattic.com\/privacy\/. Khi nh\u1eadn x\u00e9t \u0111\u01b0\u1ee3c ph\u00ea duy\u1ec7t, \u1ea3nh h\u1ed3 s\u01a1 c\u1ee7a b\u1ea1n s\u1ebd \u0111\u01b0\u1ee3c hi\u1ec3n th\u1ecb c\u00f4ng khai trong b\u1ed1i c\u1ea3nh nh\u1eadn x\u00e9t c\u1ee7a b\u1ea1n.<\/p>\r\n\r\n\r\n\r\n<h2>T\u1ec7p ph\u01b0\u01a1ng ti\u1ec7n<\/h2>\r\n\r\n\r\n\r\n<p><strong class=\"privacy-policy-tutorial\">V\u0103n b\u1ea3n \u0111\u1ec1 xu\u1ea5t: <\/strong>N\u1ebfu b\u1ea1n l\u00e0 ng\u01b0\u1eddi d\u00f9ng \u0111\u00e3 \u0111\u0103ng k\u00fd v\u00e0 t\u1ea3i \u1ea3nh l\u00ean trang web, b\u1ea1n c\u00f3 th\u1ec3 tr\u00e1nh t\u1ea3i l\u00ean h\u00ecnh \u1ea3nh c\u00f3 si\u00eau d\u1eef li\u1ec7u EXIF v\u00ec ch\u00fang c\u00f3 th\u1ec3 ch\u1ee9a v\u1ecb tr\u00ed GPS c\u1ee7a b\u1ea1n. Kh\u00e1ch truy c\u1eadp c\u00f3 th\u1ec3 l\u1ea5y th\u00f4ng tin n\u00e0y b\u1eb1ng c\u00e1ch t\u1ea3i h\u00ecnh \u1ea3nh t\u1eeb trang web.<\/p>\r\n\r\n\r\n\r\n<h2>B\u00e1nh quy<\/h2>\r\n\r\n\r\n\r\n<p><strong class=\"privacy-policy-tutorial\">V\u0103n b\u1ea3n \u0111\u1ec1 xu\u1ea5t: <\/strong>N\u1ebfu b\u1ea1n \u0111\u1ec3 l\u1ea1i nh\u1eadn x\u00e9t tr\u00ean trang web c\u1ee7a ch\u00fang t\u00f4i, b\u1ea1n c\u00f3 th\u1ec3 ch\u1ecdn tham gia l\u01b0u t\u00ean, \u0111\u1ecba ch\u1ec9 email v\u00e0 trang web c\u1ee7a m\u00ecnh v\u00e0o cookie. \u0110\u00e2y l\u00e0 nh\u1eefng m\u1ee5c \u0111\u00edch thu\u1eadn ti\u1ec7n cho b\u1ea1n \u0111\u1ec3 b\u1ea1n kh\u00f4ng ph\u1ea3i \u0111i\u1ec1n l\u1ea1i th\u00f4ng tin chi ti\u1ebft c\u1ee7a m\u00ecnh v\u00e0o l\u1ea7n b\u00ecnh lu\u1eadn ti\u1ebfp theo. Nh\u1eefng cookie n\u00e0y \u0111\u01b0\u1ee3c l\u01b0u tr\u1eef trong m\u1ed9t n\u0103m.<\/p>\r\n\r\n\r\n\r\n<p>N\u1ebfu b\u1ea1n c\u00f3 t\u00e0i kho\u1ea3n tr\u00ean trang web v\u00e0 \u0111\u0103ng nh\u1eadp, ch\u00fang t\u00f4i s\u1ebd \u0111\u1eb7t cookie t\u1ea1m th\u1eddi \u0111\u1ec3 x\u00e1c \u0111\u1ecbnh xem tr\u00ecnh duy\u1ec7t c\u1ee7a b\u1ea1n c\u00f3 h\u1ed7 tr\u1ee3 cookie kh\u00f4ng ch\u1ee9a b\u1ea5t k\u1ef3 th\u00f4ng tin c\u00e1 nh\u00e2n n\u00e0o v\u00e0 s\u1ebd b\u1ecb x\u00f3a khi b\u1ea1n \u0111\u00f3ng tr\u00ecnh duy\u1ec7t.<\/p>\r\n\r\n\r\n\r\n<p>Khi b\u1ea1n \u0111\u0103ng nh\u1eadp v\u00e0o t\u00e0i kho\u1ea3n c\u1ee7a m\u00ecnh, ch\u00fang t\u00f4i c\u0169ng s\u1ebd \u0111\u1eb7t m\u1ed9t s\u1ed1 cookie v\u1edbi th\u00f4ng tin \u0111\u0103ng nh\u1eadp v\u00e0 t\u00f9y ch\u1ecdn m\u00e0n h\u00ecnh c\u1ee7a b\u1ea1n. Cookie \u0111\u0103ng nh\u1eadp t\u1ed3n t\u1ea1i trong hai ng\u00e0y, cookie c\u00e0i \u0111\u1eb7t m\u00e0n h\u00ecnh t\u1ed3n t\u1ea1i trong m\u1ed9t n\u0103m. N\u1ebfu b\u1ea1n ch\u1ecdn t\u00f9y ch\u1ecdn Ghi nh\u1edb t\u00f4i, th\u00f4ng tin \u0111\u0103ng nh\u1eadp c\u1ee7a b\u1ea1n s\u1ebd \u0111\u01b0\u1ee3c l\u01b0u gi\u1eef trong hai tu\u1ea7n. \u0110\u0103ng xu\u1ea5t kh\u1ecfi t\u00e0i kho\u1ea3n c\u1ee7a b\u1ea1n s\u1ebd x\u00f3a cookie \u0111\u0103ng nh\u1eadp c\u1ee7a b\u1ea1n.<\/p>\r\n\r\n\r\n\r\n<p>Khi ch\u1ec9nh s\u1eeda ho\u1eb7c xu\u1ea5t b\u1ea3n m\u1ed9t b\u00e0i vi\u1ebft, m\u1ed9t cookie b\u1ed5 sung s\u1ebd \u0111\u01b0\u1ee3c l\u01b0u trong tr\u00ecnh duy\u1ec7t; n\u00f3 kh\u00f4ng ch\u1ee9a d\u1eef li\u1ec7u c\u00e1 nh\u00e2n v\u00e0 ch\u1ec9 ch\u1ee9a ID c\u1ee7a m\u1ee5c b\u1ea1n \u0111\u00e3 ch\u1ec9nh s\u1eeda, n\u00f3 s\u1ebd h\u1ebft h\u1ea1n sau 1 ng\u00e0y.<\/p>\r\n\r\n\r\n\r\n<h2>N\u1ed9i dung \u0111\u01b0\u1ee3c nh\u00fang t\u1eeb c\u00e1c trang web kh\u00e1c<\/h2>\r\n\r\n\r\n\r\n<p><strong class=\"privacy-policy-tutorial\">V\u0103n b\u1ea3n \u0111\u1ec1 xu\u1ea5t: <\/strong>C\u00e1c b\u00e0i vi\u1ebft tr\u00ean trang web n\u00e0y c\u00f3 th\u1ec3 bao g\u1ed3m n\u1ed9i dung \u0111\u01b0\u1ee3c nh\u00fang (ch\u1eb3ng h\u1ea1n nh\u01b0 video, h\u00ecnh \u1ea3nh, b\u00e0i vi\u1ebft, v.v.), n\u1ed9i dung \u0111\u00f3 ho\u1ea1t \u0111\u1ed9ng gi\u1ed1ng nh\u01b0 khi kh\u00e1ch truy c\u1eadp \u0111\u00e3 truy c\u1eadp m\u1ed9t trang web kh\u00e1c.<\/p>\r\n\r\n\r\n\r\n<p>C\u00e1c trang web n\u00e0y c\u00f3 th\u1ec3 thu th\u1eadp d\u1eef li\u1ec7u v\u1ec1 b\u1ea1n, s\u1eed d\u1ee5ng cookie, nh\u00fang theo d\u00f5i b\u1ed5 sung c\u1ee7a b\u00ean th\u1ee9 ba v\u00e0 gi\u00e1m s\u00e1t t\u01b0\u01a1ng t\u00e1c c\u1ee7a b\u1ea1n v\u1edbi n\u1ed9i dung \u0111\u01b0\u1ee3c nh\u00fang, bao g\u1ed3m theo d\u00f5i t\u01b0\u01a1ng t\u00e1c c\u1ee7a b\u1ea1n n\u1ebfu b\u1ea1n c\u00f3 t\u00e0i kho\u1ea3n v\u00e0 \u0111\u0103ng nh\u1eadp v\u00e0o trang web \u0111\u00f3.<\/p>\r\n\r\n\r\n\r\n<h2>Ch\u00fang t\u00f4i chia s\u1ebb d\u1eef li\u1ec7u c\u1ee7a b\u1ea1n v\u1edbi ai?<\/h2>\r\n\r\n\r\n\r\n<p><strong class=\"privacy-policy-tutorial\">V\u0103n b\u1ea3n \u0111\u1ec1 xu\u1ea5t: <\/strong>N\u1ebfu b\u1ea1n y\u00eau c\u1ea7u \u0111\u1eb7t l\u1ea1i m\u1eadt kh\u1ea9u, IP c\u1ee7a b\u1ea1n s\u1ebd \u0111\u01b0\u1ee3c bao g\u1ed3m trong email \u0111\u1eb7t l\u1ea1i.<\/p>\r\n\r\n\r\n\r\n<h2>Ch\u00fang t\u00f4i l\u01b0u gi\u1eef d\u1eef li\u1ec7u c\u1ee7a b\u1ea1n trong bao l\u00e2u<\/h2>\r\n\r\n\r\n\r\n<p><strong class=\"privacy-policy-tutorial\">V\u0103n b\u1ea3n \u0111\u1ec1 xu\u1ea5t: <\/strong>N\u1ebfu b\u1ea1n \u0111\u1ec3 l\u1ea1i nh\u1eadn x\u00e9t, nh\u1eadn x\u00e9t \u0111\u00f3 v\u00e0 si\u00eau d\u1eef li\u1ec7u c\u1ee7a n\u00f3 s\u1ebd \u0111\u01b0\u1ee3c gi\u1eef l\u1ea1i v\u00f4 th\u1eddi h\u1ea1n. \u0110i\u1ec1u n\u00e0y \u0111\u01b0\u1ee3c th\u1ef1c hi\u1ec7n \u0111\u1ec3 c\u00e1c nh\u1eadn x\u00e9t ti\u1ebfp theo c\u00f3 th\u1ec3 \u0111\u01b0\u1ee3c x\u00e1c \u0111\u1ecbnh v\u00e0 ph\u00ea duy\u1ec7t m\u1ed9t c\u00e1ch t\u1ef1 \u0111\u1ed9ng, thay v\u00ec ph\u1ea3i x\u1ebfp h\u00e0ng ch\u1edd ph\u00ea duy\u1ec7t.<\/p>\r\n\r\n\r\n\r\n<p>\u0110\u1ed1i v\u1edbi ng\u01b0\u1eddi d\u00f9ng \u0111\u0103ng k\u00fd tr\u00ean trang web c\u1ee7a ch\u00fang t\u00f4i, ch\u00fang t\u00f4i l\u01b0u tr\u1eef th\u00f4ng tin c\u00e1 nh\u00e2n h\u1ecd cung c\u1ea5p trong h\u1ed3 s\u01a1 c\u1ee7a h\u1ecd. T\u1ea5t c\u1ea3 ng\u01b0\u1eddi d\u00f9ng c\u00f3 th\u1ec3 xem, ch\u1ec9nh s\u1eeda ho\u1eb7c x\u00f3a th\u00f4ng tin h\u1ed3 s\u01a1 c\u1ee7a h\u1ecd b\u1ea5t c\u1ee9 l\u00fac n\u00e0o (ngo\u1ea1i tr\u1eeb t\u00ean ng\u01b0\u1eddi d\u00f9ng). Ban qu\u1ea3n tr\u1ecb website c\u0169ng c\u00f3 th\u1ec3 xem v\u00e0 thay \u0111\u1ed5i th\u00f4ng tin n\u00e0y.<\/p>\r\n\r\n\r\n\r\n<h2>B\u1ea1n c\u00f3 quy\u1ec1n g\u00ec \u0111\u1ed1i v\u1edbi d\u1eef li\u1ec7u c\u1ee7a m\u00ecnh?<\/h2>\r\n\r\n\r\n\r\n<p><strong class=\"privacy-policy-tutorial\">V\u0103n b\u1ea3n \u0111\u1ec1 xu\u1ea5t: <\/strong>N\u1ebfu b\u1ea1n c\u00f3 t\u00e0i kho\u1ea3n tr\u00ean trang web ho\u1eb7c n\u1ebfu b\u1ea1n \u0111\u00e3 \u0111\u1ec3 l\u1ea1i nh\u1eadn x\u00e9t, b\u1ea1n c\u00f3 th\u1ec3 y\u00eau c\u1ea7u t\u1ec7p xu\u1ea5t d\u1eef li\u1ec7u c\u00e1 nh\u00e2n m\u00e0 ch\u00fang t\u00f4i \u0111\u00e3 l\u01b0u tr\u1eef v\u1ec1 b\u1ea1n, bao g\u1ed3m c\u1ea3 d\u1eef li\u1ec7u b\u1ea1n \u0111\u00e3 cung c\u1ea5p. B\u1ea1n c\u0169ng c\u00f3 th\u1ec3 y\u00eau c\u1ea7u x\u00f3a d\u1eef li\u1ec7u n\u00e0y, \u0111i\u1ec1u n\u00e0y kh\u00f4ng bao g\u1ed3m d\u1eef li\u1ec7u m\u00e0 ch\u00fang t\u00f4i b\u1eaft bu\u1ed9c ph\u1ea3i gi\u1eef l\u1ea1i cho m\u1ee5c \u0111\u00edch h\u00e0nh ch\u00ednh, ph\u00e1p l\u00fd ho\u1eb7c b\u1ea3o m\u1eadt.<\/p>\r\n\r\n\r\n\r\n<h2>D\u1eef li\u1ec7u c\u1ee7a b\u1ea1n \u0111\u01b0\u1ee3c g\u1eedi \u0111i \u0111\u00e2u?<\/h2>\r\n\r\n\r\n\r\n<p><strong class=\"privacy-policy-tutorial\">V\u0103n b\u1ea3n \u0111\u1ec1 xu\u1ea5t: <\/strong>Nh\u1eadn x\u00e9t c\u1ee7a ng\u01b0\u1eddi d\u00f9ng c\u00f3 th\u1ec3 \u0111\u01b0\u1ee3c ki\u1ec3m tra b\u1eb1ng d\u1ecbch v\u1ee5 ph\u00e1t hi\u1ec7n th\u01b0 r\u00e1c t\u1ef1 \u0111\u1ed9ng.<\/p>","protected":false},"excerpt":{"rendered":"<p>Ch\u00fang t\u00f4i l\u00e0 ai V\u0103n b\u1ea3n g\u1ee3i \u00fd: \u0110\u1ecba ch\u1ec9 trang web c\u1ee7a ch\u00fang t\u00f4i: http:\/\/local.sadovod.ru. Nh\u1eadn x\u00e9t V\u0103n b\u1ea3n g\u1ee3i \u00fd: N\u1ebfu kh\u00e1ch truy c\u1eadp \u0111\u1ec3 l\u1ea1i nh\u1eadn x\u00e9t tr\u00ean trang web, ch\u00fang t\u00f4i s\u1ebd thu th\u1eadp d\u1eef li\u1ec7u \u0111\u01b0\u1ee3c ch\u1ec9 \u0111\u1ecbnh trong bi\u1ec3u m\u1eabu nh\u1eadn x\u00e9t c\u0169ng nh\u01b0 \u0111\u1ecba ch\u1ec9 IP c\u1ee7a kh\u00e1ch truy c\u1eadp v\u00e0 d\u1eef li\u1ec7u t\u00e1c nh\u00e2n ng\u01b0\u1eddi d\u00f9ng tr\u00ecnh duy\u1ec7t \u0111\u1ec3 gi\u00fap x\u00e1c \u0111\u1ecbnh th\u01b0 r\u00e1c. M\u1ed9t chu\u1ed7i \u1ea9n danh \u0111\u01b0\u1ee3c t\u1ea1o t\u1eeb \u0111\u1ecba ch\u1ec9 email c\u1ee7a b\u1ea1n (&quot;b\u0103m&quot;) c\u00f3 th\u1ec3 \u0111\u01b0\u1ee3c cung c\u1ea5p cho d\u1ecbch v\u1ee5 Gravatar \u0111\u1ec3 x\u00e1c \u0111\u1ecbnh xem b\u1ea1n c\u00f3 \u0111ang s\u1eed d\u1ee5ng n\u00f3 hay kh\u00f4ng. [\u2026]<\/p>","protected":false},"author":1,"featured_media":0,"parent":0,"menu_order":0,"comment_status":"closed","ping_status":"closed","template":"","meta":[],"yoast_head":"<!-- This site is optimized with the Yoast SEO plugin v19.11 - https:\/\/yoast.com\/wordpress\/plugins\/seo\/ -->\n<title>\u041f\u043e\u043b\u0438\u0442\u0438\u043a\u0430 \u043a\u043e\u043d\u0444\u0438\u0434\u0435\u043d\u0446\u0438\u0430\u043b\u044c\u043d\u043e\u0441\u0442\u0438 - \u0421\u0430\u0434\u043e\u0432\u043e\u0434<\/title>\n<meta name=\"description\" content=\"\u0422\u043e\u0440\u0433\u043e\u0432\u044b\u0439 \u043a\u043e\u043c\u043f\u043b\u0435\u043a\u0441 \u00ab\u0421\u0430\u0434\u043e\u0432\u043e\u0434\u00bb (\u0433. \u041c\u043e\u0441\u043a\u0432\u0430) \u2013 \u0443\u0436\u0435 \u0431\u043e\u043b\u0435\u0435 10-\u0442\u0438 \u043b\u0435\u0442 \u044f\u0432\u043b\u044f\u0435\u0442\u0441\u044f \u043a\u0440\u0443\u043f\u043d\u0435\u0439\u0448\u0438\u043c \u0432 \u0420\u043e\u0441\u0441\u0438\u0438 \u0446\u0435\u043d\u0442\u0440\u043e\u043c \u043e\u043f\u0442\u043e\u0432\u043e-\u0440\u043e\u0437\u043d\u0438\u0447\u043d\u043e\u0439 \u0442\u043e\u0440\u0433\u043e\u0432\u043b\u0438. \u041e\u0431\u0449\u0430\u044f \u043f\u043b\u043e\u0449\u0430\u0434\u044c \u0442\u0435\u0440\u0440\u0438\u0442\u043e\u0440\u0438\u0438 \u00ab\u0421\u0430\u0434\u043e\u0432\u043e\u0434\u0430\u00bb \u0441\u043e\u0441\u0442\u0430\u0432\u043b\u044f\u0435\u0442 \u0431\u043e\u043b\u0435\u0435 60 \u0413\u0430.\" \/>\n<meta name=\"robots\" content=\"index, follow, max-snippet:-1, max-image-preview:large, max-video-preview:-1\" \/>\n<link rel=\"canonical\" href=\"https:\/\/sadovodtk.ru\/vi\/privacy-policy\/\" \/>\n<meta property=\"og:locale\" content=\"vi_VN\" \/>\n<meta property=\"og:type\" content=\"article\" \/>\n<meta property=\"og:title\" content=\"\u041f\u043e\u043b\u0438\u0442\u0438\u043a\u0430 \u043a\u043e\u043d\u0444\u0438\u0434\u0435\u043d\u0446\u0438\u0430\u043b\u044c\u043d\u043e\u0441\u0442\u0438 - \u0421\u0430\u0434\u043e\u0432\u043e\u0434\" \/>\n<meta property=\"og:description\" content=\"\u0422\u043e\u0440\u0433\u043e\u0432\u044b\u0439 \u043a\u043e\u043c\u043f\u043b\u0435\u043a\u0441 \u00ab\u0421\u0430\u0434\u043e\u0432\u043e\u0434\u00bb (\u0433. \u041c\u043e\u0441\u043a\u0432\u0430) \u2013 \u0443\u0436\u0435 \u0431\u043e\u043b\u0435\u0435 10-\u0442\u0438 \u043b\u0435\u0442 \u044f\u0432\u043b\u044f\u0435\u0442\u0441\u044f \u043a\u0440\u0443\u043f\u043d\u0435\u0439\u0448\u0438\u043c \u0432 \u0420\u043e\u0441\u0441\u0438\u0438 \u0446\u0435\u043d\u0442\u0440\u043e\u043c \u043e\u043f\u0442\u043e\u0432\u043e-\u0440\u043e\u0437\u043d\u0438\u0447\u043d\u043e\u0439 \u0442\u043e\u0440\u0433\u043e\u0432\u043b\u0438. \u041e\u0431\u0449\u0430\u044f \u043f\u043b\u043e\u0449\u0430\u0434\u044c \u0442\u0435\u0440\u0440\u0438\u0442\u043e\u0440\u0438\u0438 \u00ab\u0421\u0430\u0434\u043e\u0432\u043e\u0434\u0430\u00bb \u0441\u043e\u0441\u0442\u0430\u0432\u043b\u044f\u0435\u0442 \u0431\u043e\u043b\u0435\u0435 60 \u0413\u0430.\" \/>\n<meta property=\"og:url\" content=\"https:\/\/sadovodtk.ru\/vi\/privacy-policy\/\" \/>\n<meta property=\"og:site_name\" content=\"\u0421\u0430\u0434\u043e\u0432\u043e\u0434\" \/>\n<meta property=\"article:modified_time\" content=\"2024-03-19T15:28:32+00:00\" \/>\n<meta name=\"twitter:card\" content=\"summary_large_image\" \/>\n<meta name=\"twitter:label1\" content=\"Est. reading time\" \/>\n\t<meta name=\"twitter:data1\" content=\"3 ph\u00fat\" \/>\n<script type=\"application\/ld+json\" class=\"yoast-schema-graph\">{\"@context\":\"https:\/\/schema.org\",\"@graph\":[{\"@type\":\"WebPage\",\"@id\":\"https:\/\/sadovodtk.ru\/privacy-policy\/\",\"url\":\"https:\/\/sadovodtk.ru\/privacy-policy\/\",\"name\":\"\u041f\u043e\u043b\u0438\u0442\u0438\u043a\u0430 \u043a\u043e\u043d\u0444\u0438\u0434\u0435\u043d\u0446\u0438\u0430\u043b\u044c\u043d\u043e\u0441\u0442\u0438 - \u0421\u0430\u0434\u043e\u0432\u043e\u0434\",\"isPartOf\":{\"@id\":\"https:\/\/sadovodtk.ru\/#website\"},\"datePublished\":\"2022-11-29T11:04:46+00:00\",\"dateModified\":\"2024-03-19T15:28:32+00:00\",\"description\":\"\u0422\u043e\u0440\u0433\u043e\u0432\u044b\u0439 \u043a\u043e\u043c\u043f\u043b\u0435\u043a\u0441 \u00ab\u0421\u0430\u0434\u043e\u0432\u043e\u0434\u00bb (\u0433. \u041c\u043e\u0441\u043a\u0432\u0430) \u2013 \u0443\u0436\u0435 \u0431\u043e\u043b\u0435\u0435 10-\u0442\u0438 \u043b\u0435\u0442 \u044f\u0432\u043b\u044f\u0435\u0442\u0441\u044f \u043a\u0440\u0443\u043f\u043d\u0435\u0439\u0448\u0438\u043c \u0432 \u0420\u043e\u0441\u0441\u0438\u0438 \u0446\u0435\u043d\u0442\u0440\u043e\u043c \u043e\u043f\u0442\u043e\u0432\u043e-\u0440\u043e\u0437\u043d\u0438\u0447\u043d\u043e\u0439 \u0442\u043e\u0440\u0433\u043e\u0432\u043b\u0438. \u041e\u0431\u0449\u0430\u044f \u043f\u043b\u043e\u0449\u0430\u0434\u044c \u0442\u0435\u0440\u0440\u0438\u0442\u043e\u0440\u0438\u0438 \u00ab\u0421\u0430\u0434\u043e\u0432\u043e\u0434\u0430\u00bb \u0441\u043e\u0441\u0442\u0430\u0432\u043b\u044f\u0435\u0442 \u0431\u043e\u043b\u0435\u0435 60 \u0413\u0430.\",\"breadcrumb\":{\"@id\":\"https:\/\/sadovodtk.ru\/privacy-policy\/#breadcrumb\"},\"inLanguage\":\"vi\",\"potentialAction\":[{\"@type\":\"ReadAction\",\"target\":[\"https:\/\/sadovodtk.ru\/privacy-policy\/\"]}]},{\"@type\":\"BreadcrumbList\",\"@id\":\"https:\/\/sadovodtk.ru\/privacy-policy\/#breadcrumb\",\"itemListElement\":[{\"@type\":\"ListItem\",\"position\":1,\"name\":\"\u0413\u043b\u0430\u0432\u043d\u0430\u044f \u0441\u0442\u0440\u0430\u043d\u0438\u0446\u0430\",\"item\":\"https:\/\/sadovodtk.ru\/\"},{\"@type\":\"ListItem\",\"position\":2,\"name\":\"\u041f\u043e\u043b\u0438\u0442\u0438\u043a\u0430 \u043a\u043e\u043d\u0444\u0438\u0434\u0435\u043d\u0446\u0438\u0430\u043b\u044c\u043d\u043e\u0441\u0442\u0438\"}]},{\"@type\":\"WebSite\",\"@id\":\"https:\/\/sadovodtk.ru\/#website\",\"url\":\"https:\/\/sadovodtk.ru\/\",\"name\":\"\u0422\u041a \u0421\u0430\u0434\u043e\u0432\u043e\u0434\",\"description\":\"\",\"potentialAction\":[{\"@type\":\"SearchAction\",\"target\":{\"@type\":\"EntryPoint\",\"urlTemplate\":\"https:\/\/sadovodtk.ru\/?s={search_term_string}\"},\"query-input\":\"required name=search_term_string\"}],\"inLanguage\":\"vi\"}]}<\/script>\n<!-- \/ Yoast SEO plugin. -->","yoast_head_json":{"title":"\u041f\u043e\u043b\u0438\u0442\u0438\u043a\u0430 \u043a\u043e\u043d\u0444\u0438\u0434\u0435\u043d\u0446\u0438\u0430\u043b\u044c\u043d\u043e\u0441\u0442\u0438 - \u0421\u0430\u0434\u043e\u0432\u043e\u0434","description":"\u0422\u043e\u0440\u0433\u043e\u0432\u044b\u0439 \u043a\u043e\u043c\u043f\u043b\u0435\u043a\u0441 \u00ab\u0421\u0430\u0434\u043e\u0432\u043e\u0434\u00bb (\u0433. \u041c\u043e\u0441\u043a\u0432\u0430) \u2013 \u0443\u0436\u0435 \u0431\u043e\u043b\u0435\u0435 10-\u0442\u0438 \u043b\u0435\u0442 \u044f\u0432\u043b\u044f\u0435\u0442\u0441\u044f \u043a\u0440\u0443\u043f\u043d\u0435\u0439\u0448\u0438\u043c \u0432 \u0420\u043e\u0441\u0441\u0438\u0438 \u0446\u0435\u043d\u0442\u0440\u043e\u043c \u043e\u043f\u0442\u043e\u0432\u043e-\u0440\u043e\u0437\u043d\u0438\u0447\u043d\u043e\u0439 \u0442\u043e\u0440\u0433\u043e\u0432\u043b\u0438. \u041e\u0431\u0449\u0430\u044f \u043f\u043b\u043e\u0449\u0430\u0434\u044c \u0442\u0435\u0440\u0440\u0438\u0442\u043e\u0440\u0438\u0438 \u00ab\u0421\u0430\u0434\u043e\u0432\u043e\u0434\u0430\u00bb \u0441\u043e\u0441\u0442\u0430\u0432\u043b\u044f\u0435\u0442 \u0431\u043e\u043b\u0435\u0435 60 \u0413\u0430.","robots":{"index":"index","follow":"follow","max-snippet":"max-snippet:-1","max-image-preview":"max-image-preview:large","max-video-preview":"max-video-preview:-1"},"canonical":"https:\/\/sadovodtk.ru\/vi\/privacy-policy\/","og_locale":"vi_VN","og_type":"article","og_title":"\u041f\u043e\u043b\u0438\u0442\u0438\u043a\u0430 \u043a\u043e\u043d\u0444\u0438\u0434\u0435\u043d\u0446\u0438\u0430\u043b\u044c\u043d\u043e\u0441\u0442\u0438 - \u0421\u0430\u0434\u043e\u0432\u043e\u0434","og_description":"\u0422\u043e\u0440\u0433\u043e\u0432\u044b\u0439 \u043a\u043e\u043c\u043f\u043b\u0435\u043a\u0441 \u00ab\u0421\u0430\u0434\u043e\u0432\u043e\u0434\u00bb (\u0433. \u041c\u043e\u0441\u043a\u0432\u0430) \u2013 \u0443\u0436\u0435 \u0431\u043e\u043b\u0435\u0435 10-\u0442\u0438 \u043b\u0435\u0442 \u044f\u0432\u043b\u044f\u0435\u0442\u0441\u044f \u043a\u0440\u0443\u043f\u043d\u0435\u0439\u0448\u0438\u043c \u0432 \u0420\u043e\u0441\u0441\u0438\u0438 \u0446\u0435\u043d\u0442\u0440\u043e\u043c \u043e\u043f\u0442\u043e\u0432\u043e-\u0440\u043e\u0437\u043d\u0438\u0447\u043d\u043e\u0439 \u0442\u043e\u0440\u0433\u043e\u0432\u043b\u0438. \u041e\u0431\u0449\u0430\u044f \u043f\u043b\u043e\u0449\u0430\u0434\u044c \u0442\u0435\u0440\u0440\u0438\u0442\u043e\u0440\u0438\u0438 \u00ab\u0421\u0430\u0434\u043e\u0432\u043e\u0434\u0430\u00bb \u0441\u043e\u0441\u0442\u0430\u0432\u043b\u044f\u0435\u0442 \u0431\u043e\u043b\u0435\u0435 60 \u0413\u0430.","og_url":"https:\/\/sadovodtk.ru\/vi\/privacy-policy\/","og_site_name":"\u0421\u0430\u0434\u043e\u0432\u043e\u0434","article_modified_time":"2024-03-19T15:28:32+00:00","twitter_card":"summary_large_image","twitter_misc":{"Est. reading time":"3 ph\u00fat"},"schema":{"@context":"https:\/\/schema.org","@graph":[{"@type":"WebPage","@id":"https:\/\/sadovodtk.ru\/privacy-policy\/","url":"https:\/\/sadovodtk.ru\/privacy-policy\/","name":"\u041f\u043e\u043b\u0438\u0442\u0438\u043a\u0430 \u043a\u043e\u043d\u0444\u0438\u0434\u0435\u043d\u0446\u0438\u0430\u043b\u044c\u043d\u043e\u0441\u0442\u0438 - \u0421\u0430\u0434\u043e\u0432\u043e\u0434","isPartOf":{"@id":"https:\/\/sadovodtk.ru\/#website"},"datePublished":"2022-11-29T11:04:46+00:00","dateModified":"2024-03-19T15:28:32+00:00","description":"\u0422\u043e\u0440\u0433\u043e\u0432\u044b\u0439 \u043a\u043e\u043c\u043f\u043b\u0435\u043a\u0441 \u00ab\u0421\u0430\u0434\u043e\u0432\u043e\u0434\u00bb (\u0433. \u041c\u043e\u0441\u043a\u0432\u0430) \u2013 \u0443\u0436\u0435 \u0431\u043e\u043b\u0435\u0435 10-\u0442\u0438 \u043b\u0435\u0442 \u044f\u0432\u043b\u044f\u0435\u0442\u0441\u044f \u043a\u0440\u0443\u043f\u043d\u0435\u0439\u0448\u0438\u043c \u0432 \u0420\u043e\u0441\u0441\u0438\u0438 \u0446\u0435\u043d\u0442\u0440\u043e\u043c \u043e\u043f\u0442\u043e\u0432\u043e-\u0440\u043e\u0437\u043d\u0438\u0447\u043d\u043e\u0439 \u0442\u043e\u0440\u0433\u043e\u0432\u043b\u0438. \u041e\u0431\u0449\u0430\u044f \u043f\u043b\u043e\u0449\u0430\u0434\u044c \u0442\u0435\u0440\u0440\u0438\u0442\u043e\u0440\u0438\u0438 \u00ab\u0421\u0430\u0434\u043e\u0432\u043e\u0434\u0430\u00bb \u0441\u043e\u0441\u0442\u0430\u0432\u043b\u044f\u0435\u0442 \u0431\u043e\u043b\u0435\u0435 60 \u0413\u0430.","breadcrumb":{"@id":"https:\/\/sadovodtk.ru\/privacy-policy\/#breadcrumb"},"inLanguage":"vi","potentialAction":[{"@type":"ReadAction","target":["https:\/\/sadovodtk.ru\/privacy-policy\/"]}]},{"@type":"BreadcrumbList","@id":"https:\/\/sadovodtk.ru\/privacy-policy\/#breadcrumb","itemListElement":[{"@type":"ListItem","position":1,"name":"\u0413\u043b\u0430\u0432\u043d\u0430\u044f \u0441\u0442\u0440\u0430\u043d\u0438\u0446\u0430","item":"https:\/\/sadovodtk.ru\/"},{"@type":"ListItem","position":2,"name":"\u041f\u043e\u043b\u0438\u0442\u0438\u043a\u0430 \u043a\u043e\u043d\u0444\u0438\u0434\u0435\u043d\u0446\u0438\u0430\u043b\u044c\u043d\u043e\u0441\u0442\u0438"}]},{"@type":"WebSite","@id":"https:\/\/sadovodtk.ru\/#website","url":"https:\/\/sadovodtk.ru\/","name":"\u0422\u041a \u0421\u0430\u0434\u043e\u0432\u043e\u0434","description":"","potentialAction":[{"@type":"SearchAction","target":{"@type":"EntryPoint","urlTemplate":"https:\/\/sadovodtk.ru\/?s={search_term_string}"},"query-input":"required name=search_term_string"}],"inLanguage":"vi"}]}},"_links":{"self":[{"href":"https:\/\/sadovodtk.ru\/vi\/wp-json\/wp\/v2\/pages\/3"}],"collection":[{"href":"https:\/\/sadovodtk.ru\/vi\/wp-json\/wp\/v2\/pages"}],"about":[{"href":"https:\/\/sadovodtk.ru\/vi\/wp-json\/wp\/v2\/types\/page"}],"author":[{"embeddable":true,"href":"https:\/\/sadovodtk.ru\/vi\/wp-json\/wp\/v2\/users\/1"}],"replies":[{"embeddable":true,"href":"https:\/\/sadovodtk.ru\/vi\/wp-json\/wp\/v2\/comments?post=3"}],"version-history":[{"count":3,"href":"https:\/\/sadovodtk.ru\/vi\/wp-json\/wp\/v2\/pages\/3\/revisions"}],"predecessor-version":[{"id":1815,"href":"https:\/\/sadovodtk.ru\/vi\/wp-json\/wp\/v2\/pages\/3\/revisions\/1815"}],"wp:attachment":[{"href":"https:\/\/sadovodtk.ru\/vi\/wp-json\/wp\/v2\/media?parent=3"}],"curies":[{"name":"wp","href":"https:\/\/api.w.org\/{rel}","templated":true}]}}