{"id":495,"date":"2023-01-13T11:58:52","date_gmt":"2023-01-13T08:58:52","guid":{"rendered":"http:\/\/local.sadovod.ru\/?p=495"},"modified":"2024-04-07T20:48:29","modified_gmt":"2024-04-07T17:48:29","slug":"bizhuteriya-i-yuvelirnye-ukrasheniya","status":"publish","type":"page","link":"https:\/\/sadovodtk.ru\/tr\/assortiment\/bizhuteriya-i-yuvelirnye-ukrasheniya\/","title":{"rendered":"Bijuteri ve tak\u0131"},"content":{"rendered":"<div data-elementor-type=\"wp-page\" data-elementor-id=\"495\" class=\"elementor elementor-495\">\n\t\t\t\t\t\t\t\t\t<section class=\"has_eae_slider elementor-section elementor-top-section elementor-element elementor-element-40ecb66 elementor-section-full_width elementor-section-height-default elementor-section-height-default wpr-particle-no wpr-jarallax-no wpr-parallax-no wpr-sticky-section-no\" data-id=\"40ecb66\" data-element_type=\"section\">\n\t\t\t\t\t\t<div class=\"elementor-container elementor-column-gap-default\">\n\t\t\t\t\t<div class=\"has_eae_slider elementor-column elementor-col-100 elementor-top-column elementor-element elementor-element-2ccaf121\" data-id=\"2ccaf121\" data-element_type=\"column\">\n\t\t\t<div class=\"elementor-widget-wrap elementor-element-populated\">\n\t\t\t\t\t\t\t\t<div class=\"elementor-element elementor-element-7782039e elementor-widget elementor-widget-html\" data-id=\"7782039e\" data-element_type=\"widget\" data-widget_type=\"html.default\">\n\t\t\t\t<div class=\"elementor-widget-container\">\n\t\t\t\t\t\t<!-- Flexy Breadcrumb -->\r\n\t\t\t<div class=\"fbc fbc-page\">\r\n\r\n\t\t\t\t<!-- Breadcrumb wrapper -->\r\n\t\t\t\t<div class=\"fbc-wrap\">\r\n\r\n\t\t\t\t\t<!-- Ordered list-->\r\n\t\t\t\t\t<ol class=\"fbc-items\" itemscope itemtype=\"https:\/\/schema.org\/BreadcrumbList\">\r\n\t\t\t\t\t\t            <li itemprop=\"itemListElement\" itemscope itemtype=\"https:\/\/schema.org\/ListItem\">\r\n                <span itemprop=\"name\">\r\n                    <!-- Home Link -->\r\n                    <a itemprop=\"item\" href=\"https:\/\/sadovodtk.ru\">\r\n                    \r\n                        Ev                    <\/a>\r\n                <\/span>\r\n                <meta itemprop=\"position\" content=\"1\" \/><!-- Meta Position-->\r\n             <\/li><li><span class=\"fbc-separator\">\/<\/span><\/li><li class=\"active\" itemprop=\"itemListElement\" itemscope itemtype=\"https:\/\/schema.org\/ListItem\"><span itemprop=\"name\" title=\"Bijuteri ve tak\u0131\">Bijuteri ve tak\u0131<\/span><meta itemprop=\"position\" content=\"2\" \/><\/li>\t\t\t\t\t<\/ol>\r\n\t\t\t\t\t<div class=\"clearfix\"><\/div>\r\n\t\t\t\t<\/div>\r\n\t\t\t<\/div>\r\n\t\t\t\t\t<\/div>\n\t\t\t\t<\/div>\n\t\t\t\t\t<\/div>\n\t\t<\/div>\n\t\t\t\t\t\t\t<\/div>\n\t\t<\/section>\n\t\t\t\t<section class=\"has_eae_slider elementor-section elementor-top-section elementor-element elementor-element-48250e93 elementor-section-full_width elementor-section-height-default elementor-section-height-default wpr-particle-no wpr-jarallax-no wpr-parallax-no wpr-sticky-section-no\" data-id=\"48250e93\" data-element_type=\"section\">\n\t\t\t\t\t\t<div class=\"elementor-container elementor-column-gap-default\">\n\t\t\t\t\t<div class=\"has_eae_slider elementor-column elementor-col-50 elementor-top-column elementor-element elementor-element-6bb95fa1\" data-id=\"6bb95fa1\" data-element_type=\"column\">\n\t\t\t<div class=\"elementor-widget-wrap elementor-element-populated\">\n\t\t\t\t\t\t\t\t<div class=\"elementor-element elementor-element-7af23a33 elementor-widget elementor-widget-image\" data-id=\"7af23a33\" data-element_type=\"widget\" data-widget_type=\"image.default\">\n\t\t\t\t<div class=\"elementor-widget-container\">\n\t\t\t<style>\/*! elementor - v3.15.0 - 20-08-2023 *\/\n.elementor-widget-image{text-align:center}.elementor-widget-image a{display:inline-block}.elementor-widget-image a img[src$=\".svg\"]{width:48px}.elementor-widget-image img{vertical-align:middle;display:inline-block}<\/style>\t\t\t\t\t\t\t\t\t\t\t\t<img decoding=\"async\" src=\"https:\/\/sadovodtk.ru\/wp-content\/uploads\/2023\/01\/88veshevie_ryadi_sadovodtk.jpg\" title=\"88ve\u015fevie Ryadi Sadovodtk\" alt=\"88veshevie Ryadi Sadovodtk\" loading=\"lazy\" \/>\t\t\t\t\t\t\t\t\t\t\t\t\t\t\t<\/div>\n\t\t\t\t<\/div>\n\t\t\t\t\t<\/div>\n\t\t<\/div>\n\t\t\t\t<div class=\"has_eae_slider elementor-column elementor-col-50 elementor-top-column elementor-element elementor-element-126861fe\" data-id=\"126861fe\" data-element_type=\"column\">\n\t\t\t<div class=\"elementor-widget-wrap elementor-element-populated\">\n\t\t\t\t\t\t\t\t<div class=\"elementor-element elementor-element-1ffce9ca elementor-widget elementor-widget-heading\" data-id=\"1ffce9ca\" data-element_type=\"widget\" data-widget_type=\"heading.default\">\n\t\t\t\t<div class=\"elementor-widget-container\">\n\t\t\t<style>\/*! elementor - v3.15.0 - 20-08-2023 *\/\n.elementor-heading-title{padding:0;margin:0;line-height:1}.elementor-widget-heading .elementor-heading-title[class*=elementor-size-]>a{color:inherit;font-size:inherit;line-height:inherit}.elementor-widget-heading .elementor-heading-title.elementor-size-small{font-size:15px}.elementor-widget-heading .elementor-heading-title.elementor-size-medium{font-size:19px}.elementor-widget-heading .elementor-heading-title.elementor-size-large{font-size:29px}.elementor-widget-heading .elementor-heading-title.elementor-size-xl{font-size:39px}.elementor-widget-heading .elementor-heading-title.elementor-size-xxl{font-size:59px}<\/style><h2 class=\"elementor-heading-title elementor-size-default\">Bijuteri ve tak\u0131<\/h2>\t\t<\/div>\n\t\t\t\t<\/div>\n\t\t\t\t<div class=\"elementor-element elementor-element-3e0bf17a elementor-widget elementor-widget-text-editor\" data-id=\"3e0bf17a\" data-element_type=\"widget\" data-widget_type=\"text-editor.default\">\n\t\t\t\t<div class=\"elementor-widget-container\">\n\t\t\t<style>\/*! elementor - v3.15.0 - 20-08-2023 *\/\n.elementor-widget-text-editor.elementor-drop-cap-view-stacked .elementor-drop-cap{background-color:#69727d;color:#fff}.elementor-widget-text-editor.elementor-drop-cap-view-framed .elementor-drop-cap{color:#69727d;border:3px solid;background-color:transparent}.elementor-widget-text-editor:not(.elementor-drop-cap-view-default) .elementor-drop-cap{margin-top:8px}.elementor-widget-text-editor:not(.elementor-drop-cap-view-default) .elementor-drop-cap-letter{width:1em;height:1em}.elementor-widget-text-editor .elementor-drop-cap{float:left;text-align:center;line-height:1;font-size:50px}.elementor-widget-text-editor .elementor-drop-cap-letter{display:inline-block}<\/style>\t\t\t\t<p>\u00dcr\u00fcnler: Kost\u00fcm tak\u0131lar\u0131 ve tak\u0131lar \u201cTak\u0131 Evi\u201d pavyonunda yer almaktad\u0131r.<\/p>\t\t\t\t\t\t<\/div>\n\t\t\t\t<\/div>\n\t\t\t\t\t<\/div>\n\t\t<\/div>\n\t\t\t\t\t\t\t<\/div>\n\t\t<\/section>\n\t\t\t\t\t\t\t<\/div>","protected":false},"excerpt":{"rendered":"<p>Tak\u0131 ve m\u00fccevherat \u00fcr\u00fcnleri: Tak\u0131 ve m\u00fccevherat \u00fcr\u00fcnleri &quot;M\u00fccevher Evi&quot; pavyonunda yer almaktad\u0131r.<\/p>","protected":false},"author":1,"featured_media":0,"parent":3605,"menu_order":0,"comment_status":"closed","ping_status":"closed","template":"page-elementor.php","meta":[],"yoast_head":"<!-- This site is optimized with the Yoast SEO plugin v19.11 - https:\/\/yoast.com\/wordpress\/plugins\/seo\/ -->\n<title>\u0411\u0438\u0436\u0443\u0442\u0435\u0440\u0438\u044f \u0438 \u044e\u0432\u0435\u043b\u0438\u0440\u043d\u044b\u0435 \u0443\u043a\u0440\u0430\u0448\u0435\u043d\u0438\u044f - \u0421\u0430\u0434\u043e\u0432\u043e\u0434<\/title>\n<meta name=\"description\" content=\"\u0422\u043e\u0440\u0433\u043e\u0432\u044b\u0439 \u043a\u043e\u043c\u043f\u043b\u0435\u043a\u0441 \u00ab\u0421\u0430\u0434\u043e\u0432\u043e\u0434\u00bb (\u0433. \u041c\u043e\u0441\u043a\u0432\u0430) \u2013 \u0443\u0436\u0435 \u0431\u043e\u043b\u0435\u0435 10-\u0442\u0438 \u043b\u0435\u0442 \u044f\u0432\u043b\u044f\u0435\u0442\u0441\u044f \u043a\u0440\u0443\u043f\u043d\u0435\u0439\u0448\u0438\u043c \u0432 \u0420\u043e\u0441\u0441\u0438\u0438 \u0446\u0435\u043d\u0442\u0440\u043e\u043c \u043e\u043f\u0442\u043e\u0432\u043e-\u0440\u043e\u0437\u043d\u0438\u0447\u043d\u043e\u0439 \u0442\u043e\u0440\u0433\u043e\u0432\u043b\u0438. \u041e\u0431\u0449\u0430\u044f \u043f\u043b\u043e\u0449\u0430\u0434\u044c \u0442\u0435\u0440\u0440\u0438\u0442\u043e\u0440\u0438\u0438 \u00ab\u0421\u0430\u0434\u043e\u0432\u043e\u0434\u0430\u00bb \u0441\u043e\u0441\u0442\u0430\u0432\u043b\u044f\u0435\u0442 \u0431\u043e\u043b\u0435\u0435 60 \u0413\u0430.\" \/>\n<meta name=\"robots\" content=\"index, follow, max-snippet:-1, max-image-preview:large, max-video-preview:-1\" \/>\n<link rel=\"canonical\" href=\"https:\/\/sadovodtk.ru\/tr\/assortiment\/bizhuteriya-i-yuvelirnye-ukrasheniya\/\" \/>\n<meta property=\"og:locale\" content=\"tr_TR\" \/>\n<meta property=\"og:type\" content=\"article\" \/>\n<meta property=\"og:title\" content=\"\u0411\u0438\u0436\u0443\u0442\u0435\u0440\u0438\u044f \u0438 \u044e\u0432\u0435\u043b\u0438\u0440\u043d\u044b\u0435 \u0443\u043a\u0440\u0430\u0448\u0435\u043d\u0438\u044f - \u0421\u0430\u0434\u043e\u0432\u043e\u0434\" \/>\n<meta property=\"og:description\" content=\"\u0422\u043e\u0440\u0433\u043e\u0432\u044b\u0439 \u043a\u043e\u043c\u043f\u043b\u0435\u043a\u0441 \u00ab\u0421\u0430\u0434\u043e\u0432\u043e\u0434\u00bb (\u0433. \u041c\u043e\u0441\u043a\u0432\u0430) \u2013 \u0443\u0436\u0435 \u0431\u043e\u043b\u0435\u0435 10-\u0442\u0438 \u043b\u0435\u0442 \u044f\u0432\u043b\u044f\u0435\u0442\u0441\u044f \u043a\u0440\u0443\u043f\u043d\u0435\u0439\u0448\u0438\u043c \u0432 \u0420\u043e\u0441\u0441\u0438\u0438 \u0446\u0435\u043d\u0442\u0440\u043e\u043c \u043e\u043f\u0442\u043e\u0432\u043e-\u0440\u043e\u0437\u043d\u0438\u0447\u043d\u043e\u0439 \u0442\u043e\u0440\u0433\u043e\u0432\u043b\u0438. \u041e\u0431\u0449\u0430\u044f \u043f\u043b\u043e\u0449\u0430\u0434\u044c \u0442\u0435\u0440\u0440\u0438\u0442\u043e\u0440\u0438\u0438 \u00ab\u0421\u0430\u0434\u043e\u0432\u043e\u0434\u0430\u00bb \u0441\u043e\u0441\u0442\u0430\u0432\u043b\u044f\u0435\u0442 \u0431\u043e\u043b\u0435\u0435 60 \u0413\u0430.\" \/>\n<meta property=\"og:url\" content=\"https:\/\/sadovodtk.ru\/tr\/assortiment\/bizhuteriya-i-yuvelirnye-ukrasheniya\/\" \/>\n<meta property=\"og:site_name\" content=\"\u0421\u0430\u0434\u043e\u0432\u043e\u0434\" \/>\n<meta property=\"article:modified_time\" content=\"2024-04-07T17:48:29+00:00\" \/>\n<meta property=\"og:image\" content=\"https:\/\/sadovodtk.ru\/wp-content\/uploads\/2023\/01\/88veshevie_ryadi_sadovodtk.jpg\" \/>\n<meta name=\"twitter:card\" content=\"summary_large_image\" \/>\n<meta name=\"twitter:label1\" content=\"Est. reading time\" \/>\n\t<meta name=\"twitter:data1\" content=\"1 dakika\" \/>\n<script type=\"application\/ld+json\" class=\"yoast-schema-graph\">{\"@context\":\"https:\/\/schema.org\",\"@graph\":[{\"@type\":\"WebPage\",\"@id\":\"https:\/\/sadovodtk.ru\/assortiment\/bizhuteriya-i-yuvelirnye-ukrasheniya\/\",\"url\":\"https:\/\/sadovodtk.ru\/assortiment\/bizhuteriya-i-yuvelirnye-ukrasheniya\/\",\"name\":\"\u0411\u0438\u0436\u0443\u0442\u0435\u0440\u0438\u044f \u0438 \u044e\u0432\u0435\u043b\u0438\u0440\u043d\u044b\u0435 \u0443\u043a\u0440\u0430\u0448\u0435\u043d\u0438\u044f - \u0421\u0430\u0434\u043e\u0432\u043e\u0434\",\"isPartOf\":{\"@id\":\"https:\/\/sadovodtk.ru\/#website\"},\"datePublished\":\"2023-01-13T08:58:52+00:00\",\"dateModified\":\"2024-04-07T17:48:29+00:00\",\"description\":\"\u0422\u043e\u0440\u0433\u043e\u0432\u044b\u0439 \u043a\u043e\u043c\u043f\u043b\u0435\u043a\u0441 \u00ab\u0421\u0430\u0434\u043e\u0432\u043e\u0434\u00bb (\u0433. \u041c\u043e\u0441\u043a\u0432\u0430) \u2013 \u0443\u0436\u0435 \u0431\u043e\u043b\u0435\u0435 10-\u0442\u0438 \u043b\u0435\u0442 \u044f\u0432\u043b\u044f\u0435\u0442\u0441\u044f \u043a\u0440\u0443\u043f\u043d\u0435\u0439\u0448\u0438\u043c \u0432 \u0420\u043e\u0441\u0441\u0438\u0438 \u0446\u0435\u043d\u0442\u0440\u043e\u043c \u043e\u043f\u0442\u043e\u0432\u043e-\u0440\u043e\u0437\u043d\u0438\u0447\u043d\u043e\u0439 \u0442\u043e\u0440\u0433\u043e\u0432\u043b\u0438. \u041e\u0431\u0449\u0430\u044f \u043f\u043b\u043e\u0449\u0430\u0434\u044c \u0442\u0435\u0440\u0440\u0438\u0442\u043e\u0440\u0438\u0438 \u00ab\u0421\u0430\u0434\u043e\u0432\u043e\u0434\u0430\u00bb \u0441\u043e\u0441\u0442\u0430\u0432\u043b\u044f\u0435\u0442 \u0431\u043e\u043b\u0435\u0435 60 \u0413\u0430.\",\"breadcrumb\":{\"@id\":\"https:\/\/sadovodtk.ru\/assortiment\/bizhuteriya-i-yuvelirnye-ukrasheniya\/#breadcrumb\"},\"inLanguage\":\"tr\",\"potentialAction\":[{\"@type\":\"ReadAction\",\"target\":[\"https:\/\/sadovodtk.ru\/assortiment\/bizhuteriya-i-yuvelirnye-ukrasheniya\/\"]}]},{\"@type\":\"BreadcrumbList\",\"@id\":\"https:\/\/sadovodtk.ru\/assortiment\/bizhuteriya-i-yuvelirnye-ukrasheniya\/#breadcrumb\",\"itemListElement\":[{\"@type\":\"ListItem\",\"position\":1,\"name\":\"\u0413\u043b\u0430\u0432\u043d\u0430\u044f \u0441\u0442\u0440\u0430\u043d\u0438\u0446\u0430\",\"item\":\"https:\/\/sadovodtk.ru\/\"},{\"@type\":\"ListItem\",\"position\":2,\"name\":\"\u0410\u0441\u0441\u043e\u0440\u0442\u0438\u043c\u0435\u043d\u0442\",\"item\":\"https:\/\/sadovodtk.ru\/assortiment\/\"},{\"@type\":\"ListItem\",\"position\":3,\"name\":\"\u0411\u0438\u0436\u0443\u0442\u0435\u0440\u0438\u044f \u0438 \u044e\u0432\u0435\u043b\u0438\u0440\u043d\u044b\u0435 \u0443\u043a\u0440\u0430\u0448\u0435\u043d\u0438\u044f\"}]},{\"@type\":\"WebSite\",\"@id\":\"https:\/\/sadovodtk.ru\/#website\",\"url\":\"https:\/\/sadovodtk.ru\/\",\"name\":\"\u0422\u041a \u0421\u0430\u0434\u043e\u0432\u043e\u0434\",\"description\":\"\",\"potentialAction\":[{\"@type\":\"SearchAction\",\"target\":{\"@type\":\"EntryPoint\",\"urlTemplate\":\"https:\/\/sadovodtk.ru\/?s={search_term_string}\"},\"query-input\":\"required name=search_term_string\"}],\"inLanguage\":\"tr\"}]}<\/script>\n<!-- \/ Yoast SEO plugin. -->","yoast_head_json":{"title":"\u0411\u0438\u0436\u0443\u0442\u0435\u0440\u0438\u044f \u0438 \u044e\u0432\u0435\u043b\u0438\u0440\u043d\u044b\u0435 \u0443\u043a\u0440\u0430\u0448\u0435\u043d\u0438\u044f - \u0421\u0430\u0434\u043e\u0432\u043e\u0434","description":"\u0422\u043e\u0440\u0433\u043e\u0432\u044b\u0439 \u043a\u043e\u043c\u043f\u043b\u0435\u043a\u0441 \u00ab\u0421\u0430\u0434\u043e\u0432\u043e\u0434\u00bb (\u0433. \u041c\u043e\u0441\u043a\u0432\u0430) \u2013 \u0443\u0436\u0435 \u0431\u043e\u043b\u0435\u0435 10-\u0442\u0438 \u043b\u0435\u0442 \u044f\u0432\u043b\u044f\u0435\u0442\u0441\u044f \u043a\u0440\u0443\u043f\u043d\u0435\u0439\u0448\u0438\u043c \u0432 \u0420\u043e\u0441\u0441\u0438\u0438 \u0446\u0435\u043d\u0442\u0440\u043e\u043c \u043e\u043f\u0442\u043e\u0432\u043e-\u0440\u043e\u0437\u043d\u0438\u0447\u043d\u043e\u0439 \u0442\u043e\u0440\u0433\u043e\u0432\u043b\u0438. \u041e\u0431\u0449\u0430\u044f \u043f\u043b\u043e\u0449\u0430\u0434\u044c \u0442\u0435\u0440\u0440\u0438\u0442\u043e\u0440\u0438\u0438 \u00ab\u0421\u0430\u0434\u043e\u0432\u043e\u0434\u0430\u00bb \u0441\u043e\u0441\u0442\u0430\u0432\u043b\u044f\u0435\u0442 \u0431\u043e\u043b\u0435\u0435 60 \u0413\u0430.","robots":{"index":"index","follow":"follow","max-snippet":"max-snippet:-1","max-image-preview":"max-image-preview:large","max-video-preview":"max-video-preview:-1"},"canonical":"https:\/\/sadovodtk.ru\/tr\/assortiment\/bizhuteriya-i-yuvelirnye-ukrasheniya\/","og_locale":"tr_TR","og_type":"article","og_title":"\u0411\u0438\u0436\u0443\u0442\u0435\u0440\u0438\u044f \u0438 \u044e\u0432\u0435\u043b\u0438\u0440\u043d\u044b\u0435 \u0443\u043a\u0440\u0430\u0448\u0435\u043d\u0438\u044f - \u0421\u0430\u0434\u043e\u0432\u043e\u0434","og_description":"\u0422\u043e\u0440\u0433\u043e\u0432\u044b\u0439 \u043a\u043e\u043c\u043f\u043b\u0435\u043a\u0441 \u00ab\u0421\u0430\u0434\u043e\u0432\u043e\u0434\u00bb (\u0433. \u041c\u043e\u0441\u043a\u0432\u0430) \u2013 \u0443\u0436\u0435 \u0431\u043e\u043b\u0435\u0435 10-\u0442\u0438 \u043b\u0435\u0442 \u044f\u0432\u043b\u044f\u0435\u0442\u0441\u044f \u043a\u0440\u0443\u043f\u043d\u0435\u0439\u0448\u0438\u043c \u0432 \u0420\u043e\u0441\u0441\u0438\u0438 \u0446\u0435\u043d\u0442\u0440\u043e\u043c \u043e\u043f\u0442\u043e\u0432\u043e-\u0440\u043e\u0437\u043d\u0438\u0447\u043d\u043e\u0439 \u0442\u043e\u0440\u0433\u043e\u0432\u043b\u0438. \u041e\u0431\u0449\u0430\u044f \u043f\u043b\u043e\u0449\u0430\u0434\u044c \u0442\u0435\u0440\u0440\u0438\u0442\u043e\u0440\u0438\u0438 \u00ab\u0421\u0430\u0434\u043e\u0432\u043e\u0434\u0430\u00bb \u0441\u043e\u0441\u0442\u0430\u0432\u043b\u044f\u0435\u0442 \u0431\u043e\u043b\u0435\u0435 60 \u0413\u0430.","og_url":"https:\/\/sadovodtk.ru\/tr\/assortiment\/bizhuteriya-i-yuvelirnye-ukrasheniya\/","og_site_name":"\u0421\u0430\u0434\u043e\u0432\u043e\u0434","article_modified_time":"2024-04-07T17:48:29+00:00","og_image":[{"url":"https:\/\/sadovodtk.ru\/wp-content\/uploads\/2023\/01\/88veshevie_ryadi_sadovodtk.jpg"}],"twitter_card":"summary_large_image","twitter_misc":{"Est. reading time":"1 dakika"},"schema":{"@context":"https:\/\/schema.org","@graph":[{"@type":"WebPage","@id":"https:\/\/sadovodtk.ru\/assortiment\/bizhuteriya-i-yuvelirnye-ukrasheniya\/","url":"https:\/\/sadovodtk.ru\/assortiment\/bizhuteriya-i-yuvelirnye-ukrasheniya\/","name":"\u0411\u0438\u0436\u0443\u0442\u0435\u0440\u0438\u044f \u0438 \u044e\u0432\u0435\u043b\u0438\u0440\u043d\u044b\u0435 \u0443\u043a\u0440\u0430\u0448\u0435\u043d\u0438\u044f - \u0421\u0430\u0434\u043e\u0432\u043e\u0434","isPartOf":{"@id":"https:\/\/sadovodtk.ru\/#website"},"datePublished":"2023-01-13T08:58:52+00:00","dateModified":"2024-04-07T17:48:29+00:00","description":"\u0422\u043e\u0440\u0433\u043e\u0432\u044b\u0439 \u043a\u043e\u043c\u043f\u043b\u0435\u043a\u0441 \u00ab\u0421\u0430\u0434\u043e\u0432\u043e\u0434\u00bb (\u0433. \u041c\u043e\u0441\u043a\u0432\u0430) \u2013 \u0443\u0436\u0435 \u0431\u043e\u043b\u0435\u0435 10-\u0442\u0438 \u043b\u0435\u0442 \u044f\u0432\u043b\u044f\u0435\u0442\u0441\u044f \u043a\u0440\u0443\u043f\u043d\u0435\u0439\u0448\u0438\u043c \u0432 \u0420\u043e\u0441\u0441\u0438\u0438 \u0446\u0435\u043d\u0442\u0440\u043e\u043c \u043e\u043f\u0442\u043e\u0432\u043e-\u0440\u043e\u0437\u043d\u0438\u0447\u043d\u043e\u0439 \u0442\u043e\u0440\u0433\u043e\u0432\u043b\u0438. \u041e\u0431\u0449\u0430\u044f \u043f\u043b\u043e\u0449\u0430\u0434\u044c \u0442\u0435\u0440\u0440\u0438\u0442\u043e\u0440\u0438\u0438 \u00ab\u0421\u0430\u0434\u043e\u0432\u043e\u0434\u0430\u00bb \u0441\u043e\u0441\u0442\u0430\u0432\u043b\u044f\u0435\u0442 \u0431\u043e\u043b\u0435\u0435 60 \u0413\u0430.","breadcrumb":{"@id":"https:\/\/sadovodtk.ru\/assortiment\/bizhuteriya-i-yuvelirnye-ukrasheniya\/#breadcrumb"},"inLanguage":"tr","potentialAction":[{"@type":"ReadAction","target":["https:\/\/sadovodtk.ru\/assortiment\/bizhuteriya-i-yuvelirnye-ukrasheniya\/"]}]},{"@type":"BreadcrumbList","@id":"https:\/\/sadovodtk.ru\/assortiment\/bizhuteriya-i-yuvelirnye-ukrasheniya\/#breadcrumb","itemListElement":[{"@type":"ListItem","position":1,"name":"\u0413\u043b\u0430\u0432\u043d\u0430\u044f \u0441\u0442\u0440\u0430\u043d\u0438\u0446\u0430","item":"https:\/\/sadovodtk.ru\/"},{"@type":"ListItem","position":2,"name":"\u0410\u0441\u0441\u043e\u0440\u0442\u0438\u043c\u0435\u043d\u0442","item":"https:\/\/sadovodtk.ru\/assortiment\/"},{"@type":"ListItem","position":3,"name":"\u0411\u0438\u0436\u0443\u0442\u0435\u0440\u0438\u044f \u0438 \u044e\u0432\u0435\u043b\u0438\u0440\u043d\u044b\u0435 \u0443\u043a\u0440\u0430\u0448\u0435\u043d\u0438\u044f"}]},{"@type":"WebSite","@id":"https:\/\/sadovodtk.ru\/#website","url":"https:\/\/sadovodtk.ru\/","name":"\u0422\u041a \u0421\u0430\u0434\u043e\u0432\u043e\u0434","description":"","potentialAction":[{"@type":"SearchAction","target":{"@type":"EntryPoint","urlTemplate":"https:\/\/sadovodtk.ru\/?s={search_term_string}"},"query-input":"required name=search_term_string"}],"inLanguage":"tr"}]}},"_links":{"self":[{"href":"https:\/\/sadovodtk.ru\/tr\/wp-json\/wp\/v2\/pages\/495"}],"collection":[{"href":"https:\/\/sadovodtk.ru\/tr\/wp-json\/wp\/v2\/pages"}],"about":[{"href":"https:\/\/sadovodtk.ru\/tr\/wp-json\/wp\/v2\/types\/page"}],"author":[{"embeddable":true,"href":"https:\/\/sadovodtk.ru\/tr\/wp-json\/wp\/v2\/users\/1"}],"replies":[{"embeddable":true,"href":"https:\/\/sadovodtk.ru\/tr\/wp-json\/wp\/v2\/comments?post=495"}],"version-history":[{"count":11,"href":"https:\/\/sadovodtk.ru\/tr\/wp-json\/wp\/v2\/pages\/495\/revisions"}],"predecessor-version":[{"id":7686,"href":"https:\/\/sadovodtk.ru\/tr\/wp-json\/wp\/v2\/pages\/495\/revisions\/7686"}],"up":[{"embeddable":true,"href":"https:\/\/sadovodtk.ru\/tr\/wp-json\/wp\/v2\/pages\/3605"}],"wp:attachment":[{"href":"https:\/\/sadovodtk.ru\/tr\/wp-json\/wp\/v2\/media?parent=495"}],"curies":[{"name":"wp","href":"https:\/\/api.w.org\/{rel}","templated":true}]}}