{"id":447,"date":"2023-01-13T10:22:45","date_gmt":"2023-01-13T07:22:45","guid":{"rendered":"http:\/\/local.sadovod.ru\/?p=447"},"modified":"2024-06-24T15:39:09","modified_gmt":"2024-06-24T12:39:09","slug":"obuv","status":"publish","type":"page","link":"https:\/\/sadovodtk.ru\/tr\/assortiment\/obuv\/","title":{"rendered":"Ayakkab\u0131"},"content":{"rendered":"<div data-elementor-type=\"wp-page\" data-elementor-id=\"447\" class=\"elementor elementor-447\">\n\t\t\t\t\t\t\t\t\t<section class=\"has_eae_slider elementor-section elementor-top-section elementor-element elementor-element-568a0c7e elementor-section-full_width elementor-section-height-default elementor-section-height-default wpr-particle-no wpr-jarallax-no wpr-parallax-no wpr-sticky-section-no\" data-id=\"568a0c7e\" data-element_type=\"section\">\n\t\t\t\t\t\t<div class=\"elementor-container elementor-column-gap-default\">\n\t\t\t\t\t<div class=\"has_eae_slider elementor-column elementor-col-100 elementor-top-column elementor-element elementor-element-1805998f\" data-id=\"1805998f\" data-element_type=\"column\">\n\t\t\t<div class=\"elementor-widget-wrap elementor-element-populated\">\n\t\t\t\t\t\t\t\t<div class=\"elementor-element elementor-element-a18bc65 elementor-widget elementor-widget-html\" data-id=\"a18bc65\" data-element_type=\"widget\" data-widget_type=\"html.default\">\n\t\t\t\t<div class=\"elementor-widget-container\">\n\t\t\t\t\t\t<!-- Flexy Breadcrumb -->\r\n\t\t\t<div class=\"fbc fbc-page\">\r\n\r\n\t\t\t\t<!-- Breadcrumb wrapper -->\r\n\t\t\t\t<div class=\"fbc-wrap\">\r\n\r\n\t\t\t\t\t<!-- Ordered list-->\r\n\t\t\t\t\t<ol class=\"fbc-items\" itemscope itemtype=\"https:\/\/schema.org\/BreadcrumbList\">\r\n\t\t\t\t\t\t            <li itemprop=\"itemListElement\" itemscope itemtype=\"https:\/\/schema.org\/ListItem\">\r\n                <span itemprop=\"name\">\r\n                    <!-- Home Link -->\r\n                    <a itemprop=\"item\" href=\"https:\/\/sadovodtk.ru\">\r\n                    \r\n                        Ev                    <\/a>\r\n                <\/span>\r\n                <meta itemprop=\"position\" content=\"1\" \/><!-- Meta Position-->\r\n             <\/li><li><span class=\"fbc-separator\">\/<\/span><\/li><li class=\"active\" itemprop=\"itemListElement\" itemscope itemtype=\"https:\/\/schema.org\/ListItem\"><span itemprop=\"name\" title=\"Ayakkab\u0131\">Ayakkab\u0131<\/span><meta itemprop=\"position\" content=\"2\" \/><\/li>\t\t\t\t\t<\/ol>\r\n\t\t\t\t\t<div class=\"clearfix\"><\/div>\r\n\t\t\t\t<\/div>\r\n\t\t\t<\/div>\r\n\t\t\t\t\t<\/div>\n\t\t\t\t<\/div>\n\t\t\t\t\t<\/div>\n\t\t<\/div>\n\t\t\t\t\t\t\t<\/div>\n\t\t<\/section>\n\t\t\t\t<section class=\"has_eae_slider elementor-section elementor-top-section elementor-element elementor-element-1041b22b elementor-section-full_width elementor-section-height-default elementor-section-height-default wpr-particle-no wpr-jarallax-no wpr-parallax-no wpr-sticky-section-no\" data-id=\"1041b22b\" data-element_type=\"section\">\n\t\t\t\t\t\t<div class=\"elementor-container elementor-column-gap-default\">\n\t\t\t\t\t<div class=\"has_eae_slider elementor-column elementor-col-50 elementor-top-column elementor-element elementor-element-5ac7ab0e\" data-id=\"5ac7ab0e\" data-element_type=\"column\">\n\t\t\t<div class=\"elementor-widget-wrap elementor-element-populated\">\n\t\t\t\t\t\t\t\t<div class=\"elementor-element elementor-element-294e92e elementor-widget elementor-widget-image\" data-id=\"294e92e\" data-element_type=\"widget\" data-widget_type=\"image.default\">\n\t\t\t\t<div class=\"elementor-widget-container\">\n\t\t\t<style>\/*! elementor - v3.15.0 - 20-08-2023 *\/\n.elementor-widget-image{text-align:center}.elementor-widget-image a{display:inline-block}.elementor-widget-image a img[src$=\".svg\"]{width:48px}.elementor-widget-image img{vertical-align:middle;display:inline-block}<\/style>\t\t\t\t\t\t\t\t\t\t\t\t<img decoding=\"async\" width=\"1920\" height=\"1280\" src=\"https:\/\/sadovodtk.ru\/wp-content\/uploads\/2023\/03\/75korpusb_sadovodtk.jpg\" class=\"attachment-full size-full wp-image-1090\" alt=\"\" loading=\"lazy\" srcset=\"https:\/\/sadovodtk.ru\/wp-content\/uploads\/2023\/03\/75korpusb_sadovodtk.jpg 1920w, https:\/\/sadovodtk.ru\/wp-content\/uploads\/2023\/03\/75korpusb_sadovodtk-150x100.jpg 150w, https:\/\/sadovodtk.ru\/wp-content\/uploads\/2023\/03\/75korpusb_sadovodtk-1536x1024.jpg 1536w, https:\/\/sadovodtk.ru\/wp-content\/uploads\/2023\/03\/75korpusb_sadovodtk-300x200.jpg 300w, https:\/\/sadovodtk.ru\/wp-content\/uploads\/2023\/03\/75korpusb_sadovodtk-500x333.jpg 500w, https:\/\/sadovodtk.ru\/wp-content\/uploads\/2023\/03\/75korpusb_sadovodtk-769x513.jpg 769w, https:\/\/sadovodtk.ru\/wp-content\/uploads\/2023\/03\/75korpusb_sadovodtk-1024x683.jpg 1024w\" sizes=\"(max-width: 1920px) 100vw, 1920px\" \/>\t\t\t\t\t\t\t\t\t\t\t\t\t\t\t<\/div>\n\t\t\t\t<\/div>\n\t\t\t\t\t<\/div>\n\t\t<\/div>\n\t\t\t\t<div class=\"has_eae_slider elementor-column elementor-col-50 elementor-top-column elementor-element elementor-element-33b8a28d\" data-id=\"33b8a28d\" data-element_type=\"column\">\n\t\t\t<div class=\"elementor-widget-wrap elementor-element-populated\">\n\t\t\t\t\t\t\t\t<div class=\"elementor-element elementor-element-79db4fa7 elementor-widget elementor-widget-heading\" data-id=\"79db4fa7\" data-element_type=\"widget\" data-widget_type=\"heading.default\">\n\t\t\t\t<div class=\"elementor-widget-container\">\n\t\t\t<style>\/*! elementor - v3.15.0 - 20-08-2023 *\/\n.elementor-heading-title{padding:0;margin:0;line-height:1}.elementor-widget-heading .elementor-heading-title[class*=elementor-size-]>a{color:inherit;font-size:inherit;line-height:inherit}.elementor-widget-heading .elementor-heading-title.elementor-size-small{font-size:15px}.elementor-widget-heading .elementor-heading-title.elementor-size-medium{font-size:19px}.elementor-widget-heading .elementor-heading-title.elementor-size-large{font-size:29px}.elementor-widget-heading .elementor-heading-title.elementor-size-xl{font-size:39px}.elementor-widget-heading .elementor-heading-title.elementor-size-xxl{font-size:59px}<\/style><h2 class=\"elementor-heading-title elementor-size-default\">Ayakkab\u0131<\/h2>\t\t<\/div>\n\t\t\t\t<\/div>\n\t\t\t\t<div class=\"elementor-element elementor-element-7303f02d elementor-widget elementor-widget-text-editor\" data-id=\"7303f02d\" data-element_type=\"widget\" data-widget_type=\"text-editor.default\">\n\t\t\t\t<div class=\"elementor-widget-container\">\n\t\t\t<style>\/*! elementor - v3.15.0 - 20-08-2023 *\/\n.elementor-widget-text-editor.elementor-drop-cap-view-stacked .elementor-drop-cap{background-color:#69727d;color:#fff}.elementor-widget-text-editor.elementor-drop-cap-view-framed .elementor-drop-cap{color:#69727d;border:3px solid;background-color:transparent}.elementor-widget-text-editor:not(.elementor-drop-cap-view-default) .elementor-drop-cap{margin-top:8px}.elementor-widget-text-editor:not(.elementor-drop-cap-view-default) .elementor-drop-cap-letter{width:1em;height:1em}.elementor-widget-text-editor .elementor-drop-cap{float:left;text-align:center;line-height:1;font-size:50px}.elementor-widget-text-editor .elementor-drop-cap-letter{display:inline-block}<\/style>\t\t\t\t<p>Kad\u0131n, erkek ve \u00e7ocuk ayakkab\u0131lar\u0131 sunulmaktad\u0131r <b><a href=\"https:\/\/sadovodtk.ru\/shopping_malls\/veshchevye-ryady\/\">5, 11, 12 numaral\u0131 giysi s\u0131ralar\u0131nda<\/a><\/b> Ve <b><a href=\"https:\/\/sadovodtk.ru\/shopping_malls\/korpus-b\/\">B binas\u0131n\u0131n birinci kat\u0131nda A s\u0131ras\u0131<\/a><\/b>.<\/p>\n<p><br><\/p>\n<p>Yaz aylar\u0131nda kad\u0131nlar parmak aras\u0131 terlik, sandalet, bale ayakkab\u0131s\u0131, sandalet, terlik ve terliklerden vazge\u00e7emiyor.&nbsp;<\/p>\n<p>Klasik pompalar g\u00fcnl\u00fck ofis ya\u015fam\u0131 ve \u00f6zel g\u00fcnler i\u00e7in ideal bir se\u00e7enektir.&nbsp;<\/p>\n<p>Sonbahar ve ilkbahar i\u00e7in kapal\u0131 ayakkab\u0131, mokasen ve mokasen se\u00e7iyoruz. Ge\u00e7i\u015f d\u00f6neminde \u00e7izmeler ve \u00e7izmeler de uygundur. En so\u011fuk k\u0131\u015flar i\u00e7in elbiselere y\u00fcksek \u00e7izmeler ve diz \u00fcst\u00fc \u00e7izmeler, pantolon ve kot pantolonlara ise Chelsea \u00e7izmeler, dutik \u00e7izmeler ve Ugg \u00e7izmeler uygundur.<\/p>\n<p><br><\/p>\n<p>Klasik erkek ayakkab\u0131lar\u0131 aras\u0131nda brogue&#039;lar, derbie&#039;ler, oxford&#039;lar ve monk&#039;lar bulunur. Yaz aylar\u0131nda bir\u00e7ok ki\u015fi Birkenstocks&#039;u tercih ediyor. Modern arduvazlar, y\u00fcksek kaliteli deri de dahil olmak \u00fczere \u00e7e\u015fitli malzemelerden yap\u0131lm\u0131\u015ft\u0131r. Sadece plajda de\u011fil, \u015fehirde y\u00fcr\u00fcy\u00fc\u015f yaparken de giyilebilirler.<\/p>\n<p><br><\/p>\n<p>\u00d6zel ilgiyi hak ediyor <b>\u00e7ocuk ayakkab\u0131lar\u0131<\/b>. Yaz aylar\u0131nda bunlar sandaletler, sandaletler, k\u0131\u015f\u0131n ise bir\u00e7ok ki\u015fi galo\u015flu \u00e7ok renkli ke\u00e7e \u00e7izmeleri tercih ediyor. Velcro ile spor ayakkab\u0131 almak daha iyidir.&nbsp;<\/p>\n<p><br><\/p>\n<p>Hem yeti\u015fkinler hem de \u00e7ocuklar lastik \u00e7izme ve terlik olmadan yapamazlar.<\/p>\n<p><br><\/p>\n<p>Sadovod al\u0131\u015fveri\u015f kompleksinde her \u00e7e\u015fit kad\u0131n, erkek ve \u00e7ocuk ayakkab\u0131s\u0131n\u0131 bulacaks\u0131n\u0131z.<\/p>\t\t\t\t\t\t<\/div>\n\t\t\t\t<\/div>\n\t\t\t\t<div class=\"elementor-element elementor-element-392f52c7 elementor-icon-list--layout-traditional elementor-list-item-link-full_width elementor-widget elementor-widget-icon-list\" data-id=\"392f52c7\" data-element_type=\"widget\" data-widget_type=\"icon-list.default\">\n\t\t\t\t<div class=\"elementor-widget-container\">\n\t\t\t<link rel=\"stylesheet\" href=\"https:\/\/sadovodtk.ru\/wp-content\/plugins\/elementor\/assets\/css\/widget-icon-list.min.css\">\t\t<ul class=\"elementor-icon-list-items\">\n\t\t\t\t\t\t\t<li class=\"elementor-icon-list-item\">\n\t\t\t\t\t\t\t\t\t\t\t<span class=\"elementor-icon-list-icon\">\n\t\t\t\t\t\t\t<i aria-hidden=\"true\" class=\"fas fa-check\"><\/i>\t\t\t\t\t\t<\/span>\n\t\t\t\t\t\t\t\t\t\t<span class=\"elementor-icon-list-text\">kad\u0131n ayakkab\u0131lar\u0131<\/span>\n\t\t\t\t\t\t\t\t\t<\/li>\n\t\t\t\t\t\t\t\t<li class=\"elementor-icon-list-item\">\n\t\t\t\t\t\t\t\t\t\t\t<span class=\"elementor-icon-list-icon\">\n\t\t\t\t\t\t\t<i aria-hidden=\"true\" class=\"fas fa-check\"><\/i>\t\t\t\t\t\t<\/span>\n\t\t\t\t\t\t\t\t\t\t<span class=\"elementor-icon-list-text\">erkek ayakkab\u0131lar\u0131<\/span>\n\t\t\t\t\t\t\t\t\t<\/li>\n\t\t\t\t\t\t\t\t<li class=\"elementor-icon-list-item\">\n\t\t\t\t\t\t\t\t\t\t\t<span class=\"elementor-icon-list-icon\">\n\t\t\t\t\t\t\t<i aria-hidden=\"true\" class=\"fas fa-check\"><\/i>\t\t\t\t\t\t<\/span>\n\t\t\t\t\t\t\t\t\t\t<span class=\"elementor-icon-list-text\">\u00e7ocuk ayakkab\u0131lar\u0131<\/span>\n\t\t\t\t\t\t\t\t\t<\/li>\n\t\t\t\t\t\t<\/ul>\n\t\t\t\t<\/div>\n\t\t\t\t<\/div>\n\t\t\t\t\t<\/div>\n\t\t<\/div>\n\t\t\t\t\t\t\t<\/div>\n\t\t<\/section>\n\t\t\t\t<section class=\"has_eae_slider elementor-section elementor-top-section elementor-element elementor-element-70c73ebb elementor-section-full_width elementor-section-height-default elementor-section-height-default wpr-particle-no wpr-jarallax-no wpr-parallax-no wpr-sticky-section-no\" data-id=\"70c73ebb\" data-element_type=\"section\">\n\t\t\t\t\t\t<div class=\"elementor-container elementor-column-gap-default\">\n\t\t\t\t\t<div class=\"has_eae_slider elementor-column elementor-col-100 elementor-top-column elementor-element elementor-element-de4057a\" data-id=\"de4057a\" data-element_type=\"column\">\n\t\t\t<div class=\"elementor-widget-wrap elementor-element-populated\">\n\t\t\t\t\t\t\t\t<div class=\"elementor-element elementor-element-3df48afe elementor-widget elementor-widget-html\" data-id=\"3df48afe\" data-element_type=\"widget\" data-widget_type=\"html.default\">\n\t\t\t\t<div class=\"elementor-widget-container\">\n\t\t\t<div><div id=\"image-map-pro-3e44c064-3ced-4c4d-a0ce-99b4b50a6375\"><\/div><\/div>\t\t<\/div>\n\t\t\t\t<\/div>\n\t\t\t\t\t<\/div>\n\t\t<\/div>\n\t\t\t\t\t\t\t<\/div>\n\t\t<\/section>\n\t\t\t\t\t\t\t<\/div>","protected":false},"excerpt":{"rendered":"<p>Kad\u0131n, erkek ve \u00e7ocuk ayakkab\u0131lar\u0131, koridorlar\u0131n 5, 11 ve 12. s\u0131ralar\u0131nda ve B Binas\u0131&#039;n\u0131n birinci kat\u0131nda, A S\u0131ras\u0131&#039;nda mevcuttur. Yaz aylar\u0131nda kad\u0131nlar parmak aras\u0131 terlik, sandalet, babet, sandalet, sabo ve terliklerden vazge\u00e7emezler. Klasik topuklu ayakkab\u0131lar g\u00fcnl\u00fck ofis k\u0131yafetleri ve resmi davetler i\u00e7in idealdir. Sonbahar ve ilkbahar i\u00e7in kapal\u0131 burunlu ayakkab\u0131lar, mokasenler ve mokasenler tercih edin. Ge\u00e7i\u015f d\u00f6neminde [\u2026]<\/p>","protected":false},"author":1,"featured_media":0,"parent":3605,"menu_order":0,"comment_status":"closed","ping_status":"closed","template":"page-elementor.php","meta":[],"yoast_head":"<!-- This site is optimized with the Yoast SEO plugin v19.11 - https:\/\/yoast.com\/wordpress\/plugins\/seo\/ -->\n<title>\u041e\u0431\u0443\u0432\u044c - \u0421\u0430\u0434\u043e\u0432\u043e\u0434<\/title>\n<meta name=\"description\" content=\"\u0416\u0435\u043d\u0441\u043a\u0430\u044f, \u043c\u0443\u0436\u0441\u043a\u0430\u044f \u0438 \u0434\u0435\u0442\u0441\u043a\u0430\u044f \u043e\u0431\u0443\u0432\u044c \u043f\u0440\u0435\u0434\u0441\u0442\u0430\u0432\u043b\u0435\u043d\u0430 \u043d\u0430 \u043b\u0438\u043d\u0438\u044f\u0445 5, 11, 12 \u0432\u0435\u0449\u0435\u0432\u044b\u0445 \u0440\u044f\u0434\u043e\u0432 \u0438 \u043d\u0430 \u043f\u0435\u0440\u0432\u043e\u043c \u044d\u0442\u0430\u0436\u0435 \u043a\u043e\u0440\u043f\u0443\u0441\u0430 \u0411, \u0440\u044f\u0434 \u0410.\" \/>\n<meta name=\"robots\" content=\"index, follow, max-snippet:-1, max-image-preview:large, max-video-preview:-1\" \/>\n<link rel=\"canonical\" href=\"https:\/\/sadovodtk.ru\/tr\/assortiment\/obuv\/\" \/>\n<meta property=\"og:locale\" content=\"tr_TR\" \/>\n<meta property=\"og:type\" content=\"article\" \/>\n<meta property=\"og:title\" content=\"\u041e\u0431\u0443\u0432\u044c - \u0421\u0430\u0434\u043e\u0432\u043e\u0434\" \/>\n<meta property=\"og:description\" content=\"\u0416\u0435\u043d\u0441\u043a\u0430\u044f, \u043c\u0443\u0436\u0441\u043a\u0430\u044f \u0438 \u0434\u0435\u0442\u0441\u043a\u0430\u044f \u043e\u0431\u0443\u0432\u044c \u043f\u0440\u0435\u0434\u0441\u0442\u0430\u0432\u043b\u0435\u043d\u0430 \u043d\u0430 \u043b\u0438\u043d\u0438\u044f\u0445 5, 11, 12 \u0432\u0435\u0449\u0435\u0432\u044b\u0445 \u0440\u044f\u0434\u043e\u0432 \u0438 \u043d\u0430 \u043f\u0435\u0440\u0432\u043e\u043c \u044d\u0442\u0430\u0436\u0435 \u043a\u043e\u0440\u043f\u0443\u0441\u0430 \u0411, \u0440\u044f\u0434 \u0410.\" \/>\n<meta property=\"og:url\" content=\"https:\/\/sadovodtk.ru\/tr\/assortiment\/obuv\/\" \/>\n<meta property=\"og:site_name\" content=\"\u0421\u0430\u0434\u043e\u0432\u043e\u0434\" \/>\n<meta property=\"article:modified_time\" content=\"2024-06-24T12:39:09+00:00\" \/>\n<meta property=\"og:image\" content=\"https:\/\/sadovodtk.ru\/wp-content\/uploads\/2023\/03\/75korpusb_sadovodtk.jpg\" \/>\n<meta name=\"twitter:card\" content=\"summary_large_image\" \/>\n<meta name=\"twitter:label1\" content=\"Est. reading time\" \/>\n\t<meta name=\"twitter:data1\" content=\"2 dakika\" \/>\n<script type=\"application\/ld+json\" class=\"yoast-schema-graph\">{\"@context\":\"https:\/\/schema.org\",\"@graph\":[{\"@type\":\"WebPage\",\"@id\":\"https:\/\/sadovodtk.ru\/assortiment\/obuv\/\",\"url\":\"https:\/\/sadovodtk.ru\/assortiment\/obuv\/\",\"name\":\"\u041e\u0431\u0443\u0432\u044c - \u0421\u0430\u0434\u043e\u0432\u043e\u0434\",\"isPartOf\":{\"@id\":\"https:\/\/sadovodtk.ru\/#website\"},\"datePublished\":\"2023-01-13T07:22:45+00:00\",\"dateModified\":\"2024-06-24T12:39:09+00:00\",\"description\":\"\u0416\u0435\u043d\u0441\u043a\u0430\u044f, \u043c\u0443\u0436\u0441\u043a\u0430\u044f \u0438 \u0434\u0435\u0442\u0441\u043a\u0430\u044f \u043e\u0431\u0443\u0432\u044c \u043f\u0440\u0435\u0434\u0441\u0442\u0430\u0432\u043b\u0435\u043d\u0430 \u043d\u0430 \u043b\u0438\u043d\u0438\u044f\u0445 5, 11, 12 \u0432\u0435\u0449\u0435\u0432\u044b\u0445 \u0440\u044f\u0434\u043e\u0432 \u0438 \u043d\u0430 \u043f\u0435\u0440\u0432\u043e\u043c \u044d\u0442\u0430\u0436\u0435 \u043a\u043e\u0440\u043f\u0443\u0441\u0430 \u0411, \u0440\u044f\u0434 \u0410.\",\"breadcrumb\":{\"@id\":\"https:\/\/sadovodtk.ru\/assortiment\/obuv\/#breadcrumb\"},\"inLanguage\":\"tr\",\"potentialAction\":[{\"@type\":\"ReadAction\",\"target\":[\"https:\/\/sadovodtk.ru\/assortiment\/obuv\/\"]}]},{\"@type\":\"BreadcrumbList\",\"@id\":\"https:\/\/sadovodtk.ru\/assortiment\/obuv\/#breadcrumb\",\"itemListElement\":[{\"@type\":\"ListItem\",\"position\":1,\"name\":\"\u0413\u043b\u0430\u0432\u043d\u0430\u044f \u0441\u0442\u0440\u0430\u043d\u0438\u0446\u0430\",\"item\":\"https:\/\/sadovodtk.ru\/\"},{\"@type\":\"ListItem\",\"position\":2,\"name\":\"\u0410\u0441\u0441\u043e\u0440\u0442\u0438\u043c\u0435\u043d\u0442\",\"item\":\"https:\/\/sadovodtk.ru\/assortiment\/\"},{\"@type\":\"ListItem\",\"position\":3,\"name\":\"\u041e\u0431\u0443\u0432\u044c\"}]},{\"@type\":\"WebSite\",\"@id\":\"https:\/\/sadovodtk.ru\/#website\",\"url\":\"https:\/\/sadovodtk.ru\/\",\"name\":\"\u0422\u041a \u0421\u0430\u0434\u043e\u0432\u043e\u0434\",\"description\":\"\",\"potentialAction\":[{\"@type\":\"SearchAction\",\"target\":{\"@type\":\"EntryPoint\",\"urlTemplate\":\"https:\/\/sadovodtk.ru\/?s={search_term_string}\"},\"query-input\":\"required name=search_term_string\"}],\"inLanguage\":\"tr\"}]}<\/script>\n<!-- \/ Yoast SEO plugin. -->","yoast_head_json":{"title":"\u041e\u0431\u0443\u0432\u044c - \u0421\u0430\u0434\u043e\u0432\u043e\u0434","description":"\u0416\u0435\u043d\u0441\u043a\u0430\u044f, \u043c\u0443\u0436\u0441\u043a\u0430\u044f \u0438 \u0434\u0435\u0442\u0441\u043a\u0430\u044f \u043e\u0431\u0443\u0432\u044c \u043f\u0440\u0435\u0434\u0441\u0442\u0430\u0432\u043b\u0435\u043d\u0430 \u043d\u0430 \u043b\u0438\u043d\u0438\u044f\u0445 5, 11, 12 \u0432\u0435\u0449\u0435\u0432\u044b\u0445 \u0440\u044f\u0434\u043e\u0432 \u0438 \u043d\u0430 \u043f\u0435\u0440\u0432\u043e\u043c \u044d\u0442\u0430\u0436\u0435 \u043a\u043e\u0440\u043f\u0443\u0441\u0430 \u0411, \u0440\u044f\u0434 \u0410.","robots":{"index":"index","follow":"follow","max-snippet":"max-snippet:-1","max-image-preview":"max-image-preview:large","max-video-preview":"max-video-preview:-1"},"canonical":"https:\/\/sadovodtk.ru\/tr\/assortiment\/obuv\/","og_locale":"tr_TR","og_type":"article","og_title":"\u041e\u0431\u0443\u0432\u044c - \u0421\u0430\u0434\u043e\u0432\u043e\u0434","og_description":"\u0416\u0435\u043d\u0441\u043a\u0430\u044f, \u043c\u0443\u0436\u0441\u043a\u0430\u044f \u0438 \u0434\u0435\u0442\u0441\u043a\u0430\u044f \u043e\u0431\u0443\u0432\u044c \u043f\u0440\u0435\u0434\u0441\u0442\u0430\u0432\u043b\u0435\u043d\u0430 \u043d\u0430 \u043b\u0438\u043d\u0438\u044f\u0445 5, 11, 12 \u0432\u0435\u0449\u0435\u0432\u044b\u0445 \u0440\u044f\u0434\u043e\u0432 \u0438 \u043d\u0430 \u043f\u0435\u0440\u0432\u043e\u043c \u044d\u0442\u0430\u0436\u0435 \u043a\u043e\u0440\u043f\u0443\u0441\u0430 \u0411, \u0440\u044f\u0434 \u0410.","og_url":"https:\/\/sadovodtk.ru\/tr\/assortiment\/obuv\/","og_site_name":"\u0421\u0430\u0434\u043e\u0432\u043e\u0434","article_modified_time":"2024-06-24T12:39:09+00:00","og_image":[{"url":"https:\/\/sadovodtk.ru\/wp-content\/uploads\/2023\/03\/75korpusb_sadovodtk.jpg"}],"twitter_card":"summary_large_image","twitter_misc":{"Est. reading time":"2 dakika"},"schema":{"@context":"https:\/\/schema.org","@graph":[{"@type":"WebPage","@id":"https:\/\/sadovodtk.ru\/assortiment\/obuv\/","url":"https:\/\/sadovodtk.ru\/assortiment\/obuv\/","name":"\u041e\u0431\u0443\u0432\u044c - \u0421\u0430\u0434\u043e\u0432\u043e\u0434","isPartOf":{"@id":"https:\/\/sadovodtk.ru\/#website"},"datePublished":"2023-01-13T07:22:45+00:00","dateModified":"2024-06-24T12:39:09+00:00","description":"\u0416\u0435\u043d\u0441\u043a\u0430\u044f, \u043c\u0443\u0436\u0441\u043a\u0430\u044f \u0438 \u0434\u0435\u0442\u0441\u043a\u0430\u044f \u043e\u0431\u0443\u0432\u044c \u043f\u0440\u0435\u0434\u0441\u0442\u0430\u0432\u043b\u0435\u043d\u0430 \u043d\u0430 \u043b\u0438\u043d\u0438\u044f\u0445 5, 11, 12 \u0432\u0435\u0449\u0435\u0432\u044b\u0445 \u0440\u044f\u0434\u043e\u0432 \u0438 \u043d\u0430 \u043f\u0435\u0440\u0432\u043e\u043c \u044d\u0442\u0430\u0436\u0435 \u043a\u043e\u0440\u043f\u0443\u0441\u0430 \u0411, \u0440\u044f\u0434 \u0410.","breadcrumb":{"@id":"https:\/\/sadovodtk.ru\/assortiment\/obuv\/#breadcrumb"},"inLanguage":"tr","potentialAction":[{"@type":"ReadAction","target":["https:\/\/sadovodtk.ru\/assortiment\/obuv\/"]}]},{"@type":"BreadcrumbList","@id":"https:\/\/sadovodtk.ru\/assortiment\/obuv\/#breadcrumb","itemListElement":[{"@type":"ListItem","position":1,"name":"\u0413\u043b\u0430\u0432\u043d\u0430\u044f \u0441\u0442\u0440\u0430\u043d\u0438\u0446\u0430","item":"https:\/\/sadovodtk.ru\/"},{"@type":"ListItem","position":2,"name":"\u0410\u0441\u0441\u043e\u0440\u0442\u0438\u043c\u0435\u043d\u0442","item":"https:\/\/sadovodtk.ru\/assortiment\/"},{"@type":"ListItem","position":3,"name":"\u041e\u0431\u0443\u0432\u044c"}]},{"@type":"WebSite","@id":"https:\/\/sadovodtk.ru\/#website","url":"https:\/\/sadovodtk.ru\/","name":"\u0422\u041a \u0421\u0430\u0434\u043e\u0432\u043e\u0434","description":"","potentialAction":[{"@type":"SearchAction","target":{"@type":"EntryPoint","urlTemplate":"https:\/\/sadovodtk.ru\/?s={search_term_string}"},"query-input":"required name=search_term_string"}],"inLanguage":"tr"}]}},"_links":{"self":[{"href":"https:\/\/sadovodtk.ru\/tr\/wp-json\/wp\/v2\/pages\/447"}],"collection":[{"href":"https:\/\/sadovodtk.ru\/tr\/wp-json\/wp\/v2\/pages"}],"about":[{"href":"https:\/\/sadovodtk.ru\/tr\/wp-json\/wp\/v2\/types\/page"}],"author":[{"embeddable":true,"href":"https:\/\/sadovodtk.ru\/tr\/wp-json\/wp\/v2\/users\/1"}],"replies":[{"embeddable":true,"href":"https:\/\/sadovodtk.ru\/tr\/wp-json\/wp\/v2\/comments?post=447"}],"version-history":[{"count":13,"href":"https:\/\/sadovodtk.ru\/tr\/wp-json\/wp\/v2\/pages\/447\/revisions"}],"predecessor-version":[{"id":9970,"href":"https:\/\/sadovodtk.ru\/tr\/wp-json\/wp\/v2\/pages\/447\/revisions\/9970"}],"up":[{"embeddable":true,"href":"https:\/\/sadovodtk.ru\/tr\/wp-json\/wp\/v2\/pages\/3605"}],"wp:attachment":[{"href":"https:\/\/sadovodtk.ru\/tr\/wp-json\/wp\/v2\/media?parent=447"}],"curies":[{"name":"wp","href":"https:\/\/api.w.org\/{rel}","templated":true}]}}