{"id":445,"date":"2023-01-13T10:22:19","date_gmt":"2023-01-13T07:22:19","guid":{"rendered":"http:\/\/local.sadovod.ru\/?p=445"},"modified":"2024-06-18T15:34:22","modified_gmt":"2024-06-18T12:34:22","slug":"modnaya-odezhda-brendy","status":"publish","type":"page","link":"https:\/\/sadovodtk.ru\/tr\/assortiment\/modnaya-odezhda-brendy\/","title":{"rendered":"moda Giyim"},"content":{"rendered":"<div data-elementor-type=\"wp-page\" data-elementor-id=\"445\" class=\"elementor elementor-445\">\n\t\t\t\t\t\t\t\t\t<section class=\"has_eae_slider elementor-section elementor-top-section elementor-element elementor-element-294cfc9b elementor-section-full_width elementor-section-height-default elementor-section-height-default wpr-particle-no wpr-jarallax-no wpr-parallax-no wpr-sticky-section-no\" data-id=\"294cfc9b\" data-element_type=\"section\">\n\t\t\t\t\t\t<div class=\"elementor-container elementor-column-gap-default\">\n\t\t\t\t\t<div class=\"has_eae_slider elementor-column elementor-col-100 elementor-top-column elementor-element elementor-element-4a07a332\" data-id=\"4a07a332\" data-element_type=\"column\">\n\t\t\t<div class=\"elementor-widget-wrap elementor-element-populated\">\n\t\t\t\t\t\t\t\t<div class=\"elementor-element elementor-element-7089f5f elementor-widget elementor-widget-html\" data-id=\"7089f5f\" data-element_type=\"widget\" data-widget_type=\"html.default\">\n\t\t\t\t<div class=\"elementor-widget-container\">\n\t\t\t\t\t\t<!-- Flexy Breadcrumb -->\r\n\t\t\t<div class=\"fbc fbc-page\">\r\n\r\n\t\t\t\t<!-- Breadcrumb wrapper -->\r\n\t\t\t\t<div class=\"fbc-wrap\">\r\n\r\n\t\t\t\t\t<!-- Ordered list-->\r\n\t\t\t\t\t<ol class=\"fbc-items\" itemscope itemtype=\"https:\/\/schema.org\/BreadcrumbList\">\r\n\t\t\t\t\t\t            <li itemprop=\"itemListElement\" itemscope itemtype=\"https:\/\/schema.org\/ListItem\">\r\n                <span itemprop=\"name\">\r\n                    <!-- Home Link -->\r\n                    <a itemprop=\"item\" href=\"https:\/\/sadovodtk.ru\">\r\n                    \r\n                        Ev                    <\/a>\r\n                <\/span>\r\n                <meta itemprop=\"position\" content=\"1\" \/><!-- Meta Position-->\r\n             <\/li><li><span class=\"fbc-separator\">\/<\/span><\/li><li class=\"active\" itemprop=\"itemListElement\" itemscope itemtype=\"https:\/\/schema.org\/ListItem\"><span itemprop=\"name\" title=\"moda Giyim\">moda Giyim<\/span><meta itemprop=\"position\" content=\"2\" \/><\/li>\t\t\t\t\t<\/ol>\r\n\t\t\t\t\t<div class=\"clearfix\"><\/div>\r\n\t\t\t\t<\/div>\r\n\t\t\t<\/div>\r\n\t\t\t\t\t<\/div>\n\t\t\t\t<\/div>\n\t\t\t\t\t<\/div>\n\t\t<\/div>\n\t\t\t\t\t\t\t<\/div>\n\t\t<\/section>\n\t\t\t\t<section class=\"has_eae_slider elementor-section elementor-top-section elementor-element elementor-element-3749fd72 elementor-section-full_width elementor-section-height-default elementor-section-height-default wpr-particle-no wpr-jarallax-no wpr-parallax-no wpr-sticky-section-no\" data-id=\"3749fd72\" data-element_type=\"section\">\n\t\t\t\t\t\t<div class=\"elementor-container elementor-column-gap-default\">\n\t\t\t\t\t<div class=\"has_eae_slider elementor-column elementor-col-50 elementor-top-column elementor-element elementor-element-37e37a02\" data-id=\"37e37a02\" data-element_type=\"column\">\n\t\t\t<div class=\"elementor-widget-wrap elementor-element-populated\">\n\t\t\t\t\t\t\t\t<div class=\"elementor-element elementor-element-41cc9924 elementor-widget elementor-widget-image\" data-id=\"41cc9924\" data-element_type=\"widget\" data-widget_type=\"image.default\">\n\t\t\t\t<div class=\"elementor-widget-container\">\n\t\t\t<style>\/*! elementor - v3.15.0 - 20-08-2023 *\/\n.elementor-widget-image{text-align:center}.elementor-widget-image a{display:inline-block}.elementor-widget-image a img[src$=\".svg\"]{width:48px}.elementor-widget-image img{vertical-align:middle;display:inline-block}<\/style>\t\t\t\t\t\t\t\t\t\t\t\t<img decoding=\"async\" width=\"1920\" height=\"1081\" src=\"https:\/\/sadovodtk.ru\/wp-content\/uploads\/2023\/04\/89modnaya_liniya_sadovodtk.jpg\" class=\"attachment-full size-full wp-image-2426\" alt=\"\" loading=\"lazy\" srcset=\"https:\/\/sadovodtk.ru\/wp-content\/uploads\/2023\/04\/89modnaya_liniya_sadovodtk.jpg 1920w, https:\/\/sadovodtk.ru\/wp-content\/uploads\/2023\/04\/89modnaya_liniya_sadovodtk-150x84.jpg 150w, https:\/\/sadovodtk.ru\/wp-content\/uploads\/2023\/04\/89modnaya_liniya_sadovodtk-1536x865.jpg 1536w, https:\/\/sadovodtk.ru\/wp-content\/uploads\/2023\/04\/89modnaya_liniya_sadovodtk-18x10.jpg 18w, https:\/\/sadovodtk.ru\/wp-content\/uploads\/2023\/04\/89modnaya_liniya_sadovodtk-300x169.jpg 300w, https:\/\/sadovodtk.ru\/wp-content\/uploads\/2023\/04\/89modnaya_liniya_sadovodtk-500x282.jpg 500w, https:\/\/sadovodtk.ru\/wp-content\/uploads\/2023\/04\/89modnaya_liniya_sadovodtk-769x433.jpg 769w, https:\/\/sadovodtk.ru\/wp-content\/uploads\/2023\/04\/89modnaya_liniya_sadovodtk-1024x577.jpg 1024w\" sizes=\"(max-width: 1920px) 100vw, 1920px\" \/>\t\t\t\t\t\t\t\t\t\t\t\t\t\t\t<\/div>\n\t\t\t\t<\/div>\n\t\t\t\t\t<\/div>\n\t\t<\/div>\n\t\t\t\t<div class=\"has_eae_slider elementor-column elementor-col-50 elementor-top-column elementor-element elementor-element-4cdf2a8f\" data-id=\"4cdf2a8f\" data-element_type=\"column\">\n\t\t\t<div class=\"elementor-widget-wrap elementor-element-populated\">\n\t\t\t\t\t\t\t\t<div class=\"elementor-element elementor-element-58237325 elementor-widget elementor-widget-heading\" data-id=\"58237325\" data-element_type=\"widget\" data-widget_type=\"heading.default\">\n\t\t\t\t<div class=\"elementor-widget-container\">\n\t\t\t<style>\/*! elementor - v3.15.0 - 20-08-2023 *\/\n.elementor-heading-title{padding:0;margin:0;line-height:1}.elementor-widget-heading .elementor-heading-title[class*=elementor-size-]>a{color:inherit;font-size:inherit;line-height:inherit}.elementor-widget-heading .elementor-heading-title.elementor-size-small{font-size:15px}.elementor-widget-heading .elementor-heading-title.elementor-size-medium{font-size:19px}.elementor-widget-heading .elementor-heading-title.elementor-size-large{font-size:29px}.elementor-widget-heading .elementor-heading-title.elementor-size-xl{font-size:39px}.elementor-widget-heading .elementor-heading-title.elementor-size-xxl{font-size:59px}<\/style><h2 class=\"elementor-heading-title elementor-size-default\">moda Giyim<\/h2>\t\t<\/div>\n\t\t\t\t<\/div>\n\t\t\t\t<div class=\"elementor-element elementor-element-e9a0fa1 elementor-widget elementor-widget-text-editor\" data-id=\"e9a0fa1\" data-element_type=\"widget\" data-widget_type=\"text-editor.default\">\n\t\t\t\t<div class=\"elementor-widget-container\">\n\t\t\t<style>\/*! elementor - v3.15.0 - 20-08-2023 *\/\n.elementor-widget-text-editor.elementor-drop-cap-view-stacked .elementor-drop-cap{background-color:#69727d;color:#fff}.elementor-widget-text-editor.elementor-drop-cap-view-framed .elementor-drop-cap{color:#69727d;border:3px solid;background-color:transparent}.elementor-widget-text-editor:not(.elementor-drop-cap-view-default) .elementor-drop-cap{margin-top:8px}.elementor-widget-text-editor:not(.elementor-drop-cap-view-default) .elementor-drop-cap-letter{width:1em;height:1em}.elementor-widget-text-editor .elementor-drop-cap{float:left;text-align:center;line-height:1;font-size:50px}.elementor-widget-text-editor .elementor-drop-cap-letter{display:inline-block}<\/style>\t\t\t\t<p>En son koleksiyonlardan ve en kaliteli modaya uygun erkek ve kad\u0131n giyim ve ayakkab\u0131, abiye, ideal tak\u0131m elbise, kaban ve ceketler giyim s\u0131ralar\u0131n\u0131n 5. ve 14. sat\u0131rlar\u0131nda ve B binas\u0131n\u0131n birinci kat\u0131nda sunulmaktad\u0131r.<\/p><p><br \/>Fashion Street (line 5), Loft Fashion (line 14) ve B binas\u0131ndaki fashion serisinden ilham alabilir ve \u015f\u0131k g\u00f6r\u00fcn\u00fcmler sat\u0131n alabilirsiniz. Orijinal \u00fcr\u00fcnler, trend aksesuarlar ve g\u00fcncel yeni \u00fcr\u00fcnler benzersiz bir tarz yaratman\u0131za yard\u0131mc\u0131 olacakt\u0131r.<\/p>\t\t\t\t\t\t<\/div>\n\t\t\t\t<\/div>\n\t\t\t\t<div class=\"elementor-element elementor-element-7ad7eaef elementor-icon-list--layout-traditional elementor-list-item-link-full_width elementor-widget elementor-widget-icon-list\" data-id=\"7ad7eaef\" data-element_type=\"widget\" data-widget_type=\"icon-list.default\">\n\t\t\t\t<div class=\"elementor-widget-container\">\n\t\t\t<link rel=\"stylesheet\" href=\"https:\/\/sadovodtk.ru\/wp-content\/plugins\/elementor\/assets\/css\/widget-icon-list.min.css\">\t\t<ul class=\"elementor-icon-list-items\">\n\t\t\t\t\t\t\t<li class=\"elementor-icon-list-item\">\n\t\t\t\t\t\t\t\t\t\t\t<a href=\"https:\/\/sadovodtk.ru\/assortiment\/zhenskaya-odezhda\/\">\n\n\t\t\t\t\t\t\t\t\t\t\t\t<span class=\"elementor-icon-list-icon\">\n\t\t\t\t\t\t\t<i aria-hidden=\"true\" class=\"fas fa-check\"><\/i>\t\t\t\t\t\t<\/span>\n\t\t\t\t\t\t\t\t\t\t<span class=\"elementor-icon-list-text\">Bayan giyimi<\/span>\n\t\t\t\t\t\t\t\t\t\t\t<\/a>\n\t\t\t\t\t\t\t\t\t<\/li>\n\t\t\t\t\t\t\t\t<li class=\"elementor-icon-list-item\">\n\t\t\t\t\t\t\t\t\t\t\t<a href=\"https:\/\/sadovodtk.ru\/assortiment\/muzhskaya-odezhda\/\">\n\n\t\t\t\t\t\t\t\t\t\t\t\t<span class=\"elementor-icon-list-icon\">\n\t\t\t\t\t\t\t<i aria-hidden=\"true\" class=\"fas fa-check\"><\/i>\t\t\t\t\t\t<\/span>\n\t\t\t\t\t\t\t\t\t\t<span class=\"elementor-icon-list-text\">Erkek giyim<\/span>\n\t\t\t\t\t\t\t\t\t\t\t<\/a>\n\t\t\t\t\t\t\t\t\t<\/li>\n\t\t\t\t\t\t\t\t<li class=\"elementor-icon-list-item\">\n\t\t\t\t\t\t\t\t\t\t\t<span class=\"elementor-icon-list-icon\">\n\t\t\t\t\t\t\t<i aria-hidden=\"true\" class=\"fas fa-check\"><\/i>\t\t\t\t\t\t<\/span>\n\t\t\t\t\t\t\t\t\t\t<span class=\"elementor-icon-list-text\">abiye<\/span>\n\t\t\t\t\t\t\t\t\t<\/li>\n\t\t\t\t\t\t\t\t<li class=\"elementor-icon-list-item\">\n\t\t\t\t\t\t\t\t\t\t\t<span class=\"elementor-icon-list-icon\">\n\t\t\t\t\t\t\t<i aria-hidden=\"true\" class=\"fas fa-check\"><\/i>\t\t\t\t\t\t<\/span>\n\t\t\t\t\t\t\t\t\t\t<span class=\"elementor-icon-list-text\">d\u0131\u015f giyim<\/span>\n\t\t\t\t\t\t\t\t\t<\/li>\n\t\t\t\t\t\t\t\t<li class=\"elementor-icon-list-item\">\n\t\t\t\t\t\t\t\t\t\t\t<span class=\"elementor-icon-list-icon\">\n\t\t\t\t\t\t\t<i aria-hidden=\"true\" class=\"fas fa-check\"><\/i>\t\t\t\t\t\t<\/span>\n\t\t\t\t\t\t\t\t\t\t<span class=\"elementor-icon-list-text\">ayakkab\u0131<\/span>\n\t\t\t\t\t\t\t\t\t<\/li>\n\t\t\t\t\t\t\t\t<li class=\"elementor-icon-list-item\">\n\t\t\t\t\t\t\t\t\t\t\t<span class=\"elementor-icon-list-icon\">\n\t\t\t\t\t\t\t<i aria-hidden=\"true\" class=\"fas fa-check\"><\/i>\t\t\t\t\t\t<\/span>\n\t\t\t\t\t\t\t\t\t\t<span class=\"elementor-icon-list-text\">Aksesuarlar<\/span>\n\t\t\t\t\t\t\t\t\t<\/li>\n\t\t\t\t\t\t<\/ul>\n\t\t\t\t<\/div>\n\t\t\t\t<\/div>\n\t\t\t\t\t<\/div>\n\t\t<\/div>\n\t\t\t\t\t\t\t<\/div>\n\t\t<\/section>\n\t\t\t\t<section class=\"has_eae_slider elementor-section elementor-top-section elementor-element elementor-element-78b328af elementor-section-full_width elementor-section-height-default elementor-section-height-default wpr-particle-no wpr-jarallax-no wpr-parallax-no wpr-sticky-section-no\" data-id=\"78b328af\" data-element_type=\"section\">\n\t\t\t\t\t\t<div class=\"elementor-container elementor-column-gap-default\">\n\t\t\t\t\t<div class=\"has_eae_slider elementor-column elementor-col-100 elementor-top-column elementor-element elementor-element-438ecaa7\" data-id=\"438ecaa7\" data-element_type=\"column\">\n\t\t\t<div class=\"elementor-widget-wrap elementor-element-populated\">\n\t\t\t\t\t\t\t\t<div class=\"elementor-element elementor-element-60fdd5aa elementor-widget elementor-widget-html\" data-id=\"60fdd5aa\" data-element_type=\"widget\" data-widget_type=\"html.default\">\n\t\t\t\t<div class=\"elementor-widget-container\">\n\t\t\t<div><div id=\"image-map-pro-3e44c064-3ced-4c4d-a0ce-99b4b50a6375\"><\/div><\/div>\t\t<\/div>\n\t\t\t\t<\/div>\n\t\t\t\t\t<\/div>\n\t\t<\/div>\n\t\t\t\t\t\t\t<\/div>\n\t\t<\/section>\n\t\t\t\t\t\t\t<\/div>","protected":false},"excerpt":{"rendered":"<p>Moda erkek ve kad\u0131n giyim ve ayakkab\u0131lar\u0131, abiye elbiseler, m\u00fckemmel tak\u0131m elbiseler, paltolar ve ceketler, en son koleksiyonlardan ve en y\u00fcksek kaliteden \u00fcr\u00fcnler, giyim reyonlar\u0131n\u0131n 5 ve 14 numaral\u0131 hatlar\u0131nda ve B Binas\u0131&#039;n\u0131n birinci kat\u0131nda sergileniyor. Fashion Street&#039;te (5 numaral\u0131 hat), Loft Fashion&#039;da (14 numaral\u0131 hat) ve moda koleksiyonunda ilham alabilir ve \u015f\u0131k g\u00f6r\u00fcn\u00fcmler bulabilirsiniz [\u2026]<\/p>","protected":false},"author":1,"featured_media":2426,"parent":3605,"menu_order":0,"comment_status":"closed","ping_status":"closed","template":"page-elementor.php","meta":[],"yoast_head":"<!-- This site is optimized with the Yoast SEO plugin v19.11 - https:\/\/yoast.com\/wordpress\/plugins\/seo\/ -->\n<title>\u041c\u043e\u0434\u043d\u0430\u044f \u043e\u0434\u0435\u0436\u0434\u0430 - \u0421\u0430\u0434\u043e\u0432\u043e\u0434<\/title>\n<meta name=\"description\" content=\"\u0412\u0434\u043e\u0445\u043d\u043e\u0432\u0438\u0442\u044c\u0441\u044f \u0438 \u043f\u0440\u0438\u043e\u0431\u0440\u0435\u0441\u0442\u0438 \u0441\u0442\u0438\u043b\u044c\u043d\u044b\u0435 \u043e\u0431\u0440\u0430\u0437\u044b \u0432\u044b \u043c\u043e\u0436\u0435\u0442\u0435 \u043d\u0430 Fashion Street (\u043b\u0438\u043d\u0438\u044f 5), Loft Fashion (\u043b\u0438\u043d\u0438\u044f 14) \u0438 \u043c\u043e\u0434\u043d\u043e\u0439 \u043b\u0438\u043d\u0438\u0438 \u0432 \u043a\u043e\u0440\u043f\u0443\u0441\u0435 \u0411.\" \/>\n<meta name=\"robots\" content=\"index, follow, max-snippet:-1, max-image-preview:large, max-video-preview:-1\" \/>\n<link rel=\"canonical\" href=\"https:\/\/sadovodtk.ru\/tr\/assortiment\/modnaya-odezhda-brendy\/\" \/>\n<meta property=\"og:locale\" content=\"tr_TR\" \/>\n<meta property=\"og:type\" content=\"article\" \/>\n<meta property=\"og:title\" content=\"\u041c\u043e\u0434\u043d\u0430\u044f \u043e\u0434\u0435\u0436\u0434\u0430 - \u0421\u0430\u0434\u043e\u0432\u043e\u0434\" \/>\n<meta property=\"og:description\" content=\"\u0412\u0434\u043e\u0445\u043d\u043e\u0432\u0438\u0442\u044c\u0441\u044f \u0438 \u043f\u0440\u0438\u043e\u0431\u0440\u0435\u0441\u0442\u0438 \u0441\u0442\u0438\u043b\u044c\u043d\u044b\u0435 \u043e\u0431\u0440\u0430\u0437\u044b \u0432\u044b \u043c\u043e\u0436\u0435\u0442\u0435 \u043d\u0430 Fashion Street (\u043b\u0438\u043d\u0438\u044f 5), Loft Fashion (\u043b\u0438\u043d\u0438\u044f 14) \u0438 \u043c\u043e\u0434\u043d\u043e\u0439 \u043b\u0438\u043d\u0438\u0438 \u0432 \u043a\u043e\u0440\u043f\u0443\u0441\u0435 \u0411.\" \/>\n<meta property=\"og:url\" content=\"https:\/\/sadovodtk.ru\/tr\/assortiment\/modnaya-odezhda-brendy\/\" \/>\n<meta property=\"og:site_name\" content=\"\u0421\u0430\u0434\u043e\u0432\u043e\u0434\" \/>\n<meta property=\"article:modified_time\" content=\"2024-06-18T12:34:22+00:00\" \/>\n<meta property=\"og:image\" content=\"https:\/\/sadovodtk.ru\/wp-content\/uploads\/2023\/04\/89modnaya_liniya_sadovodtk.jpg\" \/>\n\t<meta property=\"og:image:width\" content=\"1920\" \/>\n\t<meta property=\"og:image:height\" content=\"1081\" \/>\n\t<meta property=\"og:image:type\" content=\"image\/jpeg\" \/>\n<meta name=\"twitter:card\" content=\"summary_large_image\" \/>\n<meta name=\"twitter:label1\" content=\"Est. reading time\" \/>\n\t<meta name=\"twitter:data1\" content=\"1 dakika\" \/>\n<script type=\"application\/ld+json\" class=\"yoast-schema-graph\">{\"@context\":\"https:\/\/schema.org\",\"@graph\":[{\"@type\":\"WebPage\",\"@id\":\"https:\/\/sadovodtk.ru\/assortiment\/modnaya-odezhda-brendy\/\",\"url\":\"https:\/\/sadovodtk.ru\/assortiment\/modnaya-odezhda-brendy\/\",\"name\":\"\u041c\u043e\u0434\u043d\u0430\u044f \u043e\u0434\u0435\u0436\u0434\u0430 - \u0421\u0430\u0434\u043e\u0432\u043e\u0434\",\"isPartOf\":{\"@id\":\"https:\/\/sadovodtk.ru\/#website\"},\"datePublished\":\"2023-01-13T07:22:19+00:00\",\"dateModified\":\"2024-06-18T12:34:22+00:00\",\"description\":\"\u0412\u0434\u043e\u0445\u043d\u043e\u0432\u0438\u0442\u044c\u0441\u044f \u0438 \u043f\u0440\u0438\u043e\u0431\u0440\u0435\u0441\u0442\u0438 \u0441\u0442\u0438\u043b\u044c\u043d\u044b\u0435 \u043e\u0431\u0440\u0430\u0437\u044b \u0432\u044b \u043c\u043e\u0436\u0435\u0442\u0435 \u043d\u0430 Fashion Street (\u043b\u0438\u043d\u0438\u044f 5), Loft Fashion (\u043b\u0438\u043d\u0438\u044f 14) \u0438 \u043c\u043e\u0434\u043d\u043e\u0439 \u043b\u0438\u043d\u0438\u0438 \u0432 \u043a\u043e\u0440\u043f\u0443\u0441\u0435 \u0411.\",\"breadcrumb\":{\"@id\":\"https:\/\/sadovodtk.ru\/assortiment\/modnaya-odezhda-brendy\/#breadcrumb\"},\"inLanguage\":\"tr\",\"potentialAction\":[{\"@type\":\"ReadAction\",\"target\":[\"https:\/\/sadovodtk.ru\/assortiment\/modnaya-odezhda-brendy\/\"]}]},{\"@type\":\"BreadcrumbList\",\"@id\":\"https:\/\/sadovodtk.ru\/assortiment\/modnaya-odezhda-brendy\/#breadcrumb\",\"itemListElement\":[{\"@type\":\"ListItem\",\"position\":1,\"name\":\"\u0413\u043b\u0430\u0432\u043d\u0430\u044f \u0441\u0442\u0440\u0430\u043d\u0438\u0446\u0430\",\"item\":\"https:\/\/sadovodtk.ru\/\"},{\"@type\":\"ListItem\",\"position\":2,\"name\":\"\u0410\u0441\u0441\u043e\u0440\u0442\u0438\u043c\u0435\u043d\u0442\",\"item\":\"https:\/\/sadovodtk.ru\/assortiment\/\"},{\"@type\":\"ListItem\",\"position\":3,\"name\":\"\u041c\u043e\u0434\u043d\u0430\u044f \u043e\u0434\u0435\u0436\u0434\u0430\"}]},{\"@type\":\"WebSite\",\"@id\":\"https:\/\/sadovodtk.ru\/#website\",\"url\":\"https:\/\/sadovodtk.ru\/\",\"name\":\"\u0422\u041a \u0421\u0430\u0434\u043e\u0432\u043e\u0434\",\"description\":\"\",\"potentialAction\":[{\"@type\":\"SearchAction\",\"target\":{\"@type\":\"EntryPoint\",\"urlTemplate\":\"https:\/\/sadovodtk.ru\/?s={search_term_string}\"},\"query-input\":\"required name=search_term_string\"}],\"inLanguage\":\"tr\"}]}<\/script>\n<!-- \/ Yoast SEO plugin. -->","yoast_head_json":{"title":"\u041c\u043e\u0434\u043d\u0430\u044f \u043e\u0434\u0435\u0436\u0434\u0430 - \u0421\u0430\u0434\u043e\u0432\u043e\u0434","description":"\u0412\u0434\u043e\u0445\u043d\u043e\u0432\u0438\u0442\u044c\u0441\u044f \u0438 \u043f\u0440\u0438\u043e\u0431\u0440\u0435\u0441\u0442\u0438 \u0441\u0442\u0438\u043b\u044c\u043d\u044b\u0435 \u043e\u0431\u0440\u0430\u0437\u044b \u0432\u044b \u043c\u043e\u0436\u0435\u0442\u0435 \u043d\u0430 Fashion Street (\u043b\u0438\u043d\u0438\u044f 5), Loft Fashion (\u043b\u0438\u043d\u0438\u044f 14) \u0438 \u043c\u043e\u0434\u043d\u043e\u0439 \u043b\u0438\u043d\u0438\u0438 \u0432 \u043a\u043e\u0440\u043f\u0443\u0441\u0435 \u0411.","robots":{"index":"index","follow":"follow","max-snippet":"max-snippet:-1","max-image-preview":"max-image-preview:large","max-video-preview":"max-video-preview:-1"},"canonical":"https:\/\/sadovodtk.ru\/tr\/assortiment\/modnaya-odezhda-brendy\/","og_locale":"tr_TR","og_type":"article","og_title":"\u041c\u043e\u0434\u043d\u0430\u044f \u043e\u0434\u0435\u0436\u0434\u0430 - \u0421\u0430\u0434\u043e\u0432\u043e\u0434","og_description":"\u0412\u0434\u043e\u0445\u043d\u043e\u0432\u0438\u0442\u044c\u0441\u044f \u0438 \u043f\u0440\u0438\u043e\u0431\u0440\u0435\u0441\u0442\u0438 \u0441\u0442\u0438\u043b\u044c\u043d\u044b\u0435 \u043e\u0431\u0440\u0430\u0437\u044b \u0432\u044b \u043c\u043e\u0436\u0435\u0442\u0435 \u043d\u0430 Fashion Street (\u043b\u0438\u043d\u0438\u044f 5), Loft Fashion (\u043b\u0438\u043d\u0438\u044f 14) \u0438 \u043c\u043e\u0434\u043d\u043e\u0439 \u043b\u0438\u043d\u0438\u0438 \u0432 \u043a\u043e\u0440\u043f\u0443\u0441\u0435 \u0411.","og_url":"https:\/\/sadovodtk.ru\/tr\/assortiment\/modnaya-odezhda-brendy\/","og_site_name":"\u0421\u0430\u0434\u043e\u0432\u043e\u0434","article_modified_time":"2024-06-18T12:34:22+00:00","og_image":[{"width":1920,"height":1081,"url":"https:\/\/sadovodtk.ru\/wp-content\/uploads\/2023\/04\/89modnaya_liniya_sadovodtk.jpg","type":"image\/jpeg"}],"twitter_card":"summary_large_image","twitter_misc":{"Est. reading time":"1 dakika"},"schema":{"@context":"https:\/\/schema.org","@graph":[{"@type":"WebPage","@id":"https:\/\/sadovodtk.ru\/assortiment\/modnaya-odezhda-brendy\/","url":"https:\/\/sadovodtk.ru\/assortiment\/modnaya-odezhda-brendy\/","name":"\u041c\u043e\u0434\u043d\u0430\u044f \u043e\u0434\u0435\u0436\u0434\u0430 - \u0421\u0430\u0434\u043e\u0432\u043e\u0434","isPartOf":{"@id":"https:\/\/sadovodtk.ru\/#website"},"datePublished":"2023-01-13T07:22:19+00:00","dateModified":"2024-06-18T12:34:22+00:00","description":"\u0412\u0434\u043e\u0445\u043d\u043e\u0432\u0438\u0442\u044c\u0441\u044f \u0438 \u043f\u0440\u0438\u043e\u0431\u0440\u0435\u0441\u0442\u0438 \u0441\u0442\u0438\u043b\u044c\u043d\u044b\u0435 \u043e\u0431\u0440\u0430\u0437\u044b \u0432\u044b \u043c\u043e\u0436\u0435\u0442\u0435 \u043d\u0430 Fashion Street (\u043b\u0438\u043d\u0438\u044f 5), Loft Fashion (\u043b\u0438\u043d\u0438\u044f 14) \u0438 \u043c\u043e\u0434\u043d\u043e\u0439 \u043b\u0438\u043d\u0438\u0438 \u0432 \u043a\u043e\u0440\u043f\u0443\u0441\u0435 \u0411.","breadcrumb":{"@id":"https:\/\/sadovodtk.ru\/assortiment\/modnaya-odezhda-brendy\/#breadcrumb"},"inLanguage":"tr","potentialAction":[{"@type":"ReadAction","target":["https:\/\/sadovodtk.ru\/assortiment\/modnaya-odezhda-brendy\/"]}]},{"@type":"BreadcrumbList","@id":"https:\/\/sadovodtk.ru\/assortiment\/modnaya-odezhda-brendy\/#breadcrumb","itemListElement":[{"@type":"ListItem","position":1,"name":"\u0413\u043b\u0430\u0432\u043d\u0430\u044f \u0441\u0442\u0440\u0430\u043d\u0438\u0446\u0430","item":"https:\/\/sadovodtk.ru\/"},{"@type":"ListItem","position":2,"name":"\u0410\u0441\u0441\u043e\u0440\u0442\u0438\u043c\u0435\u043d\u0442","item":"https:\/\/sadovodtk.ru\/assortiment\/"},{"@type":"ListItem","position":3,"name":"\u041c\u043e\u0434\u043d\u0430\u044f \u043e\u0434\u0435\u0436\u0434\u0430"}]},{"@type":"WebSite","@id":"https:\/\/sadovodtk.ru\/#website","url":"https:\/\/sadovodtk.ru\/","name":"\u0422\u041a \u0421\u0430\u0434\u043e\u0432\u043e\u0434","description":"","potentialAction":[{"@type":"SearchAction","target":{"@type":"EntryPoint","urlTemplate":"https:\/\/sadovodtk.ru\/?s={search_term_string}"},"query-input":"required name=search_term_string"}],"inLanguage":"tr"}]}},"_links":{"self":[{"href":"https:\/\/sadovodtk.ru\/tr\/wp-json\/wp\/v2\/pages\/445"}],"collection":[{"href":"https:\/\/sadovodtk.ru\/tr\/wp-json\/wp\/v2\/pages"}],"about":[{"href":"https:\/\/sadovodtk.ru\/tr\/wp-json\/wp\/v2\/types\/page"}],"author":[{"embeddable":true,"href":"https:\/\/sadovodtk.ru\/tr\/wp-json\/wp\/v2\/users\/1"}],"replies":[{"embeddable":true,"href":"https:\/\/sadovodtk.ru\/tr\/wp-json\/wp\/v2\/comments?post=445"}],"version-history":[{"count":13,"href":"https:\/\/sadovodtk.ru\/tr\/wp-json\/wp\/v2\/pages\/445\/revisions"}],"predecessor-version":[{"id":9878,"href":"https:\/\/sadovodtk.ru\/tr\/wp-json\/wp\/v2\/pages\/445\/revisions\/9878"}],"up":[{"embeddable":true,"href":"https:\/\/sadovodtk.ru\/tr\/wp-json\/wp\/v2\/pages\/3605"}],"wp:featuredmedia":[{"embeddable":true,"href":"https:\/\/sadovodtk.ru\/tr\/wp-json\/wp\/v2\/media\/2426"}],"wp:attachment":[{"href":"https:\/\/sadovodtk.ru\/tr\/wp-json\/wp\/v2\/media?parent=445"}],"curies":[{"name":"wp","href":"https:\/\/api.w.org\/{rel}","templated":true}]}}