{"id":443,"date":"2023-01-13T10:21:57","date_gmt":"2023-01-13T07:21:57","guid":{"rendered":"http:\/\/local.sadovod.ru\/?p=443"},"modified":"2024-06-18T14:19:33","modified_gmt":"2024-06-18T11:19:33","slug":"muzhskaya-odezhda","status":"publish","type":"page","link":"https:\/\/sadovodtk.ru\/tr\/assortiment\/muzhskaya-odezhda\/","title":{"rendered":"Erkek giyim"},"content":{"rendered":"<div data-elementor-type=\"wp-page\" data-elementor-id=\"443\" class=\"elementor elementor-443\">\n\t\t\t\t\t\t\t\t\t<section class=\"has_eae_slider elementor-section elementor-top-section elementor-element elementor-element-6a4f1532 elementor-section-full_width elementor-section-height-default elementor-section-height-default wpr-particle-no wpr-jarallax-no wpr-parallax-no wpr-sticky-section-no\" data-id=\"6a4f1532\" data-element_type=\"section\">\n\t\t\t\t\t\t<div class=\"elementor-container elementor-column-gap-default\">\n\t\t\t\t\t<div class=\"has_eae_slider elementor-column elementor-col-100 elementor-top-column elementor-element elementor-element-72136afd\" data-id=\"72136afd\" data-element_type=\"column\">\n\t\t\t<div class=\"elementor-widget-wrap elementor-element-populated\">\n\t\t\t\t\t\t\t\t<div class=\"elementor-element elementor-element-3a2e66b elementor-widget elementor-widget-html\" data-id=\"3a2e66b\" data-element_type=\"widget\" data-widget_type=\"html.default\">\n\t\t\t\t<div class=\"elementor-widget-container\">\n\t\t\t\t\t\t<!-- Flexy Breadcrumb -->\r\n\t\t\t<div class=\"fbc fbc-page\">\r\n\r\n\t\t\t\t<!-- Breadcrumb wrapper -->\r\n\t\t\t\t<div class=\"fbc-wrap\">\r\n\r\n\t\t\t\t\t<!-- Ordered list-->\r\n\t\t\t\t\t<ol class=\"fbc-items\" itemscope itemtype=\"https:\/\/schema.org\/BreadcrumbList\">\r\n\t\t\t\t\t\t            <li itemprop=\"itemListElement\" itemscope itemtype=\"https:\/\/schema.org\/ListItem\">\r\n                <span itemprop=\"name\">\r\n                    <!-- Home Link -->\r\n                    <a itemprop=\"item\" href=\"https:\/\/sadovodtk.ru\">\r\n                    \r\n                        Ev                    <\/a>\r\n                <\/span>\r\n                <meta itemprop=\"position\" content=\"1\" \/><!-- Meta Position-->\r\n             <\/li><li><span class=\"fbc-separator\">\/<\/span><\/li><li class=\"active\" itemprop=\"itemListElement\" itemscope itemtype=\"https:\/\/schema.org\/ListItem\"><span itemprop=\"name\" title=\"Erkek giyim\">Erkek giyim<\/span><meta itemprop=\"position\" content=\"2\" \/><\/li>\t\t\t\t\t<\/ol>\r\n\t\t\t\t\t<div class=\"clearfix\"><\/div>\r\n\t\t\t\t<\/div>\r\n\t\t\t<\/div>\r\n\t\t\t\t\t<\/div>\n\t\t\t\t<\/div>\n\t\t\t\t\t<\/div>\n\t\t<\/div>\n\t\t\t\t\t\t\t<\/div>\n\t\t<\/section>\n\t\t\t\t<section class=\"has_eae_slider elementor-section elementor-top-section elementor-element elementor-element-29b15350 elementor-section-full_width elementor-section-height-default elementor-section-height-default wpr-particle-no wpr-jarallax-no wpr-parallax-no wpr-sticky-section-no\" data-id=\"29b15350\" data-element_type=\"section\">\n\t\t\t\t\t\t<div class=\"elementor-container elementor-column-gap-default\">\n\t\t\t\t\t<div class=\"has_eae_slider elementor-column elementor-col-50 elementor-top-column elementor-element elementor-element-1aae1e04\" data-id=\"1aae1e04\" data-element_type=\"column\">\n\t\t\t<div class=\"elementor-widget-wrap elementor-element-populated\">\n\t\t\t\t\t\t\t\t<div class=\"elementor-element elementor-element-1bb7c1c0 elementor-widget elementor-widget-image\" data-id=\"1bb7c1c0\" data-element_type=\"widget\" data-widget_type=\"image.default\">\n\t\t\t\t<div class=\"elementor-widget-container\">\n\t\t\t<style>\/*! elementor - v3.15.0 - 20-08-2023 *\/\n.elementor-widget-image{text-align:center}.elementor-widget-image a{display:inline-block}.elementor-widget-image a img[src$=\".svg\"]{width:48px}.elementor-widget-image img{vertical-align:middle;display:inline-block}<\/style>\t\t\t\t\t\t\t\t\t\t\t\t<img decoding=\"async\" width=\"1920\" height=\"1280\" src=\"https:\/\/sadovodtk.ru\/wp-content\/uploads\/2023\/03\/46korpusb_sadovodtk.jpg\" class=\"attachment-full size-full wp-image-1061\" alt=\"\" loading=\"lazy\" srcset=\"https:\/\/sadovodtk.ru\/wp-content\/uploads\/2023\/03\/46korpusb_sadovodtk.jpg 1920w, https:\/\/sadovodtk.ru\/wp-content\/uploads\/2023\/03\/46korpusb_sadovodtk-150x100.jpg 150w, https:\/\/sadovodtk.ru\/wp-content\/uploads\/2023\/03\/46korpusb_sadovodtk-1536x1024.jpg 1536w, https:\/\/sadovodtk.ru\/wp-content\/uploads\/2023\/03\/46korpusb_sadovodtk-300x200.jpg 300w, https:\/\/sadovodtk.ru\/wp-content\/uploads\/2023\/03\/46korpusb_sadovodtk-500x333.jpg 500w, https:\/\/sadovodtk.ru\/wp-content\/uploads\/2023\/03\/46korpusb_sadovodtk-769x513.jpg 769w, https:\/\/sadovodtk.ru\/wp-content\/uploads\/2023\/03\/46korpusb_sadovodtk-1024x683.jpg 1024w\" sizes=\"(max-width: 1920px) 100vw, 1920px\" \/>\t\t\t\t\t\t\t\t\t\t\t\t\t\t\t<\/div>\n\t\t\t\t<\/div>\n\t\t\t\t\t<\/div>\n\t\t<\/div>\n\t\t\t\t<div class=\"has_eae_slider elementor-column elementor-col-50 elementor-top-column elementor-element elementor-element-4c7db109\" data-id=\"4c7db109\" data-element_type=\"column\">\n\t\t\t<div class=\"elementor-widget-wrap elementor-element-populated\">\n\t\t\t\t\t\t\t\t<div class=\"elementor-element elementor-element-aa59062 elementor-widget elementor-widget-heading\" data-id=\"aa59062\" data-element_type=\"widget\" data-widget_type=\"heading.default\">\n\t\t\t\t<div class=\"elementor-widget-container\">\n\t\t\t<style>\/*! elementor - v3.15.0 - 20-08-2023 *\/\n.elementor-heading-title{padding:0;margin:0;line-height:1}.elementor-widget-heading .elementor-heading-title[class*=elementor-size-]>a{color:inherit;font-size:inherit;line-height:inherit}.elementor-widget-heading .elementor-heading-title.elementor-size-small{font-size:15px}.elementor-widget-heading .elementor-heading-title.elementor-size-medium{font-size:19px}.elementor-widget-heading .elementor-heading-title.elementor-size-large{font-size:29px}.elementor-widget-heading .elementor-heading-title.elementor-size-xl{font-size:39px}.elementor-widget-heading .elementor-heading-title.elementor-size-xxl{font-size:59px}<\/style><h2 class=\"elementor-heading-title elementor-size-default\">Erkek giyim<\/h2>\t\t<\/div>\n\t\t\t\t<\/div>\n\t\t\t\t<div class=\"elementor-element elementor-element-697eb893 elementor-widget elementor-widget-text-editor\" data-id=\"697eb893\" data-element_type=\"widget\" data-widget_type=\"text-editor.default\">\n\t\t\t\t<div class=\"elementor-widget-container\">\n\t\t\t<style>\/*! elementor - v3.15.0 - 20-08-2023 *\/\n.elementor-widget-text-editor.elementor-drop-cap-view-stacked .elementor-drop-cap{background-color:#69727d;color:#fff}.elementor-widget-text-editor.elementor-drop-cap-view-framed .elementor-drop-cap{color:#69727d;border:3px solid;background-color:transparent}.elementor-widget-text-editor:not(.elementor-drop-cap-view-default) .elementor-drop-cap{margin-top:8px}.elementor-widget-text-editor:not(.elementor-drop-cap-view-default) .elementor-drop-cap-letter{width:1em;height:1em}.elementor-widget-text-editor .elementor-drop-cap{float:left;text-align:center;line-height:1;font-size:50px}.elementor-widget-text-editor .elementor-drop-cap-letter{display:inline-block}<\/style>\t\t\t\t<p>Sat\u0131l\u0131k erkek giyim <b>A ve B binalar\u0131nda 5, 10, 14-22 numaral\u0131 hatlarda k\u0131yafet s\u0131ralar\u0131<\/b>. So\u011fuk mevsime y\u00f6nelik d\u0131\u015f giyim de \u201cPalto, K\u00fcrk ve Deri\u201d adl\u0131 \u00f6zel pavyonda sunuluyor.<br \/><br \/><\/p><p>Bir erke\u011fin gard\u0131robunun temeli i\u015f ve spor tak\u0131m elbise, kot pantolon ve pantolon, ti\u015f\u00f6rt ve g\u00f6mlek, ceket ve bal\u0131k\u00e7\u0131 yakalardan olu\u015fur.<\/p><p><br \/>Erkek giyiminde geleneksel renkler siyah, beyaz, gri, mavi, kahverengi ve haki olup temel bask\u0131lar \u00e7izgili ve karelidir. Ancak modern moda end\u00fcstrisi, her durum ve y\u0131l\u0131n herhangi bir d\u00f6nemi i\u00e7in \u00e7e\u015fitli se\u00e7enekler sunmaktad\u0131r.<\/p><p><br \/>Erkekler konfora ve rahatl\u0131\u011fa de\u011fer vermeye devam ediyor ancak art\u0131k parlak renklerden ve s\u0131ra d\u0131\u015f\u0131 kesimlerden korkmuyorlar. Sadovod al\u0131\u015fveri\u015f merkezindeki erkek giyim ma\u011fazalar\u0131, pratikli\u011fin \u015f\u0131k olabilece\u011fini kan\u0131tl\u0131yor. Bu kadar geni\u015f bir se\u00e7imle herkes, t\u00fcm gereksinimlerine ve isteklerine uygun k\u0131yafetleri bulabilir ve se\u00e7ebilir: resmi bir etkinlik veya i\u015f i\u00e7in klasik bir tak\u0131m elbiseden, deniz kenar\u0131nda y\u00fcr\u00fcy\u00fc\u015f i\u00e7in plaj \u015fortlar\u0131na kadar.<\/p><p><br \/>Ayr\u0131ca Sadovod al\u0131\u015fveri\u015f kompleksinde \u00e7ok \u00e7e\u015fitli erkek i\u00e7 \u00e7ama\u015f\u0131rlar\u0131, avc\u0131l\u0131k ve bal\u0131k\u00e7\u0131l\u0131k ekipmanlar\u0131, bornozlar, aksesuarlar bulunmaktad\u0131r: kravatlar, kemerler, saatler, g\u00f6zl\u00fckler, e\u015farplar, \u015fapkalar, eldivenler.<\/p><p><br \/>T\u00fcm \u00fcr\u00fcnler toptan ve perakende olarak sat\u0131lmaktad\u0131r.<\/p>\t\t\t\t\t\t<\/div>\n\t\t\t\t<\/div>\n\t\t\t\t<div class=\"elementor-element elementor-element-7c0f2041 elementor-icon-list--layout-traditional elementor-list-item-link-full_width elementor-widget elementor-widget-icon-list\" data-id=\"7c0f2041\" data-element_type=\"widget\" data-widget_type=\"icon-list.default\">\n\t\t\t\t<div class=\"elementor-widget-container\">\n\t\t\t<link rel=\"stylesheet\" href=\"https:\/\/sadovodtk.ru\/wp-content\/plugins\/elementor\/assets\/css\/widget-icon-list.min.css\">\t\t<ul class=\"elementor-icon-list-items\">\n\t\t\t\t\t\t\t<li class=\"elementor-icon-list-item\">\n\t\t\t\t\t\t\t\t\t\t\t<span class=\"elementor-icon-list-icon\">\n\t\t\t\t\t\t\t<i aria-hidden=\"true\" class=\"fas fa-check\"><\/i>\t\t\t\t\t\t<\/span>\n\t\t\t\t\t\t\t\t\t\t<span class=\"elementor-icon-list-text\">i\u015f elbisesi<\/span>\n\t\t\t\t\t\t\t\t\t<\/li>\n\t\t\t\t\t\t\t\t<li class=\"elementor-icon-list-item\">\n\t\t\t\t\t\t\t\t\t\t\t<span class=\"elementor-icon-list-icon\">\n\t\t\t\t\t\t\t<i aria-hidden=\"true\" class=\"fas fa-check\"><\/i>\t\t\t\t\t\t<\/span>\n\t\t\t\t\t\t\t\t\t\t<span class=\"elementor-icon-list-text\">pantolon ve kot pantolon<\/span>\n\t\t\t\t\t\t\t\t\t<\/li>\n\t\t\t\t\t\t\t\t<li class=\"elementor-icon-list-item\">\n\t\t\t\t\t\t\t\t\t\t\t<span class=\"elementor-icon-list-icon\">\n\t\t\t\t\t\t\t<i aria-hidden=\"true\" class=\"fas fa-check\"><\/i>\t\t\t\t\t\t<\/span>\n\t\t\t\t\t\t\t\t\t\t<span class=\"elementor-icon-list-text\">g\u00f6mlekler, ti\u015f\u00f6rtler, polo<\/span>\n\t\t\t\t\t\t\t\t\t<\/li>\n\t\t\t\t\t\t\t\t<li class=\"elementor-icon-list-item\">\n\t\t\t\t\t\t\t\t\t\t\t<span class=\"elementor-icon-list-icon\">\n\t\t\t\t\t\t\t<i aria-hidden=\"true\" class=\"fas fa-check\"><\/i>\t\t\t\t\t\t<\/span>\n\t\t\t\t\t\t\t\t\t\t<span class=\"elementor-icon-list-text\">ceketler, bal\u0131k\u00e7\u0131 yakalar, kazaklar<\/span>\n\t\t\t\t\t\t\t\t\t<\/li>\n\t\t\t\t\t\t\t\t<li class=\"elementor-icon-list-item\">\n\t\t\t\t\t\t\t\t\t\t\t<span class=\"elementor-icon-list-icon\">\n\t\t\t\t\t\t\t<i aria-hidden=\"true\" class=\"fas fa-check\"><\/i>\t\t\t\t\t\t<\/span>\n\t\t\t\t\t\t\t\t\t\t<span class=\"elementor-icon-list-text\">e\u015fofmanlar<\/span>\n\t\t\t\t\t\t\t\t\t<\/li>\n\t\t\t\t\t\t<\/ul>\n\t\t\t\t<\/div>\n\t\t\t\t<\/div>\n\t\t\t\t\t<\/div>\n\t\t<\/div>\n\t\t\t\t\t\t\t<\/div>\n\t\t<\/section>\n\t\t\t\t<section class=\"has_eae_slider elementor-section elementor-top-section elementor-element elementor-element-39c2bcaf elementor-section-full_width elementor-section-height-default elementor-section-height-default wpr-particle-no wpr-jarallax-no wpr-parallax-no wpr-sticky-section-no\" data-id=\"39c2bcaf\" data-element_type=\"section\">\n\t\t\t\t\t\t<div class=\"elementor-container elementor-column-gap-default\">\n\t\t\t\t\t<div class=\"has_eae_slider elementor-column elementor-col-100 elementor-top-column elementor-element elementor-element-12826a49\" data-id=\"12826a49\" data-element_type=\"column\">\n\t\t\t<div class=\"elementor-widget-wrap elementor-element-populated\">\n\t\t\t\t\t\t\t\t<div class=\"elementor-element elementor-element-7fa8394 elementor-widget elementor-widget-html\" data-id=\"7fa8394\" data-element_type=\"widget\" data-widget_type=\"html.default\">\n\t\t\t\t<div class=\"elementor-widget-container\">\n\t\t\t<div><div id=\"image-map-pro-3e44c064-3ced-4c4d-a0ce-99b4b50a6375\"><\/div><\/div>\t\t<\/div>\n\t\t\t\t<\/div>\n\t\t\t\t\t<\/div>\n\t\t<\/div>\n\t\t\t\t\t\t\t<\/div>\n\t\t<\/section>\n\t\t\t\t\t\t\t<\/div>","protected":false},"excerpt":{"rendered":"<p>Erkek giyim \u00fcr\u00fcnleri, A ve B binalar\u0131ndaki giyim reyonlar\u0131n\u0131n 5, 10 ve 14-22 numaral\u0131 raflar\u0131nda sat\u0131lmaktad\u0131r. So\u011fuk havalara uygun d\u0131\u015f giyim \u00fcr\u00fcnleri de \u00f6zel &quot;Paltolar, K\u00fcrkler ve Deri&quot; b\u00f6l\u00fcm\u00fcnde mevcuttur. Erkek gard\u0131robunun temelini i\u015f elbiseleri ve e\u015fofman tak\u0131mlar\u0131, kot pantolonlar ve pantolonlar, ti\u015f\u00f6rtler ve g\u00f6mlekler, ceketler ve bal\u0131k\u00e7\u0131 yaka kazaklar olu\u015fturur. Erkek giyiminde geleneksel renkler [\u2026]<\/p>","protected":false},"author":1,"featured_media":1060,"parent":3605,"menu_order":0,"comment_status":"closed","ping_status":"closed","template":"page-elementor.php","meta":[],"yoast_head":"<!-- This site is optimized with the Yoast SEO plugin v19.11 - https:\/\/yoast.com\/wordpress\/plugins\/seo\/ -->\n<title>\u041c\u0443\u0436\u0441\u043a\u0430\u044f \u043e\u0434\u0435\u0436\u0434\u0430 - \u0421\u0430\u0434\u043e\u0432\u043e\u0434<\/title>\n<meta name=\"description\" content=\"\u041c\u0443\u0436\u0441\u043a\u0430\u044f \u043e\u0434\u0435\u0436\u0434\u0430 \u043f\u0440\u043e\u0434\u0430\u0451\u0442\u0441\u044f \u043d\u0430 \u043b\u0438\u043d\u0438\u044f\u0445 5, 10, 14-22 \u0432\u0435\u0449\u0435\u0432\u044b\u0445 \u0440\u044f\u0434\u043e\u0432, \u0432 \u043a\u043e\u0440\u043f\u0443\u0441\u0430\u0445 \u0410 \u0438 \u0411. \u0412\u0435\u0440\u0445\u043d\u044f\u044f \u043e\u0434\u0435\u0436\u0434\u0430 \u0434\u043b\u044f \u0445\u043e\u043b\u043e\u0434\u043d\u043e\u0433\u043e \u0432\u0440\u0435\u043c\u0435\u043d\u0438 \u0433\u043e\u0434\u0430 \u043f\u0440\u0435\u0434\u0441\u0442\u0430\u0432\u043b\u0435\u043d\u0430 \u0442\u0430\u043a\u0436\u0435 \u0432 \u0441\u043f\u0435\u0446\u0438\u0430\u043b\u0438\u0437\u0438\u0440\u043e\u0432\u0430\u043d\u043d\u043e\u043c \u043f\u0430\u0432\u0438\u043b\u044c\u043e\u043d\u0435 \u00ab\u041f\u0430\u043b\u044c\u0442\u043e, \u043c\u0435\u0445\u0430 \u0438 \u043a\u043e\u0436\u0430\u00bb.\" \/>\n<meta name=\"robots\" content=\"index, follow, max-snippet:-1, max-image-preview:large, max-video-preview:-1\" \/>\n<link rel=\"canonical\" href=\"https:\/\/sadovodtk.ru\/tr\/assortiment\/muzhskaya-odezhda\/\" \/>\n<meta property=\"og:locale\" content=\"tr_TR\" \/>\n<meta property=\"og:type\" content=\"article\" \/>\n<meta property=\"og:title\" content=\"\u041c\u0443\u0436\u0441\u043a\u0430\u044f \u043e\u0434\u0435\u0436\u0434\u0430 - \u0421\u0430\u0434\u043e\u0432\u043e\u0434\" \/>\n<meta property=\"og:description\" content=\"\u041c\u0443\u0436\u0441\u043a\u0430\u044f \u043e\u0434\u0435\u0436\u0434\u0430 \u043f\u0440\u043e\u0434\u0430\u0451\u0442\u0441\u044f \u043d\u0430 \u043b\u0438\u043d\u0438\u044f\u0445 5, 10, 14-22 \u0432\u0435\u0449\u0435\u0432\u044b\u0445 \u0440\u044f\u0434\u043e\u0432, \u0432 \u043a\u043e\u0440\u043f\u0443\u0441\u0430\u0445 \u0410 \u0438 \u0411. \u0412\u0435\u0440\u0445\u043d\u044f\u044f \u043e\u0434\u0435\u0436\u0434\u0430 \u0434\u043b\u044f \u0445\u043e\u043b\u043e\u0434\u043d\u043e\u0433\u043e \u0432\u0440\u0435\u043c\u0435\u043d\u0438 \u0433\u043e\u0434\u0430 \u043f\u0440\u0435\u0434\u0441\u0442\u0430\u0432\u043b\u0435\u043d\u0430 \u0442\u0430\u043a\u0436\u0435 \u0432 \u0441\u043f\u0435\u0446\u0438\u0430\u043b\u0438\u0437\u0438\u0440\u043e\u0432\u0430\u043d\u043d\u043e\u043c \u043f\u0430\u0432\u0438\u043b\u044c\u043e\u043d\u0435 \u00ab\u041f\u0430\u043b\u044c\u0442\u043e, \u043c\u0435\u0445\u0430 \u0438 \u043a\u043e\u0436\u0430\u00bb.\" \/>\n<meta property=\"og:url\" content=\"https:\/\/sadovodtk.ru\/tr\/assortiment\/muzhskaya-odezhda\/\" \/>\n<meta property=\"og:site_name\" content=\"\u0421\u0430\u0434\u043e\u0432\u043e\u0434\" \/>\n<meta property=\"article:modified_time\" content=\"2024-06-18T11:19:33+00:00\" \/>\n<meta property=\"og:image\" content=\"https:\/\/sadovodtk.ru\/wp-content\/uploads\/2023\/03\/45korpusb_sadovodtk.jpg\" \/>\n\t<meta property=\"og:image:width\" content=\"1920\" \/>\n\t<meta property=\"og:image:height\" content=\"1080\" \/>\n\t<meta property=\"og:image:type\" content=\"image\/jpeg\" \/>\n<meta name=\"twitter:card\" content=\"summary_large_image\" \/>\n<meta name=\"twitter:label1\" content=\"Est. reading time\" \/>\n\t<meta name=\"twitter:data1\" content=\"2 dakika\" \/>\n<script type=\"application\/ld+json\" class=\"yoast-schema-graph\">{\"@context\":\"https:\/\/schema.org\",\"@graph\":[{\"@type\":\"WebPage\",\"@id\":\"https:\/\/sadovodtk.ru\/assortiment\/muzhskaya-odezhda\/\",\"url\":\"https:\/\/sadovodtk.ru\/assortiment\/muzhskaya-odezhda\/\",\"name\":\"\u041c\u0443\u0436\u0441\u043a\u0430\u044f \u043e\u0434\u0435\u0436\u0434\u0430 - \u0421\u0430\u0434\u043e\u0432\u043e\u0434\",\"isPartOf\":{\"@id\":\"https:\/\/sadovodtk.ru\/#website\"},\"datePublished\":\"2023-01-13T07:21:57+00:00\",\"dateModified\":\"2024-06-18T11:19:33+00:00\",\"description\":\"\u041c\u0443\u0436\u0441\u043a\u0430\u044f \u043e\u0434\u0435\u0436\u0434\u0430 \u043f\u0440\u043e\u0434\u0430\u0451\u0442\u0441\u044f \u043d\u0430 \u043b\u0438\u043d\u0438\u044f\u0445 5, 10, 14-22 \u0432\u0435\u0449\u0435\u0432\u044b\u0445 \u0440\u044f\u0434\u043e\u0432, \u0432 \u043a\u043e\u0440\u043f\u0443\u0441\u0430\u0445 \u0410 \u0438 \u0411. \u0412\u0435\u0440\u0445\u043d\u044f\u044f \u043e\u0434\u0435\u0436\u0434\u0430 \u0434\u043b\u044f \u0445\u043e\u043b\u043e\u0434\u043d\u043e\u0433\u043e \u0432\u0440\u0435\u043c\u0435\u043d\u0438 \u0433\u043e\u0434\u0430 \u043f\u0440\u0435\u0434\u0441\u0442\u0430\u0432\u043b\u0435\u043d\u0430 \u0442\u0430\u043a\u0436\u0435 \u0432 \u0441\u043f\u0435\u0446\u0438\u0430\u043b\u0438\u0437\u0438\u0440\u043e\u0432\u0430\u043d\u043d\u043e\u043c \u043f\u0430\u0432\u0438\u043b\u044c\u043e\u043d\u0435 \u00ab\u041f\u0430\u043b\u044c\u0442\u043e, \u043c\u0435\u0445\u0430 \u0438 \u043a\u043e\u0436\u0430\u00bb.\",\"breadcrumb\":{\"@id\":\"https:\/\/sadovodtk.ru\/assortiment\/muzhskaya-odezhda\/#breadcrumb\"},\"inLanguage\":\"tr\",\"potentialAction\":[{\"@type\":\"ReadAction\",\"target\":[\"https:\/\/sadovodtk.ru\/assortiment\/muzhskaya-odezhda\/\"]}]},{\"@type\":\"BreadcrumbList\",\"@id\":\"https:\/\/sadovodtk.ru\/assortiment\/muzhskaya-odezhda\/#breadcrumb\",\"itemListElement\":[{\"@type\":\"ListItem\",\"position\":1,\"name\":\"\u0413\u043b\u0430\u0432\u043d\u0430\u044f \u0441\u0442\u0440\u0430\u043d\u0438\u0446\u0430\",\"item\":\"https:\/\/sadovodtk.ru\/\"},{\"@type\":\"ListItem\",\"position\":2,\"name\":\"\u0410\u0441\u0441\u043e\u0440\u0442\u0438\u043c\u0435\u043d\u0442\",\"item\":\"https:\/\/sadovodtk.ru\/assortiment\/\"},{\"@type\":\"ListItem\",\"position\":3,\"name\":\"\u041c\u0443\u0436\u0441\u043a\u0430\u044f \u043e\u0434\u0435\u0436\u0434\u0430\"}]},{\"@type\":\"WebSite\",\"@id\":\"https:\/\/sadovodtk.ru\/#website\",\"url\":\"https:\/\/sadovodtk.ru\/\",\"name\":\"\u0422\u041a \u0421\u0430\u0434\u043e\u0432\u043e\u0434\",\"description\":\"\",\"potentialAction\":[{\"@type\":\"SearchAction\",\"target\":{\"@type\":\"EntryPoint\",\"urlTemplate\":\"https:\/\/sadovodtk.ru\/?s={search_term_string}\"},\"query-input\":\"required name=search_term_string\"}],\"inLanguage\":\"tr\"}]}<\/script>\n<!-- \/ Yoast SEO plugin. -->","yoast_head_json":{"title":"\u041c\u0443\u0436\u0441\u043a\u0430\u044f \u043e\u0434\u0435\u0436\u0434\u0430 - \u0421\u0430\u0434\u043e\u0432\u043e\u0434","description":"\u041c\u0443\u0436\u0441\u043a\u0430\u044f \u043e\u0434\u0435\u0436\u0434\u0430 \u043f\u0440\u043e\u0434\u0430\u0451\u0442\u0441\u044f \u043d\u0430 \u043b\u0438\u043d\u0438\u044f\u0445 5, 10, 14-22 \u0432\u0435\u0449\u0435\u0432\u044b\u0445 \u0440\u044f\u0434\u043e\u0432, \u0432 \u043a\u043e\u0440\u043f\u0443\u0441\u0430\u0445 \u0410 \u0438 \u0411. \u0412\u0435\u0440\u0445\u043d\u044f\u044f \u043e\u0434\u0435\u0436\u0434\u0430 \u0434\u043b\u044f \u0445\u043e\u043b\u043e\u0434\u043d\u043e\u0433\u043e \u0432\u0440\u0435\u043c\u0435\u043d\u0438 \u0433\u043e\u0434\u0430 \u043f\u0440\u0435\u0434\u0441\u0442\u0430\u0432\u043b\u0435\u043d\u0430 \u0442\u0430\u043a\u0436\u0435 \u0432 \u0441\u043f\u0435\u0446\u0438\u0430\u043b\u0438\u0437\u0438\u0440\u043e\u0432\u0430\u043d\u043d\u043e\u043c \u043f\u0430\u0432\u0438\u043b\u044c\u043e\u043d\u0435 \u00ab\u041f\u0430\u043b\u044c\u0442\u043e, \u043c\u0435\u0445\u0430 \u0438 \u043a\u043e\u0436\u0430\u00bb.","robots":{"index":"index","follow":"follow","max-snippet":"max-snippet:-1","max-image-preview":"max-image-preview:large","max-video-preview":"max-video-preview:-1"},"canonical":"https:\/\/sadovodtk.ru\/tr\/assortiment\/muzhskaya-odezhda\/","og_locale":"tr_TR","og_type":"article","og_title":"\u041c\u0443\u0436\u0441\u043a\u0430\u044f \u043e\u0434\u0435\u0436\u0434\u0430 - \u0421\u0430\u0434\u043e\u0432\u043e\u0434","og_description":"\u041c\u0443\u0436\u0441\u043a\u0430\u044f \u043e\u0434\u0435\u0436\u0434\u0430 \u043f\u0440\u043e\u0434\u0430\u0451\u0442\u0441\u044f \u043d\u0430 \u043b\u0438\u043d\u0438\u044f\u0445 5, 10, 14-22 \u0432\u0435\u0449\u0435\u0432\u044b\u0445 \u0440\u044f\u0434\u043e\u0432, \u0432 \u043a\u043e\u0440\u043f\u0443\u0441\u0430\u0445 \u0410 \u0438 \u0411. \u0412\u0435\u0440\u0445\u043d\u044f\u044f \u043e\u0434\u0435\u0436\u0434\u0430 \u0434\u043b\u044f \u0445\u043e\u043b\u043e\u0434\u043d\u043e\u0433\u043e \u0432\u0440\u0435\u043c\u0435\u043d\u0438 \u0433\u043e\u0434\u0430 \u043f\u0440\u0435\u0434\u0441\u0442\u0430\u0432\u043b\u0435\u043d\u0430 \u0442\u0430\u043a\u0436\u0435 \u0432 \u0441\u043f\u0435\u0446\u0438\u0430\u043b\u0438\u0437\u0438\u0440\u043e\u0432\u0430\u043d\u043d\u043e\u043c \u043f\u0430\u0432\u0438\u043b\u044c\u043e\u043d\u0435 \u00ab\u041f\u0430\u043b\u044c\u0442\u043e, \u043c\u0435\u0445\u0430 \u0438 \u043a\u043e\u0436\u0430\u00bb.","og_url":"https:\/\/sadovodtk.ru\/tr\/assortiment\/muzhskaya-odezhda\/","og_site_name":"\u0421\u0430\u0434\u043e\u0432\u043e\u0434","article_modified_time":"2024-06-18T11:19:33+00:00","og_image":[{"width":1920,"height":1080,"url":"https:\/\/sadovodtk.ru\/wp-content\/uploads\/2023\/03\/45korpusb_sadovodtk.jpg","type":"image\/jpeg"}],"twitter_card":"summary_large_image","twitter_misc":{"Est. reading time":"2 dakika"},"schema":{"@context":"https:\/\/schema.org","@graph":[{"@type":"WebPage","@id":"https:\/\/sadovodtk.ru\/assortiment\/muzhskaya-odezhda\/","url":"https:\/\/sadovodtk.ru\/assortiment\/muzhskaya-odezhda\/","name":"\u041c\u0443\u0436\u0441\u043a\u0430\u044f \u043e\u0434\u0435\u0436\u0434\u0430 - \u0421\u0430\u0434\u043e\u0432\u043e\u0434","isPartOf":{"@id":"https:\/\/sadovodtk.ru\/#website"},"datePublished":"2023-01-13T07:21:57+00:00","dateModified":"2024-06-18T11:19:33+00:00","description":"\u041c\u0443\u0436\u0441\u043a\u0430\u044f \u043e\u0434\u0435\u0436\u0434\u0430 \u043f\u0440\u043e\u0434\u0430\u0451\u0442\u0441\u044f \u043d\u0430 \u043b\u0438\u043d\u0438\u044f\u0445 5, 10, 14-22 \u0432\u0435\u0449\u0435\u0432\u044b\u0445 \u0440\u044f\u0434\u043e\u0432, \u0432 \u043a\u043e\u0440\u043f\u0443\u0441\u0430\u0445 \u0410 \u0438 \u0411. \u0412\u0435\u0440\u0445\u043d\u044f\u044f \u043e\u0434\u0435\u0436\u0434\u0430 \u0434\u043b\u044f \u0445\u043e\u043b\u043e\u0434\u043d\u043e\u0433\u043e \u0432\u0440\u0435\u043c\u0435\u043d\u0438 \u0433\u043e\u0434\u0430 \u043f\u0440\u0435\u0434\u0441\u0442\u0430\u0432\u043b\u0435\u043d\u0430 \u0442\u0430\u043a\u0436\u0435 \u0432 \u0441\u043f\u0435\u0446\u0438\u0430\u043b\u0438\u0437\u0438\u0440\u043e\u0432\u0430\u043d\u043d\u043e\u043c \u043f\u0430\u0432\u0438\u043b\u044c\u043e\u043d\u0435 \u00ab\u041f\u0430\u043b\u044c\u0442\u043e, \u043c\u0435\u0445\u0430 \u0438 \u043a\u043e\u0436\u0430\u00bb.","breadcrumb":{"@id":"https:\/\/sadovodtk.ru\/assortiment\/muzhskaya-odezhda\/#breadcrumb"},"inLanguage":"tr","potentialAction":[{"@type":"ReadAction","target":["https:\/\/sadovodtk.ru\/assortiment\/muzhskaya-odezhda\/"]}]},{"@type":"BreadcrumbList","@id":"https:\/\/sadovodtk.ru\/assortiment\/muzhskaya-odezhda\/#breadcrumb","itemListElement":[{"@type":"ListItem","position":1,"name":"\u0413\u043b\u0430\u0432\u043d\u0430\u044f \u0441\u0442\u0440\u0430\u043d\u0438\u0446\u0430","item":"https:\/\/sadovodtk.ru\/"},{"@type":"ListItem","position":2,"name":"\u0410\u0441\u0441\u043e\u0440\u0442\u0438\u043c\u0435\u043d\u0442","item":"https:\/\/sadovodtk.ru\/assortiment\/"},{"@type":"ListItem","position":3,"name":"\u041c\u0443\u0436\u0441\u043a\u0430\u044f \u043e\u0434\u0435\u0436\u0434\u0430"}]},{"@type":"WebSite","@id":"https:\/\/sadovodtk.ru\/#website","url":"https:\/\/sadovodtk.ru\/","name":"\u0422\u041a \u0421\u0430\u0434\u043e\u0432\u043e\u0434","description":"","potentialAction":[{"@type":"SearchAction","target":{"@type":"EntryPoint","urlTemplate":"https:\/\/sadovodtk.ru\/?s={search_term_string}"},"query-input":"required name=search_term_string"}],"inLanguage":"tr"}]}},"_links":{"self":[{"href":"https:\/\/sadovodtk.ru\/tr\/wp-json\/wp\/v2\/pages\/443"}],"collection":[{"href":"https:\/\/sadovodtk.ru\/tr\/wp-json\/wp\/v2\/pages"}],"about":[{"href":"https:\/\/sadovodtk.ru\/tr\/wp-json\/wp\/v2\/types\/page"}],"author":[{"embeddable":true,"href":"https:\/\/sadovodtk.ru\/tr\/wp-json\/wp\/v2\/users\/1"}],"replies":[{"embeddable":true,"href":"https:\/\/sadovodtk.ru\/tr\/wp-json\/wp\/v2\/comments?post=443"}],"version-history":[{"count":10,"href":"https:\/\/sadovodtk.ru\/tr\/wp-json\/wp\/v2\/pages\/443\/revisions"}],"predecessor-version":[{"id":9864,"href":"https:\/\/sadovodtk.ru\/tr\/wp-json\/wp\/v2\/pages\/443\/revisions\/9864"}],"up":[{"embeddable":true,"href":"https:\/\/sadovodtk.ru\/tr\/wp-json\/wp\/v2\/pages\/3605"}],"wp:featuredmedia":[{"embeddable":true,"href":"https:\/\/sadovodtk.ru\/tr\/wp-json\/wp\/v2\/media\/1060"}],"wp:attachment":[{"href":"https:\/\/sadovodtk.ru\/tr\/wp-json\/wp\/v2\/media?parent=443"}],"curies":[{"name":"wp","href":"https:\/\/api.w.org\/{rel}","templated":true}]}}